{"id":36931,"date":"2024-12-27T15:30:40","date_gmt":"2024-12-27T14:30:40","guid":{"rendered":"https:\/\/sportacademy.com\/product\/sport-transparency-index\/"},"modified":"2026-04-22T15:56:00","modified_gmt":"2026-04-22T13:56:00","slug":"sport-transparency-index","status":"publish","type":"product","link":"https:\/\/sportacademy.com\/pt-pt\/curso\/sport-transparency-index\/","title":{"rendered":"Sport Transparency Index"},"content":{"rendered":"<p>Melhora a governa\u00e7\u00e3o e a credibilidade da tua organiza\u00e7\u00e3o desportiva com o <strong>Curso do \u00cdndice de Transpar\u00eancia no Desporto &#8211; o teu<\/strong>guia definitivo para promover a transpar\u00eancia e a responsabilidade. Este curso online abrangente, cofinanciado pelo programa Erasmus+ da UE, fornece aos participantes as ferramentas e estrat\u00e9gias necess\u00e1rias para alcan\u00e7ar a excel\u00eancia na governa\u00e7\u00e3o. <\/p>\n","protected":false},"excerpt":{"rendered":"<p>Descobre os 15 indicadores essenciais que avaliam a transpar\u00eancia nas dimens\u00f5es organizacional, operacional e financeira. Atrav\u00e9s de m\u00f3dulos envolventes e estudos de casos reais, obter\u00e1s conhecimentos pr\u00e1ticos para elevar a pontua\u00e7\u00e3o de transpar\u00eancia da tua organiza\u00e7\u00e3o e promover pr\u00e1ticas de governa\u00e7\u00e3o sustent\u00e1veis. <\/p>\n","protected":false},"featured_media":37067,"template":"","meta":{"featured":"false","hide":"false"},"product_brand":[],"product_cat":[413],"product_tag":[],"school":[393],"language":[992],"instructors":[636,647,685,720,729,755],"entidades-certificadoras":[1353],"class_list":{"0":"post-36931","1":"product","2":"type-product","3":"status-publish","4":"has-post-thumbnail","6":"product_cat-governacao-nas-organizacoes-desportivas","7":"school-governacao-e-diplomacia","8":"language-english-pt-pt","9":"instructors-antonio-silva-phd-pt-pt","10":"instructors-dimosthenis-dimopoulos-pt-pt","11":"instructors-joao-jorge-pt-pt","12":"instructors-panos-papageorgiou-pt-pt","13":"instructors-philipp-reisner-pt-pt","14":"instructors-silvia-da-costa-pt-pt","15":"entidades-certificadoras-sti","17":"first","18":"instock","19":"virtual","20":"sold-individually","21":"taxable","22":"purchasable","23":"product-type-simple"},"_links":{"self":[{"href":"https:\/\/sportacademy.com\/pt-pt\/wp-json\/wp\/v2\/product\/36931","targetHints":{"allow":["GET"]}}],"collection":[{"href":"https:\/\/sportacademy.com\/pt-pt\/wp-json\/wp\/v2\/product"}],"about":[{"href":"https:\/\/sportacademy.com\/pt-pt\/wp-json\/wp\/v2\/types\/product"}],"version-history":[{"count":1,"href":"https:\/\/sportacademy.com\/pt-pt\/wp-json\/wp\/v2\/product\/36931\/revisions"}],"predecessor-version":[{"id":38753,"href":"https:\/\/sportacademy.com\/pt-pt\/wp-json\/wp\/v2\/product\/36931\/revisions\/38753"}],"wp:featuredmedia":[{"embeddable":true,"href":"https:\/\/sportacademy.com\/pt-pt\/wp-json\/wp\/v2\/media\/37067"}],"wp:attachment":[{"href":"https:\/\/sportacademy.com\/pt-pt\/wp-json\/wp\/v2\/media?parent=36931"}],"wp:term":[{"taxonomy":"product_brand","embeddable":true,"href":"https:\/\/sportacademy.com\/pt-pt\/wp-json\/wp\/v2\/product_brand?post=36931"},{"taxonomy":"product_cat","embeddable":true,"href":"https:\/\/sportacademy.com\/pt-pt\/wp-json\/wp\/v2\/product_cat?post=36931"},{"taxonomy":"product_tag","embeddable":true,"href":"https:\/\/sportacademy.com\/pt-pt\/wp-json\/wp\/v2\/product_tag?post=36931"},{"taxonomy":"school","embeddable":true,"href":"https:\/\/sportacademy.com\/pt-pt\/wp-json\/wp\/v2\/school?post=36931"},{"taxonomy":"language","embeddable":true,"href":"https:\/\/sportacademy.com\/pt-pt\/wp-json\/wp\/v2\/language?post=36931"},{"taxonomy":"instructors","embeddable":true,"href":"https:\/\/sportacademy.com\/pt-pt\/wp-json\/wp\/v2\/instructors?post=36931"},{"taxonomy":"entidades-certificadoras","embeddable":true,"href":"https:\/\/sportacademy.com\/pt-pt\/wp-json\/wp\/v2\/entidades-certificadoras?post=36931"}],"curies":[{"name":"wp","href":"https:\/\/api.w.org\/{rel}","templated":true}]}}