{"id":36662,"date":"2024-12-02T16:39:38","date_gmt":"2024-12-02T15:39:38","guid":{"rendered":"https:\/\/sportacademy.com\/product\/active-ageing-strategies-for-municipalities\/"},"modified":"2026-04-22T16:00:20","modified_gmt":"2026-04-22T14:00:20","slug":"active-ageing-strategies-for-municipalities","status":"publish","type":"product","link":"https:\/\/sportacademy.com\/pt-pt\/curso\/active-ageing-strategies-for-municipalities\/","title":{"rendered":"Active Ageing Strategies for Municipalities"},"content":{"rendered":"<p data-pm-slice=\"1 1 []\">Ao integrar os resultados destas diversas fontes, este curso visa fornecer uma vis\u00e3o abrangente de como as interven\u00e7\u00f5es digitais podem ser optimizadas para apoiar a atividade f\u00edsica em adultos mais velhos. Os conhecimentos adquiridos servir\u00e3o de base ao desenvolvimento e implementa\u00e7\u00e3o do projeto EUAPPTIVE, melhorando, em \u00faltima an\u00e1lise, a sa\u00fade e o bem-estar desta popula\u00e7\u00e3o em crescimento. <\/p>\n<p data-start=\"304\" data-end=\"711\">Apoia um envelhecimento mais saud\u00e1vel e ativo na tua comunidade com este curso dirigido por especialistas e concebido especificamente para os munic\u00edpios. <strong data-start=\"430\" data-end=\"479\">\u201cEstrat\u00e9gias de Envelhecimento Ativo para os Munic\u00edpios\u201d<\/strong> faz parte do <strong data-start=\"495\" data-end=\"516\">projeto EUAPPTIVE<\/strong>, uma iniciativa financiada pela Comiss\u00e3o Europeia centrada na utiliza\u00e7\u00e3o de <strong data-start=\"575\" data-end=\"599\">ferramentas digitais de sa\u00fade &#8211; como<\/strong>aplica\u00e7\u00f5es m\u00f3veis, wearables e plataformas de fitness online &#8211; para aumentar a <strong data-start=\"670\" data-end=\"710\">atividade f\u00edsica entre os adultos mais velhos<\/strong>.<\/p>\n","protected":false},"excerpt":{"rendered":"<p data-pm-slice=\"1 1 []\">Ajuda os adultos mais velhos da tua comunidade a manterem-se activos e independentes com este curso pr\u00e1tico do <strong data-start=\"201\" data-end=\"232\">projeto EUAPPTIVE, financiado pela UE<\/strong>. Aprende a utilizar <strong data-start=\"251\" data-end=\"268\">ferramentas digitais &#8211; aplica\u00e7\u00f5es<\/strong>, wearables e programas online &#8211; para promover a <strong data-start=\"317\" data-end=\"357\">atividade f\u00edsica entre os adultos mais velhos<\/strong>. Descobre estrat\u00e9gias comprovadas, organiza grupos de discuss\u00e3o locais e concebe interven\u00e7\u00f5es de sa\u00fade digitais eficazes e personalizadas.  <\/p>\n","protected":false},"featured_media":36935,"template":"","meta":{"featured":"false","hide":"false"},"product_brand":[],"product_cat":[348],"product_tag":[],"school":[349],"language":[992],"instructors":[661,668,688,532,723,743],"entidades-certificadoras":[275,1269],"class_list":{"0":"post-36662","1":"product","2":"type-product","3":"status-publish","4":"has-post-thumbnail","6":"product_cat-estilos-de-vida-saudaveis","7":"school-saude-e-atividade-fisica","8":"language-english-pt-pt","9":"instructors-hugo-alonso-pt-pt","10":"instructors-ilaria-marcella-piccinini-pt-pt","11":"instructors-julia-fernandez-valdes-pt-pt","12":"instructors-marcos-lopez-flores-phd","13":"instructors-paolo-caserotti-pt-pt","14":"instructors-ricardo-peneda-pt-pt","15":"entidades-certificadoras-z-eunik","16":"entidades-certificadoras-sport-innovation-hub","18":"first","19":"instock","20":"virtual","21":"sold-individually","22":"taxable","23":"purchasable","24":"product-type-simple"},"_links":{"self":[{"href":"https:\/\/sportacademy.com\/pt-pt\/wp-json\/wp\/v2\/product\/36662","targetHints":{"allow":["GET"]}}],"collection":[{"href":"https:\/\/sportacademy.com\/pt-pt\/wp-json\/wp\/v2\/product"}],"about":[{"href":"https:\/\/sportacademy.com\/pt-pt\/wp-json\/wp\/v2\/types\/product"}],"version-history":[{"count":1,"href":"https:\/\/sportacademy.com\/pt-pt\/wp-json\/wp\/v2\/product\/36662\/revisions"}],"predecessor-version":[{"id":38755,"href":"https:\/\/sportacademy.com\/pt-pt\/wp-json\/wp\/v2\/product\/36662\/revisions\/38755"}],"wp:featuredmedia":[{"embeddable":true,"href":"https:\/\/sportacademy.com\/pt-pt\/wp-json\/wp\/v2\/media\/36935"}],"wp:attachment":[{"href":"https:\/\/sportacademy.com\/pt-pt\/wp-json\/wp\/v2\/media?parent=36662"}],"wp:term":[{"taxonomy":"product_brand","embeddable":true,"href":"https:\/\/sportacademy.com\/pt-pt\/wp-json\/wp\/v2\/product_brand?post=36662"},{"taxonomy":"product_cat","embeddable":true,"href":"https:\/\/sportacademy.com\/pt-pt\/wp-json\/wp\/v2\/product_cat?post=36662"},{"taxonomy":"product_tag","embeddable":true,"href":"https:\/\/sportacademy.com\/pt-pt\/wp-json\/wp\/v2\/product_tag?post=36662"},{"taxonomy":"school","embeddable":true,"href":"https:\/\/sportacademy.com\/pt-pt\/wp-json\/wp\/v2\/school?post=36662"},{"taxonomy":"language","embeddable":true,"href":"https:\/\/sportacademy.com\/pt-pt\/wp-json\/wp\/v2\/language?post=36662"},{"taxonomy":"instructors","embeddable":true,"href":"https:\/\/sportacademy.com\/pt-pt\/wp-json\/wp\/v2\/instructors?post=36662"},{"taxonomy":"entidades-certificadoras","embeddable":true,"href":"https:\/\/sportacademy.com\/pt-pt\/wp-json\/wp\/v2\/entidades-certificadoras?post=36662"}],"curies":[{"name":"wp","href":"https:\/\/api.w.org\/{rel}","templated":true}]}}