{"id":34810,"date":"2024-09-19T10:20:22","date_gmt":"2024-09-19T08:20:22","guid":{"rendered":"https:\/\/sportacademy.com\/course\/atletas-oradores\/"},"modified":"2025-06-19T09:00:42","modified_gmt":"2025-06-19T07:00:42","slug":"atletas-oradores","status":"publish","type":"product","link":"https:\/\/sportacademy.com\/pt-pt\/curso\/atletas-oradores\/","title":{"rendered":"Athletes Speakers"},"content":{"rendered":"<p>O curso Athletes Speakers \u00e9 um programa educativo feito \u00e0 medida, dedicado a capacitar os atletas, melhorando as suas capacidades de comunica\u00e7\u00e3o. O Athletes Speakers oferece um conjunto abrangente de aulas em v\u00eddeo e materiais que abrangem t\u00e9cnicas de apresenta\u00e7\u00e3o, falar em p\u00fablico, contar hist\u00f3rias, comunica\u00e7\u00e3o n\u00e3o-verbal, linguagem eficaz e outros. <\/p>\n<p>Este curso faz parte do projeto &#8220;Athletes Speakers&#8221;, financiado pela Uni\u00e3o Europeia. No entanto, os pontos de vista e opini\u00f5es expressos s\u00e3o apenas os dos autores e n\u00e3o reflectem necessariamente os da Uni\u00e3o Europeia ou da EACEA. Nem a Uni\u00e3o Europeia nem a entidade financiadora podem ser responsabilizadas por elas.  <\/p>\n","protected":false},"excerpt":{"rendered":"<p>O curso Athletes Speakers \u00e9 um programa educativo feito \u00e0 medida, dedicado a capacitar os atletas, melhorando as suas capacidades de comunica\u00e7\u00e3o. O Athletes Speakers oferece um conjunto abrangente de aulas em v\u00eddeo e materiais que abrangem t\u00e9cnicas de apresenta\u00e7\u00e3o, falar em p\u00fablico, contar hist\u00f3rias, comunica\u00e7\u00e3o n\u00e3o-verbal, linguagem eficaz e outros. <\/p>\n","protected":false},"featured_media":37009,"template":"","meta":{"featured":"true","hide":"false"},"product_brand":[],"product_cat":[406],"product_tag":[],"school":[391],"language":[992],"instructors":[405],"entidades-certificadoras":[284,275,278,281],"class_list":{"0":"post-34810","1":"product","2":"type-product","3":"status-publish","4":"has-post-thumbnail","6":"product_cat-marketing-desportivo-e-comunicacao","7":"school-gestao-e-sustentabilidade","8":"language-english-pt-pt","9":"instructors-carla-rocha-pt-pt","10":"entidades-certificadoras-champions-factory","11":"entidades-certificadoras-z-eunik","12":"entidades-certificadoras-1-olympic-committee-of-north-macedonia","13":"entidades-certificadoras-sport-evolution-alliance","15":"first","16":"instock","17":"virtual","18":"sold-individually","19":"taxable","20":"purchasable","21":"product-type-simple"},"_links":{"self":[{"href":"https:\/\/sportacademy.com\/pt-pt\/wp-json\/wp\/v2\/product\/34810","targetHints":{"allow":["GET"]}}],"collection":[{"href":"https:\/\/sportacademy.com\/pt-pt\/wp-json\/wp\/v2\/product"}],"about":[{"href":"https:\/\/sportacademy.com\/pt-pt\/wp-json\/wp\/v2\/types\/product"}],"version-history":[{"count":1,"href":"https:\/\/sportacademy.com\/pt-pt\/wp-json\/wp\/v2\/product\/34810\/revisions"}],"predecessor-version":[{"id":36767,"href":"https:\/\/sportacademy.com\/pt-pt\/wp-json\/wp\/v2\/product\/34810\/revisions\/36767"}],"wp:featuredmedia":[{"embeddable":true,"href":"https:\/\/sportacademy.com\/pt-pt\/wp-json\/wp\/v2\/media\/37009"}],"wp:attachment":[{"href":"https:\/\/sportacademy.com\/pt-pt\/wp-json\/wp\/v2\/media?parent=34810"}],"wp:term":[{"taxonomy":"product_brand","embeddable":true,"href":"https:\/\/sportacademy.com\/pt-pt\/wp-json\/wp\/v2\/product_brand?post=34810"},{"taxonomy":"product_cat","embeddable":true,"href":"https:\/\/sportacademy.com\/pt-pt\/wp-json\/wp\/v2\/product_cat?post=34810"},{"taxonomy":"product_tag","embeddable":true,"href":"https:\/\/sportacademy.com\/pt-pt\/wp-json\/wp\/v2\/product_tag?post=34810"},{"taxonomy":"school","embeddable":true,"href":"https:\/\/sportacademy.com\/pt-pt\/wp-json\/wp\/v2\/school?post=34810"},{"taxonomy":"language","embeddable":true,"href":"https:\/\/sportacademy.com\/pt-pt\/wp-json\/wp\/v2\/language?post=34810"},{"taxonomy":"instructors","embeddable":true,"href":"https:\/\/sportacademy.com\/pt-pt\/wp-json\/wp\/v2\/instructors?post=34810"},{"taxonomy":"entidades-certificadoras","embeddable":true,"href":"https:\/\/sportacademy.com\/pt-pt\/wp-json\/wp\/v2\/entidades-certificadoras?post=34810"}],"curies":[{"name":"wp","href":"https:\/\/api.w.org\/{rel}","templated":true}]}}