{"id":41909,"date":"2025-07-10T10:40:48","date_gmt":"2025-07-10T08:40:48","guid":{"rendered":"https:\/\/sportacademy.com\/payment-policy\/"},"modified":"2026-04-17T17:13:26","modified_gmt":"2026-04-17T15:13:26","slug":"payment-policy","status":"publish","type":"page","link":"https:\/\/sportacademy.com\/pt-pt\/payment-policy\/","title":{"rendered":"Pol\u00edtica de Pagamentos"},"content":{"rendered":"\t\t<div data-elementor-type=\"wp-page\" data-elementor-id=\"41909\" class=\"elementor elementor-41909 elementor-39105\" data-elementor-post-type=\"page\">\n\t\t\t\t<div class=\"elementor-element elementor-element-f446508 e-flex e-con-boxed e-con e-parent\" data-id=\"f446508\" data-element_type=\"container\" data-e-type=\"container\" data-settings=\"{&quot;jet_parallax_layout_list&quot;:[]}\">\n\t\t\t\t\t<div class=\"e-con-inner\">\n\t\t\t\t<div class=\"elementor-element elementor-element-93946e3 elementor-widget elementor-widget-heading\" data-id=\"93946e3\" data-element_type=\"widget\" data-e-type=\"widget\" data-widget_type=\"heading.default\">\n\t\t\t\t<div class=\"elementor-widget-container\">\n\t\t\t\t\t<h1 class=\"elementor-heading-title elementor-size-default\">Pol\u00edtica de Pagamentos<\/h1>\t\t\t\t<\/div>\n\t\t\t\t<\/div>\n\t\t\t\t<div class=\"elementor-element elementor-element-cf181cf elementor-widget__width-initial elementor-widget elementor-widget-text-editor\" data-id=\"cf181cf\" data-element_type=\"widget\" data-e-type=\"widget\" data-widget_type=\"text-editor.default\">\n\t\t\t\t<div class=\"elementor-widget-container\">\n\t\t\t\t\t\t\t\t\t<p>A Sport Academy Education &amp; Training SL (Sport Academy) oferece servi\u00e7os de aprendizagem pagos (por exemplo, acesso a determinados cursos) e produtos (por exemplo, certificados) mediante o pagamento de uma taxa. Salvo indica\u00e7\u00e3o em contr\u00e1rio, todas as taxas s\u00e3o expressas em EUROS (\u20ac) e n\u00e3o s\u00e3o reembols\u00e1veis, exceto nos casos previstos na nossa Pol\u00edtica de Reembolso ou conforme exigido por lei. \u00c9 da sua responsabilidade pagar todas as taxas cobradas pela ou em nome da Sport Academy e os impostos aplic\u00e1veis em tempo \u00fatil, atrav\u00e9s de um mecanismo de pagamento associado aos Servi\u00e7os pagos aplic\u00e1veis. Antes de efetuar qualquer pagamento, ter\u00e1 a oportunidade de rever e aceitar as taxas que lhe ser\u00e3o cobradas e, conforme aplic\u00e1vel, quaisquer outros termos e condi\u00e7\u00f5es associados \u00e0 sua compra (por exemplo, datas de validade dos direitos de acesso aos cursos). Se o seu m\u00e9todo de pagamento falhar ou a sua conta estiver em atraso, poderemos cobrar as taxas utilizando outros mecanismos de cobran\u00e7a. As taxas podem variar consoante a sua localiza\u00e7\u00e3o e outros fatores, e a Sport Academy reserva-se o direito de alterar quaisquer taxas a qualquer momento, a seu exclusivo crit\u00e9rio. Qualquer altera\u00e7\u00e3o, atualiza\u00e7\u00e3o ou modifica\u00e7\u00e3o entrar\u00e1 em vigor imediatamente ap\u00f3s a sua publica\u00e7\u00e3o atrav\u00e9s dos Servi\u00e7os relevantes.<br>      <\/p><h2><strong>FORMAS DE PAGAMENTO<\/strong><\/h2><p>O processo de compra pode ser efetuado com cart\u00e3o de d\u00e9bito ou cr\u00e9dito, Apple Pay, Google Pay ou PayPal, atrav\u00e9s do nosso sistema de PDV virtual gerido pela Redsys. Se efetuar o pagamento com cart\u00e3o de cr\u00e9dito, a Sport Academy poder\u00e1 solicitar uma pr\u00e9-autoriza\u00e7\u00e3o da sua conta de cart\u00e3o de cr\u00e9dito antes da compra, para verificar se o cart\u00e3o \u00e9 v\u00e1lido e se disp\u00f5e dos fundos ou do cr\u00e9dito necess\u00e1rios para cobrir a sua compra. <\/p><p>Os pre\u00e7os aplic\u00e1veis a cada produto s\u00e3o os indicados no site na data em que efetuar a encomenda, salvo erros tipogr\u00e1ficos. Os pre\u00e7os indicados para cada servi\u00e7o ou produto incluem o IVA aplic\u00e1vel. <\/p><p>A Sport Academy reserva-se o direito de efetuar quaisquer altera\u00e7\u00f5es que considere adequadas, a qualquer momento e sem aviso pr\u00e9vio, podendo atualizar funcionalidades, produtos e pre\u00e7os.<\/p><p>Ao efetuar uma compra, concorda em n\u00e3o utilizar um m\u00e9todo de pagamento inv\u00e1lido ou n\u00e3o autorizado. Caso ocorra um erro no seu m\u00e9todo de pagamento, mas ainda assim obtenha acesso ao conte\u00fado ao qual se inscreveu, concorda em pagar-nos as taxas aplic\u00e1veis no prazo de 30 dias ap\u00f3s receber a nossa notifica\u00e7\u00e3o. Reservamo-nos o direito de desativar o acesso a qualquer conte\u00fado para o qual n\u00e3o tenhamos recebido pagamento. Se n\u00e3o for poss\u00edvel processar o pagamento utilizando o m\u00e9todo de pagamento que temos registado para si ou se solicitar um reembolso contestado de cobran\u00e7as efetuadas atrav\u00e9s do seu m\u00e9todo de pagamento e este for concedido, poderemos suspender ou cancelar a sua conta.   <\/p><p>Para obter mais informa\u00e7\u00f5es sobre as nossas pol\u00edticas de reembolso e cancelamento, consulte as informa\u00e7\u00f5es abaixo. Tenha em aten\u00e7\u00e3o que as nossas pol\u00edticas podem variar consoante a oferta, e as op\u00e7\u00f5es de pagamento podem diferir. Tenha tamb\u00e9m em aten\u00e7\u00e3o que levamos muito a s\u00e9rio as viola\u00e7\u00f5es dos nossos Termos de Utiliza\u00e7\u00e3o e n\u00e3o temos qualquer obriga\u00e7\u00e3o de oferecer reembolsos aos utilizadores que violem estas ou outras pol\u00edticas da Sport Academy, mesmo que os seus pedidos sejam feitos dentro do per\u00edodo de reembolso designado. Da mesma forma, n\u00e3o temos qualquer obriga\u00e7\u00e3o de oferecer reembolsos tardios aos utilizadores que n\u00e3o obtenham uma nota de aprova\u00e7\u00e3o numa Oferta de Conte\u00fado ou que, por qualquer outro motivo, n\u00e3o estejam satisfeitos com a sua nota final.   <\/p><h2><strong>Reembolsos em geral<\/strong><\/h2><p>A Sport Academy n\u00e3o oferece reembolsos por pagamentos efetuados relativos a quaisquer servi\u00e7os ou produtos faturados diretamente a empresas, entidades governamentais ou grupos de estudantes. Salvo nos casos descritos na presente Pol\u00edtica de Reembolso ou conforme explicitamente indicado no \u00e2mbito do processo de contrata\u00e7\u00e3o de um Servi\u00e7o, a Sport Academy n\u00e3o tem qualquer obriga\u00e7\u00e3o de conceder reembolsos ou vouchers relativamente a quaisquer outros Servi\u00e7os. <\/p><p><strong>Reembolsos relativos a certificados:<\/strong><\/p><p><strong>Cursos Gratuitos<\/strong><\/p><p><strong>Cursos Premium<\/strong><\/p><p><strong>P\u00f3s-gradua\u00e7\u00e3o<\/strong><\/p><p><strong>Especializa\u00e7\u00f5es<\/strong><\/p><p><strong>Executive Education<\/strong><\/p><p><strong>Mestrados<\/strong><\/p><p><strong>MBA<\/strong><\/p><p><strong>Percursos de aprendizagem<\/strong><\/p><p><strong>Ofertas promocionais<\/strong><\/p><p><strong>Direito de rescis\u00e3o dos utilizadores europeus<\/strong><\/p><h3><strong>Reembolsos relativos a certificados:<\/strong><\/h3><p>Se n\u00e3o obtiver o certificado de conclus\u00e3o no prazo de 180 dias ap\u00f3s a inscri\u00e7\u00e3o num MOOC, a sua inscri\u00e7\u00e3o caducar\u00e1 e ter\u00e1 de pagar para se inscrever novamente no MOOC, a fim de o concluir e obter o certificado de conclus\u00e3o.<\/p><p>Na maioria dos casos, se pagar por um Certificado de Curso, pode solicitar um reembolso no prazo de 2 semanas (14 dias) ap\u00f3s o pagamento. Se pagar por um Certificado de Curso ao pr\u00e9-inscrever-se num curso que ainda n\u00e3o est\u00e1 dispon\u00edvel, o seu per\u00edodo de reembolso de duas semanas come\u00e7a na data de in\u00edcio do curso. Depois de obter o seu Certificado, j\u00e1 n\u00e3o tem direito a reembolso, mesmo que obtenha o Certificado dentro do per\u00edodo de reembolso de duas semanas.<br>  <\/p><h3><strong>Cursos Gratuitos<\/strong><\/h3><p>Os cursos gratuitos est\u00e3o isentos de taxas de inscri\u00e7\u00e3o. No entanto, alguns deles podem ter uma op\u00e7\u00e3o de certificado pago ap\u00f3s a conclus\u00e3o do curso. Uma vez que decida adquirir o certificado pago, n\u00e3o ser\u00e1 emitido qualquer reembolso.  <\/p><h3><strong>Cursos Premium<\/strong><\/h3><p>Na maioria dos casos, se efetuar o pagamento de uma inscri\u00e7\u00e3o num Curso Premium, pode solicitar um reembolso no prazo de 2 semanas (14 dias) ap\u00f3s o pagamento. Se efetuar o pagamento de um Curso Premium ao pr\u00e9-inscrever-se num curso que ainda n\u00e3o est\u00e1 dispon\u00edvel, o prazo de reembolso de duas semanas come\u00e7a na data de in\u00edcio do curso. <\/p><p>Quando efetua o pagamento de um curso, o seu acesso expira 180 dias ap\u00f3s a data do pagamento ou 180 dias ap\u00f3s a data de in\u00edcio do curso, consoante o que ocorrer mais tarde. Durante este per\u00edodo de 180 dias, pode realizar o curso uma ou v\u00e1rias vezes, dependendo da descri\u00e7\u00e3o do curso definida pela Sport Academy ou pela(s) institui\u00e7\u00e3o(\u00f5es) certificadora(s). <\/p><p>Esta pol\u00edtica de validade pode variar consoante o curso. Consulte a p\u00e1gina de informa\u00e7\u00f5es do seu curso e o e-mail de confirma\u00e7\u00e3o de pagamento para verificar se existem exce\u00e7\u00f5es. <\/p><p>Depois de obter o certificado de um curso Premium, j\u00e1 n\u00e3o ter\u00e1 direito a reembolso, mesmo que o tenha obtido dentro do prazo de reembolso de duas semanas. Se n\u00e3o obtiver o certificado do curso no prazo de 180 dias, a sua inscri\u00e7\u00e3o expirar\u00e1 e ter\u00e1 de pagar para se inscrever novamente no curso. <\/p><h3><strong>P\u00f3s-gradua\u00e7\u00f5es<\/strong><\/h3><p>Salvo indica\u00e7\u00e3o em contr\u00e1rio durante o processo de inscri\u00e7\u00e3o, disp\u00f5e de um ano ap\u00f3s a inscri\u00e7\u00e3o num curso de p\u00f3s-gradua\u00e7\u00e3o para o concluir, ou pelo prazo indicado no programa do curso.<\/p><h3><strong>Especializa\u00e7\u00f5es<\/strong><\/h3><p>Salvo indica\u00e7\u00e3o em contr\u00e1rio durante o processo de inscri\u00e7\u00e3o, disp\u00f5e de um ano ap\u00f3s a inscri\u00e7\u00e3o numa Especializa\u00e7\u00e3o para a concluir, ou pelo prazo indicado no programa do curso.<\/p><h3><strong>Executive Education<\/strong><\/h3><p>Salvo indica\u00e7\u00e3o em contr\u00e1rio durante o processo de inscri\u00e7\u00e3o, disp\u00f5e de um ano ap\u00f3s a inscri\u00e7\u00e3o num curso de Executive Education para o concluir, ou pelo prazo indicado no programa do curso.<\/p><h3><strong>MBA<\/strong><\/h3><p>Salvo indica\u00e7\u00e3o em contr\u00e1rio durante o processo de inscri\u00e7\u00e3o, disp\u00f5e de um ano ap\u00f3s a inscri\u00e7\u00e3o num MBA para o concluir, ou pelo prazo indicado no programa do curso.<\/p><h3><strong>Mestrados<\/strong><\/h3><p>Salvo indica\u00e7\u00e3o em contr\u00e1rio durante o processo de inscri\u00e7\u00e3o, disp\u00f5e de um ano ap\u00f3s a inscri\u00e7\u00e3o num mestrado para o concluir, ou pelo prazo indicado no programa do curso.<\/p><h3><strong>Percurso de aprendizagem<\/strong><\/h3><p>Os percursos de aprendizagem s\u00e3o conjuntos de cursos interligados, nos quais os resultados de aprendizagem est\u00e3o relacionados entre si; por isso, os cursos t\u00eam de ser seguidos numa determinada ordem e conclu\u00eddos antes de se passar para o seguinte.<\/p><p>A menos que seja indicado o contr\u00e1rio durante o processo de inscri\u00e7\u00e3o, disp\u00f5e de dois anos ap\u00f3s a compra de um Percurso de Aprendizagem para o concluir na \u00edntegra, ou conforme indicado na descri\u00e7\u00e3o. N\u00e3o oferecemos reembolsos parciais para pagamentos antecipados de Percursos de Aprendizagem. Se n\u00e3o tiver a certeza de que ir\u00e1 querer concluir o Percurso de Aprendizagem na \u00edntegra, recomendamos que pague por curso.  <\/p><h3>Ofertas promocionais<\/h3><p>Podemos, ocasionalmente, disponibilizar ofertas promocionais especiais ou descontos (\u00abOfertas\u00bb). A elegibilidade para as Ofertas \u00e9 determinada pela Sport Academy a seu exclusivo crit\u00e9rio, e reservamo-nos o direito de revogar uma Oferta caso determinemos que n\u00e3o \u00e9 eleg\u00edvel. Os utilizadores com uma Oferta existente podem n\u00e3o ser eleg\u00edveis para Ofertas adicionais. Podemos utilizar informa\u00e7\u00f5es como o m\u00e9todo de pagamento ou o endere\u00e7o de e-mail da conta utilizado numa compra na Sport Academy para determinar a elegibilidade para a Oferta. Os requisitos de elegibilidade e outras limita\u00e7\u00f5es e condi\u00e7\u00f5es ser\u00e3o divulgados quando se inscrever na Oferta ou noutras comunica\u00e7\u00f5es que lhe forem disponibilizadas.    <\/p><h2>Direito de rescis\u00e3o dos utilizadores europeus<\/h2><p>Para al\u00e9m das pol\u00edticas de reembolso acima referidas, se tiver direito de rescis\u00e3o ao abrigo da legisla\u00e7\u00e3o aplic\u00e1vel no seu pa\u00eds, incluindo qualquer legisla\u00e7\u00e3o da Uni\u00e3o Europeia aplic\u00e1vel, ent\u00e3o:<\/p><ul><li>Tem o direito de rescindir o contrato no prazo de 14 dias antes do in\u00edcio do curso. Pode rescindir o seu contrato com a Sport Academy relativo aos Servi\u00e7os, sem necessidade de indicar qualquer motivo. <\/li><li>O prazo de rescis\u00e3o expira 14 dias ap\u00f3s a data de celebra\u00e7\u00e3o do contrato. No entanto, n\u00e3o tem direito de rescis\u00e3o se os Servi\u00e7os j\u00e1 tiverem sido integralmente prestados com o seu consentimento pr\u00e9vio ou se a presta\u00e7\u00e3o dos Servi\u00e7os j\u00e1 tiver sido iniciada com o seu consentimento pr\u00e9vio. <\/li><li>Para exercer o direito de rescis\u00e3o, informe-nos entrando em contacto connosco <a href=\"mailto:support@sportacademy.com\">support@sportacademy.com<\/a>.<\/li><\/ul><p><strong>Modelo de formul\u00e1rio de rescis\u00e3o <\/strong>(preencha e devolva este formul\u00e1rio apenas se pretender rescindir o contrato)<\/p><ul><li>Para a Sport Academy Education &amp; Training S.L., C\/Los Prados 166, Edificio Impulsa (33202), Gij\u00f3n, Espanha<\/li><li>Por meio da presente, notifico\/notificamos que rescindo\/rescindimos o meu\/nosso contrato de venda relativo \u00e0 presta\u00e7\u00e3o do seguinte servi\u00e7o<\/li><li>Encomendado em \/ recebido em<\/li><li>Nome do(s) consumidor(es)<\/li><li>Endere\u00e7o do(s) consumidor(es)<\/li><li>Assinatura do(s) consumidor(es) (apenas se este formul\u00e1rio for apresentado em papel)<\/li><li>Data<\/li><\/ul><ul><li>Tamb\u00e9m pode enviar-nos eletronicamente o formul\u00e1rio modelo ou qualquer outra declara\u00e7\u00e3o inequ\u00edvoca para <a href=\"mailto:support@sportacademy.com\">support@sportacademy.com<\/a>.<\/li><li>Se rescindir o contrato, reembolsaremos todos os pagamentos que tenhamos recebido da sua parte no prazo de 14 dias.<\/li><li>Se solicitar o servi\u00e7o durante o prazo de rescis\u00e3o, poder\u00e1 ter de suportar custos proporcionais.<\/li><li>O \u00f3nus da prova do exerc\u00edcio do direito de rescis\u00e3o recai sobre si.<\/li><\/ul>\t\t\t\t\t\t\t\t<\/div>\n\t\t\t\t<\/div>\n\t\t\t\t\t<\/div>\n\t\t\t\t<\/div>\n\t\t\t\t<\/div>\n\t\t","protected":false},"excerpt":{"rendered":"<p>A Sport Academy Education &amp; Training SL (Sport Academy) oferece servi\u00e7os de aprendizagem pagos (por exemplo, acesso a determinados cursos) e produtos (por exemplo, certificados) mediante o pagamento de uma taxa. Salvo indica\u00e7\u00e3o em contr\u00e1rio, todas as taxas s\u00e3o expressas em EUROS (\u20ac) e n\u00e3o s\u00e3o reembols\u00e1veis, exceto nos casos previstos na nossa Pol\u00edtica de&#8230;<\/p>\n","protected":false},"author":11,"featured_media":0,"parent":0,"menu_order":0,"comment_status":"closed","ping_status":"closed","template":"","meta":{"productId":0,"courseId":0,"footnotes":""},"class_list":["post-41909","page","type-page","status-publish","hentry"],"_links":{"self":[{"href":"https:\/\/sportacademy.com\/pt-pt\/wp-json\/wp\/v2\/pages\/41909","targetHints":{"allow":["GET"]}}],"collection":[{"href":"https:\/\/sportacademy.com\/pt-pt\/wp-json\/wp\/v2\/pages"}],"about":[{"href":"https:\/\/sportacademy.com\/pt-pt\/wp-json\/wp\/v2\/types\/page"}],"author":[{"embeddable":true,"href":"https:\/\/sportacademy.com\/pt-pt\/wp-json\/wp\/v2\/users\/11"}],"replies":[{"embeddable":true,"href":"https:\/\/sportacademy.com\/pt-pt\/wp-json\/wp\/v2\/comments?post=41909"}],"version-history":[{"count":7,"href":"https:\/\/sportacademy.com\/pt-pt\/wp-json\/wp\/v2\/pages\/41909\/revisions"}],"predecessor-version":[{"id":42499,"href":"https:\/\/sportacademy.com\/pt-pt\/wp-json\/wp\/v2\/pages\/41909\/revisions\/42499"}],"wp:attachment":[{"href":"https:\/\/sportacademy.com\/pt-pt\/wp-json\/wp\/v2\/media?parent=41909"}],"curies":[{"name":"wp","href":"https:\/\/api.w.org\/{rel}","templated":true}]}}