{"id":34992,"date":"2024-10-21T13:22:23","date_gmt":"2024-10-21T11:22:23","guid":{"rendered":"https:\/\/sportacademy.com\/sobre-nos\/"},"modified":"2026-03-23T12:00:25","modified_gmt":"2026-03-23T11:00:25","slug":"sobre-nos","status":"publish","type":"page","link":"https:\/\/sportacademy.com\/pt-pt\/sobre-nos\/","title":{"rendered":"Sobre n\u00f3s"},"content":{"rendered":"\t\t<div data-elementor-type=\"wp-page\" data-elementor-id=\"34992\" class=\"elementor elementor-34992 elementor-32512\" data-elementor-post-type=\"page\">\n\t\t\t\t<div class=\"elementor-element elementor-element-f494fc6 animated-fast e-flex e-con-boxed elementor-invisible e-con e-parent\" data-id=\"f494fc6\" data-element_type=\"container\" data-e-type=\"container\" data-settings=\"{&quot;background_background&quot;:&quot;video&quot;,&quot;animation&quot;:&quot;fadeInUp&quot;,&quot;jet_parallax_layout_list&quot;:[],&quot;background_video_link&quot;:&quot;https:\\\/\\\/sportacademy.com\\\/wp-content\\\/uploads\\\/2024\\\/10\\\/6002903_People_Person_1280x720.mp4&quot;,&quot;background_play_on_mobile&quot;:&quot;yes&quot;,&quot;background_video_start&quot;:0}\">\n\t\t\t\t\t<div class=\"e-con-inner\">\n\t\t<div class=\"elementor-background-video-container\">\n\t\t\t\t\t\t\t<video class=\"elementor-background-video-hosted\" role=\"presentation\" autoplay muted playsinline loop><\/video>\n\t\t\t\t\t<\/div><div class=\"elementor-element elementor-element-3c0ccbc e-con-full e-flex e-con e-child\" data-id=\"3c0ccbc\" data-element_type=\"container\" data-e-type=\"container\" data-settings=\"{&quot;background_background&quot;:&quot;gradient&quot;,&quot;jet_parallax_layout_list&quot;:[]}\">\n\t\t<div class=\"elementor-element elementor-element-2d3ffbc e-con-full e-flex e-con e-child\" data-id=\"2d3ffbc\" data-element_type=\"container\" data-e-type=\"container\" data-settings=\"{&quot;jet_parallax_layout_list&quot;:[]}\">\n\t\t\t\t<div class=\"elementor-element elementor-element-a56e656 elementor-widget elementor-widget-heading\" data-id=\"a56e656\" data-element_type=\"widget\" data-e-type=\"widget\" data-widget_type=\"heading.default\">\n\t\t\t\t<div class=\"elementor-widget-container\">\n\t\t\t\t\t<h1 class=\"elementor-heading-title elementor-size-default\">Esfor\u00e7amo-nos por promover uma sociedade ativa<\/h1>\t\t\t\t<\/div>\n\t\t\t\t<\/div>\n\t\t\t\t<div class=\"elementor-element elementor-element-2c490b4 elementor-widget__width-auto elementor-widget elementor-widget-text-editor\" data-id=\"2c490b4\" data-element_type=\"widget\" data-e-type=\"widget\" data-widget_type=\"text-editor.default\">\n\t\t\t\t<div class=\"elementor-widget-container\">\n\t\t\t\t\t\t\t\t\t<p>Onde o acesso \u00e0 educa\u00e7\u00e3o est\u00e1 dispon\u00edvel para todos e o desporto \u00e9 um motor de desenvolvimento.<\/p>\n\t\t\t\t\t\t\t\t<\/div>\n\t\t\t\t<\/div>\n\t\t<a class=\"elementor-element elementor-element-c9555d1 e-con-full btn-style e-flex e-con e-child\" data-id=\"c9555d1\" data-element_type=\"container\" data-e-type=\"container\" data-settings=\"{&quot;jet_parallax_layout_list&quot;:[]}\" href=\"https:\/\/sportacademy.com\/pt-pt\/catalogo\/\">\n\t\t\t\t<div class=\"elementor-element elementor-element-a8ce2e1 elementor-widget__width-auto elementor-widget elementor-widget-heading\" data-id=\"a8ce2e1\" data-element_type=\"widget\" data-e-type=\"widget\" data-widget_type=\"heading.default\">\n\t\t\t\t<div class=\"elementor-widget-container\">\n\t\t\t\t\t<span class=\"elementor-heading-title elementor-size-default\">Consulta o nosso cat\u00e1logo<\/span>\t\t\t\t<\/div>\n\t\t\t\t<\/div>\n\t\t\t\t<div class=\"elementor-element elementor-element-59a42a7 elementor-widget__width-auto elementor-view-default elementor-widget elementor-widget-icon\" data-id=\"59a42a7\" data-element_type=\"widget\" data-e-type=\"widget\" data-widget_type=\"icon.default\">\n\t\t\t\t<div class=\"elementor-widget-container\">\n\t\t\t\t\t\t\t<div class=\"elementor-icon-wrapper\">\n\t\t\t<div class=\"elementor-icon\">\n\t\t\t<svg xmlns=\"http:\/\/www.w3.org\/2000\/svg\" width=\"22\" height=\"22\" viewBox=\"0 0 22 22\" fill=\"none\"><path d=\"M8.25 4.125L15.125 11L8.25 17.875\" stroke=\"white\" stroke-width=\"1.5\" stroke-linecap=\"round\" stroke-linejoin=\"round\"><\/path><\/svg>\t\t\t<\/div>\n\t\t<\/div>\n\t\t\t\t\t\t<\/div>\n\t\t\t\t<\/div>\n\t\t\t\t<\/a>\n\t\t\t\t<\/div>\n\t\t\t\t<\/div>\n\t\t\t\t\t<\/div>\n\t\t\t\t<\/div>\n\t\t<div class=\"elementor-element elementor-element-149ba72 e-flex e-con-boxed e-con e-parent\" data-id=\"149ba72\" data-element_type=\"container\" data-e-type=\"container\" data-settings=\"{&quot;background_background&quot;:&quot;classic&quot;,&quot;jet_parallax_layout_list&quot;:[]}\">\n\t\t\t\t\t<div class=\"e-con-inner\">\n\t\t<div class=\"elementor-element elementor-element-e42864b e-con-full e-flex elementor-invisible e-con e-child\" data-id=\"e42864b\" data-element_type=\"container\" data-e-type=\"container\" data-settings=\"{&quot;animation&quot;:&quot;edublink--slide-up&quot;,&quot;animation_delay&quot;:150,&quot;jet_parallax_layout_list&quot;:[]}\">\n\t\t\t\t<div class=\"elementor-element elementor-element-1be6254 elementor-widget elementor-widget-heading\" data-id=\"1be6254\" data-element_type=\"widget\" data-e-type=\"widget\" data-widget_type=\"heading.default\">\n\t\t\t\t<div class=\"elementor-widget-container\">\n\t\t\t\t\t<span class=\"elementor-heading-title elementor-size-default\">A Sport Academy tem parcerias com mais de 100 institui\u00e7\u00f5es l\u00edderes na \u00e1rea do desporto para proporcionar uma aprendizagem em linha flex\u00edvel, econ\u00f3mica e acess\u00edvel a indiv\u00edduos e organiza\u00e7\u00f5es de todo o mundo.<\/span>\t\t\t\t<\/div>\n\t\t\t\t<\/div>\n\t\t\t\t<\/div>\n\t\t\t\t\t<\/div>\n\t\t\t\t<\/div>\n\t\t<div class=\"elementor-element elementor-element-25ab173 e-flex e-con-boxed e-con e-parent\" data-id=\"25ab173\" data-element_type=\"container\" data-e-type=\"container\" data-settings=\"{&quot;background_background&quot;:&quot;classic&quot;,&quot;jet_parallax_layout_list&quot;:[]}\">\n\t\t\t\t\t<div class=\"e-con-inner\">\n\t\t<div class=\"elementor-element elementor-element-a9f9fdb e-con-full e-flex elementor-invisible e-con e-child\" data-id=\"a9f9fdb\" data-element_type=\"container\" data-e-type=\"container\" data-settings=\"{&quot;animation&quot;:&quot;edublink--slide-up&quot;,&quot;animation_delay&quot;:150,&quot;jet_parallax_layout_list&quot;:[]}\">\n\t\t<div class=\"elementor-element elementor-element-150d7b3 e-con-full e-flex e-con e-child\" data-id=\"150d7b3\" data-element_type=\"container\" data-e-type=\"container\" data-settings=\"{&quot;jet_parallax_layout_list&quot;:[]}\">\n\t\t\t\t<div class=\"elementor-element elementor-element-38bd690 counter elementor-widget elementor-widget-edublink-counterup\" data-id=\"38bd690\" data-element_type=\"widget\" data-e-type=\"widget\" data-widget_type=\"edublink-counterup.default\">\n\t\t\t\t<div class=\"elementor-widget-container\">\n\t\t\t\t\t<div class=\"edublink-counter-item\" id=\"edublink-counter-id-38bd690\"><span class=\"edublink-counter-prefix\">&gt;<\/span><span class=\"odometer\" data-odometer-final=\"500\"><\/span><\/div>\t\t\t\t<\/div>\n\t\t\t\t<\/div>\n\t\t\t\t<\/div>\n\t\t\t\t<div class=\"elementor-element elementor-element-b842c3d elementor-widget elementor-widget-heading\" data-id=\"b842c3d\" data-element_type=\"widget\" data-e-type=\"widget\" data-widget_type=\"heading.default\">\n\t\t\t\t<div class=\"elementor-widget-container\">\n\t\t\t\t\t<span class=\"elementor-heading-title elementor-size-default\">novos utilizadores todos os meses<\/span>\t\t\t\t<\/div>\n\t\t\t\t<\/div>\n\t\t\t\t<\/div>\n\t\t<div class=\"elementor-element elementor-element-9b6aec9 e-con-full e-flex elementor-invisible e-con e-child\" data-id=\"9b6aec9\" data-element_type=\"container\" data-e-type=\"container\" data-settings=\"{&quot;animation&quot;:&quot;edublink--slide-up&quot;,&quot;animation_delay&quot;:150,&quot;jet_parallax_layout_list&quot;:[]}\">\n\t\t<div class=\"elementor-element elementor-element-d0e79be e-con-full e-flex e-con e-child\" data-id=\"d0e79be\" data-element_type=\"container\" data-e-type=\"container\" data-settings=\"{&quot;jet_parallax_layout_list&quot;:[]}\">\n\t\t\t\t<div class=\"elementor-element elementor-element-b70857f counter elementor-widget elementor-widget-edublink-counterup\" data-id=\"b70857f\" data-element_type=\"widget\" data-e-type=\"widget\" data-widget_type=\"edublink-counterup.default\">\n\t\t\t\t<div class=\"elementor-widget-container\">\n\t\t\t\t\t<div class=\"edublink-counter-item\" id=\"edublink-counter-id-b70857f\"><span class=\"edublink-counter-prefix\">+<\/span><span class=\"odometer\" data-odometer-final=\"10\"><\/span><\/div>\t\t\t\t<\/div>\n\t\t\t\t<\/div>\n\t\t\t\t<\/div>\n\t\t\t\t<div class=\"elementor-element elementor-element-fef04e2 elementor-widget elementor-widget-heading\" data-id=\"fef04e2\" data-element_type=\"widget\" data-e-type=\"widget\" data-widget_type=\"heading.default\">\n\t\t\t\t<div class=\"elementor-widget-container\">\n\t\t\t\t\t<span class=\"elementor-heading-title elementor-size-default\">l\u00ednguas dispon\u00edveis<\/span>\t\t\t\t<\/div>\n\t\t\t\t<\/div>\n\t\t\t\t<\/div>\n\t\t<div class=\"elementor-element elementor-element-fef2b2b e-con-full e-flex elementor-invisible e-con e-child\" data-id=\"fef2b2b\" data-element_type=\"container\" data-e-type=\"container\" data-settings=\"{&quot;animation&quot;:&quot;edublink--slide-up&quot;,&quot;animation_delay&quot;:150,&quot;jet_parallax_layout_list&quot;:[]}\">\n\t\t<div class=\"elementor-element elementor-element-1188c02 e-con-full e-flex e-con e-child\" data-id=\"1188c02\" data-element_type=\"container\" data-e-type=\"container\" data-settings=\"{&quot;jet_parallax_layout_list&quot;:[]}\">\n\t\t\t\t<div class=\"elementor-element elementor-element-f68eb28 elementor-widget elementor-widget-edublink-counterup\" data-id=\"f68eb28\" data-element_type=\"widget\" data-e-type=\"widget\" data-widget_type=\"edublink-counterup.default\">\n\t\t\t\t<div class=\"elementor-widget-container\">\n\t\t\t\t\t<div class=\"edublink-counter-item\" id=\"edublink-counter-id-f68eb28\"><span class=\"odometer\" data-odometer-final=\"30\"><\/span><\/div>\t\t\t\t<\/div>\n\t\t\t\t<\/div>\n\t\t\t\t<\/div>\n\t\t\t\t<div class=\"elementor-element elementor-element-b00c8d2 elementor-widget elementor-widget-heading\" data-id=\"b00c8d2\" data-element_type=\"widget\" data-e-type=\"widget\" data-widget_type=\"heading.default\">\n\t\t\t\t<div class=\"elementor-widget-container\">\n\t\t\t\t\t<span class=\"elementor-heading-title elementor-size-default\">pa\u00edses<\/span>\t\t\t\t<\/div>\n\t\t\t\t<\/div>\n\t\t\t\t<\/div>\n\t\t\t\t\t<\/div>\n\t\t\t\t<\/div>\n\t\t<div class=\"elementor-element elementor-element-cb9c81f animated-fast e-flex e-con-boxed elementor-invisible e-con e-parent\" data-id=\"cb9c81f\" data-element_type=\"container\" data-e-type=\"container\" data-settings=\"{&quot;background_background&quot;:&quot;classic&quot;,&quot;animation&quot;:&quot;fadeInUp&quot;,&quot;jet_parallax_layout_list&quot;:[]}\">\n\t\t\t\t\t<div class=\"e-con-inner\">\n\t\t<div class=\"elementor-element elementor-element-8d5315d e-con-full e-flex e-con e-child\" data-id=\"8d5315d\" data-element_type=\"container\" data-e-type=\"container\" data-settings=\"{&quot;background_background&quot;:&quot;gradient&quot;,&quot;jet_parallax_layout_list&quot;:[]}\">\n\t\t<div class=\"elementor-element elementor-element-c73f990 e-con-full e-flex e-con e-child\" data-id=\"c73f990\" data-element_type=\"container\" data-e-type=\"container\" data-settings=\"{&quot;jet_parallax_layout_list&quot;:[]}\">\n\t\t\t\t<div class=\"elementor-element elementor-element-a3528aa elementor-widget__width-inherit elementor-widget elementor-widget-text-editor\" data-id=\"a3528aa\" data-element_type=\"widget\" data-e-type=\"widget\" data-widget_type=\"text-editor.default\">\n\t\t\t\t<div class=\"elementor-widget-container\">\n\t\t\t\t\t\t\t\t\tA Sport Academy est\u00e1 empenhada em melhorar a qualidade do sector do desporto e da atividade f\u00edsica em todo o mundo, democratizando os conhecimentos mais avan\u00e7ados para os profissionais do desporto, provenientes dos melhores especialistas em Ci\u00eancias do Desporto e outras disciplinas. <br><br> Oferecemos uma vasta gama de oportunidades de aprendizagem <br> &#8211; desde projectos e cursos pr\u00e1ticos a certificados, programas de especializa\u00e7\u00e3o e mestrado.\t\t\t\t\t\t\t\t<\/div>\n\t\t\t\t<\/div>\n\t\t\t\t<\/div>\n\t\t\t\t<\/div>\n\t\t\t\t\t<\/div>\n\t\t\t\t<\/div>\n\t\t<div class=\"elementor-element elementor-element-9ce8dbc e-con-full e-flex e-con e-parent\" data-id=\"9ce8dbc\" data-element_type=\"container\" data-e-type=\"container\" data-settings=\"{&quot;jet_parallax_layout_list&quot;:[]}\">\n\t\t<div class=\"elementor-element elementor-element-e9b56e3 e-flex e-con-boxed e-con e-child\" data-id=\"e9b56e3\" data-element_type=\"container\" data-e-type=\"container\" data-settings=\"{&quot;jet_parallax_layout_list&quot;:[]}\">\n\t\t\t\t\t<div class=\"e-con-inner\">\n\t\t<div class=\"elementor-element elementor-element-b1808f8 e-con-full e-flex e-con e-child\" data-id=\"b1808f8\" data-element_type=\"container\" data-e-type=\"container\" data-settings=\"{&quot;jet_parallax_layout_list&quot;:[]}\">\n\t\t\t\t<div class=\"elementor-element elementor-element-f532b55 elementor-widget elementor-widget-heading\" data-id=\"f532b55\" data-element_type=\"widget\" data-e-type=\"widget\" data-widget_type=\"heading.default\">\n\t\t\t\t<div class=\"elementor-widget-container\">\n\t\t\t\t\t<h2 class=\"elementor-heading-title elementor-size-default\">Junta-te \u00e0 nossa plataforma e come\u00e7a a crescer hoje  <\/h2>\t\t\t\t<\/div>\n\t\t\t\t<\/div>\n\t\t<a class=\"elementor-element elementor-element-ce4b498 e-con-full btn-style e-flex e-con e-child\" data-id=\"ce4b498\" data-element_type=\"container\" data-e-type=\"container\" data-settings=\"{&quot;jet_parallax_layout_list&quot;:[]}\" href=\"https:\/\/sportacademy.com\/pt-pt\/iniciar-sessao\/\">\n\t\t\t\t<div class=\"elementor-element elementor-element-ad9bec5 elementor-widget__width-auto elementor-widget elementor-widget-heading\" data-id=\"ad9bec5\" data-element_type=\"widget\" data-e-type=\"widget\" data-widget_type=\"heading.default\">\n\t\t\t\t<div class=\"elementor-widget-container\">\n\t\t\t\t\t<span class=\"elementor-heading-title elementor-size-default\">Inicia sess\u00e3o<\/span>\t\t\t\t<\/div>\n\t\t\t\t<\/div>\n\t\t\t\t<div class=\"elementor-element elementor-element-5882cc7 elementor-widget__width-auto elementor-view-default elementor-widget elementor-widget-icon\" data-id=\"5882cc7\" data-element_type=\"widget\" data-e-type=\"widget\" data-widget_type=\"icon.default\">\n\t\t\t\t<div class=\"elementor-widget-container\">\n\t\t\t\t\t\t\t<div class=\"elementor-icon-wrapper\">\n\t\t\t<div class=\"elementor-icon\">\n\t\t\t<svg xmlns=\"http:\/\/www.w3.org\/2000\/svg\" width=\"22\" height=\"22\" viewBox=\"0 0 22 22\" fill=\"none\"><path d=\"M8.25 4.125L15.125 11L8.25 17.875\" stroke=\"white\" stroke-width=\"1.5\" stroke-linecap=\"round\" stroke-linejoin=\"round\"><\/path><\/svg>\t\t\t<\/div>\n\t\t<\/div>\n\t\t\t\t\t\t<\/div>\n\t\t\t\t<\/div>\n\t\t\t\t<\/a>\n\t\t\t\t<\/div>\n\t\t\t\t\t<\/div>\n\t\t\t\t<\/div>\n\t\t\t\t<\/div>\n\t\t\t\t<\/div>\n\t\t","protected":false},"excerpt":{"rendered":"<p>Esfor\u00e7amo-nos por promover uma sociedade ativa Onde o acesso \u00e0 educa\u00e7\u00e3o est\u00e1 dispon\u00edvel para todos e o desporto \u00e9 um motor de desenvolvimento. Consulta o nosso cat\u00e1logo A Sport Academy tem parcerias com mais de 100 institui\u00e7\u00f5es l\u00edderes na \u00e1rea do desporto para proporcionar uma aprendizagem em linha flex\u00edvel, econ\u00f3mica e acess\u00edvel a indiv\u00edduos e&#8230;<\/p>\n","protected":false},"author":11,"featured_media":0,"parent":0,"menu_order":0,"comment_status":"closed","ping_status":"closed","template":"","meta":{"productId":0,"courseId":0,"footnotes":""},"class_list":["post-34992","page","type-page","status-publish","hentry"],"_links":{"self":[{"href":"https:\/\/sportacademy.com\/pt-pt\/wp-json\/wp\/v2\/pages\/34992","targetHints":{"allow":["GET"]}}],"collection":[{"href":"https:\/\/sportacademy.com\/pt-pt\/wp-json\/wp\/v2\/pages"}],"about":[{"href":"https:\/\/sportacademy.com\/pt-pt\/wp-json\/wp\/v2\/types\/page"}],"author":[{"embeddable":true,"href":"https:\/\/sportacademy.com\/pt-pt\/wp-json\/wp\/v2\/users\/11"}],"replies":[{"embeddable":true,"href":"https:\/\/sportacademy.com\/pt-pt\/wp-json\/wp\/v2\/comments?post=34992"}],"version-history":[{"count":7,"href":"https:\/\/sportacademy.com\/pt-pt\/wp-json\/wp\/v2\/pages\/34992\/revisions"}],"predecessor-version":[{"id":41992,"href":"https:\/\/sportacademy.com\/pt-pt\/wp-json\/wp\/v2\/pages\/34992\/revisions\/41992"}],"wp:attachment":[{"href":"https:\/\/sportacademy.com\/pt-pt\/wp-json\/wp\/v2\/media?parent=34992"}],"curies":[{"name":"wp","href":"https:\/\/api.w.org\/{rel}","templated":true}]}}