{"id":34914,"date":"2024-09-23T12:58:12","date_gmt":"2024-09-23T10:58:12","guid":{"rendered":"https:\/\/sportacademy.com\/politica-de-cookies\/"},"modified":"2024-11-07T11:10:49","modified_gmt":"2024-11-07T10:10:49","slug":"politica-de-cookies","status":"publish","type":"page","link":"https:\/\/sportacademy.com\/pt-pt\/politica-de-cookies\/","title":{"rendered":"Pol\u00edtica de cookies"},"content":{"rendered":"\t\t<div data-elementor-type=\"wp-page\" data-elementor-id=\"34914\" class=\"elementor elementor-34914 elementor-34524\" data-elementor-post-type=\"page\">\n\t\t\t\t<div class=\"elementor-element elementor-element-c9706d5 e-flex e-con-boxed e-con e-parent\" data-id=\"c9706d5\" data-element_type=\"container\" data-e-type=\"container\" data-settings=\"{&quot;jet_parallax_layout_list&quot;:[]}\">\n\t\t\t\t\t<div class=\"e-con-inner\">\n\t\t\t\t<div class=\"elementor-element elementor-element-0d840a2 elementor-widget elementor-widget-heading\" data-id=\"0d840a2\" data-element_type=\"widget\" data-e-type=\"widget\" data-widget_type=\"heading.default\">\n\t\t\t\t<div class=\"elementor-widget-container\">\n\t\t\t\t\t<h1 class=\"elementor-heading-title elementor-size-default\">Pol\u00edtica de cookies<\/h1>\t\t\t\t<\/div>\n\t\t\t\t<\/div>\n\t\t\t\t<div class=\"elementor-element elementor-element-fa5ce87 elementor-widget__width-initial elementor-widget elementor-widget-text-editor\" data-id=\"fa5ce87\" data-element_type=\"widget\" data-e-type=\"widget\" data-widget_type=\"text-editor.default\">\n\t\t\t\t<div class=\"elementor-widget-container\">\n\t\t\t\t\t\t\t\t\t<\/p>\n<p><span style=\"font-weight: 400;\"><\/p>\n<p>O acesso a este site pode implicar a utiliza\u00e7\u00e3o de cookies. Os cookies s\u00e3o pequenas quantidades de informa\u00e7\u00e3o armazenadas no navegador do utilizador para recordar informa\u00e7\u00f5es espec\u00edficas que s\u00f3 o servidor que as implementou pode ler posteriormente. Os cookies facilitam a navega\u00e7\u00e3o e melhoram a experi\u00eancia do utilizador. <\/span><\/p>\n<p><span style=\"font-weight: 400;\"><\/p>\n<p>As informa\u00e7\u00f5es recolhidas atrav\u00e9s dos cookies podem incluir a data e a hora das visitas, as p\u00e1ginas visitadas, o tempo passado no s\u00edtio Web e os s\u00edtios Web visitados antes e depois. No entanto, nenhum cookie permite ao servidor contactar o n\u00famero de telefone do Utilizador ou qualquer outro m\u00e9todo de contacto pessoal. Nenhum cookie pode extrair informa\u00e7\u00f5es do disco r\u00edgido do Utilizador ou roubar informa\u00e7\u00f5es pessoais. <\/span><\/p>\n<p><span style=\"font-weight: 400;\"><br \/>\nOs cookies que identificam um indiv\u00edduo s\u00e3o considerados dados pessoais, sendo-lhes aplic\u00e1vel a mesma Pol\u00edtica de Privacidade. A utiliza\u00e7\u00e3o de cookies requer o consentimento do Utilizador, comunicado atrav\u00e9s de uma escolha afirmativa antes do processamento inicial, que pode ser revogada. <\/span><\/p>\n<h2><strong>Cookies pr\u00f3prios<\/strong><\/h2>\n<p><span style=\"font-weight: 400;\"><br \/>\nS\u00e3o cookies enviados para o computador do Utilizador e geridos exclusivamente pela Sport Academy para o correto funcionamento do Website. A informa\u00e7\u00e3o recolhida \u00e9 utilizada para melhorar a qualidade do Website e do seu conte\u00fado, adaptando-o \u00e0s prefer\u00eancias do Utilizador. <\/span><\/p>\n<\/p>\n<h2><strong>Cookies de terceiros<\/strong><\/h2>\n<p><span style=\"font-weight: 400;\"><br \/>\nEstes cookies s\u00e3o utilizados e geridos por entidades externas que prestam servi\u00e7os \u00e0 Sport Academy para melhorar o Website e a experi\u00eancia do Utilizador. Os cookies de terceiros s\u00e3o utilizados principalmente para acesso estat\u00edstico e an\u00e1lise de navega\u00e7\u00e3o. <\/span><\/p>\n<p><span style=\"font-weight: 400;\"><br \/>\nAs informa\u00e7\u00f5es recolhidas incluem o n\u00famero de p\u00e1ginas visitadas, o idioma, o endere\u00e7o IP, o n\u00famero de utilizadores, a frequ\u00eancia das visitas, a dura\u00e7\u00e3o da visita, o tipo de browser e o dispositivo utilizado. Estas informa\u00e7\u00f5es s\u00e3o recolhidas de forma an\u00f3nima e s\u00e3o utilizadas para melhorar o s\u00edtio Web sem identificar os utilizadores individuais. <\/span><\/p>\n<p><span style=\"font-weight: 400;\">Mais informa\u00e7\u00f5es sobre cookies, privacidade e descri\u00e7\u00f5es dos tipos de cookies::<\/span><\/p>\n<h3><strong>Cookies de redes sociais<\/strong><\/h3>\n<p><span style=\"font-weight: 400;\"><\/p>\n<p>A Sport Academy incorpora plugins de redes sociais que permitem o acesso a partir do s\u00edtio Web, pelo que podem ser armazenados cookies de redes sociais no browser do Utilizador. Estas plataformas de redes sociais t\u00eam as suas pr\u00f3prias pol\u00edticas de prote\u00e7\u00e3o de dados e de cookies, pelo que os Utilizadores devem consult\u00e1-las para obter mais informa\u00e7\u00f5es. <\/span><\/p>\n<h3><strong>Desativar, rejeitar e apagar cookies<\/strong><\/h3>\n<p><span style=\"font-weight: 400;\"><\/p>\n<p>Os Utilizadores podem desativar, rejeitar ou apagar cookies &#8211; total ou parcialmente &#8211; configurando as defini\u00e7\u00f5es do seu browser. Os procedimentos podem diferir entre browsers, pelo que os Utilizadores devem seguir as instru\u00e7\u00f5es do browser espec\u00edfico que utilizam. Se rejeitarem os cookies, podem continuar a utilizar o Website, mas algumas fun\u00e7\u00f5es podem ser limitadas. <\/span><\/p>\n<h3><strong>Altera\u00e7\u00f5es \u00e0 Pol\u00edtica de Cookies<\/strong><\/h3>\n<p><span style=\"font-weight: 400;\">A Pol\u00edtica de Cookies pode ser alterada ou actualizada, pelo que se recomenda aos Utilizadores que a revejam sempre que acedam ao S\u00edtio Web para se manterem informados sobre como e para que fins s\u00e3o utilizados os cookies.<\/span><\/p>\n<h3><strong>Pol\u00edtica de liga\u00e7\u00e3o<\/strong><\/h3>\n<p><span style=\"font-weight: 400;\"><br \/>\nO s\u00edtio Web da Sport Academy pode fornecer liga\u00e7\u00f5es (tais como links, banners, bot\u00f5es), diret\u00f3rios e motores de busca que permitem aos Utilizadores aceder a s\u00edtios Web de terceiros. Estas liga\u00e7\u00f5es destinam-se a facilitar o acesso dos Utilizadores a informa\u00e7\u00f5es dispon\u00edveis na Internet e n\u00e3o implicam qualquer aprova\u00e7\u00e3o ou convite para visitar esses s\u00edtios. <\/span><\/p>\n<p><span style=\"font-weight: 400;\"><br \/>\nA Sport Academy n\u00e3o oferece nem vende produtos ou servi\u00e7os a partir de s\u00edtios ligados e n\u00e3o garante a disponibilidade t\u00e9cnica, a exatid\u00e3o, a veracidade, a validade ou a legalidade dos s\u00edtios externos ligados. A Sport Academy n\u00e3o rev\u00ea nem controla o conte\u00fado de outros s\u00edtios Web e n\u00e3o apoia nem \u00e9 respons\u00e1vel pelo conte\u00fado, comunica\u00e7\u00f5es, opini\u00f5es, produtos ou servi\u00e7os desses s\u00edtios ligados. <\/span><\/p>\n<p><span style=\"font-weight: 400;\">Um Utilizador ou um terceiro que crie uma hiperliga\u00e7\u00e3o de outro s\u00edtio Web para o s\u00edtio Web da Sport Academy deve ter em conta que:<\/span><\/p>\n<p><span style=\"font-weight: 400;\">&#8211; \u00c9 proibida a reprodu\u00e7\u00e3o de qualquer conte\u00fado ou servi\u00e7o deste s\u00edtio Web sem a autoriza\u00e7\u00e3o expressa da Sport Academy.<\/span><\/p>\n<p><span style=\"font-weight: 400;\">&#8211; N\u00e3o s\u00e3o permitidas representa\u00e7\u00f5es falsas, imprecisas ou incorrectas sobre a Sport Academy ou os seus conte\u00fados\/servi\u00e7os.<\/span><\/p>\n<p><span style=\"font-weight: 400;\">&#8211; O s\u00edtio que cont\u00e9m a hiperliga\u00e7\u00e3o n\u00e3o pode conter qualquer elemento protegido como propriedade intelectual pela legisla\u00e7\u00e3o espanhola sem a autoriza\u00e7\u00e3o expressa da Sport Academy.<\/span><\/p>\n<p><span style=\"font-weight: 400;\">O estabelecimento de uma hiperliga\u00e7\u00e3o n\u00e3o implica qualquer rela\u00e7\u00e3o entre a Sport Academy e o propriet\u00e1rio do s\u00edtio de onde prov\u00e9m a hiperliga\u00e7\u00e3o.<\/span><\/p>\n<\/p>\n<h2><strong>Propriedade intelectual e industrial<\/strong><\/h2>\n<p><span style=\"font-weight: 400;\">A Sport Academy, como leg\u00edtima propriet\u00e1ria, det\u00e9m todos os direitos de propriedade intelectual e industrial do site e dos seus elementos (incluindo imagens, \u00e1udio, v\u00eddeo, software, textos, marcas, log\u00f3tipos, etc.). Estas obras s\u00e3o protegidas como propriedade intelectual pela lei espanhola e est\u00e3o sujeitas a regulamentos espanh\u00f3is e europeus, bem como a tratados internacionais.<br \/>\n <\/span><\/p>\n<p><span style=\"font-weight: 400;\"><br \/>\nTodos os direitos reservados. Em conformidade com as disposi\u00e7\u00f5es da lei sobre a propriedade intelectual, a reprodu\u00e7\u00e3o, distribui\u00e7\u00e3o ou comunica\u00e7\u00e3o p\u00fablica de qualquer conte\u00fado deste s\u00edtio Web para fins comerciais \u00e9 proibida sem a autoriza\u00e7\u00e3o da Sport Academy. <\/span><\/p>\n<p><span style=\"font-weight: 400;\">Se um Utilizador ou um terceiro considerar que qualquer conte\u00fado do S\u00edtio Web viola os direitos de propriedade intelectual, deve notificar imediatamente a Sport Academy atrav\u00e9s dos dados de contacto fornecidos na sec\u00e7\u00e3o INFORMA\u00c7\u00d5ES GERAIS do presente Aviso Legal.<\/span><\/p>\n<\/p>\n<h2><strong>A\u00e7\u00e3o judicial, lei aplic\u00e1vel e jurisdi\u00e7\u00e3o<\/strong><\/h2>\n<p><span style=\"font-weight: 400;\">A Sport Academy reserva-se o direito de intentar ac\u00e7\u00f5es c\u00edveis ou criminais por utiliza\u00e7\u00e3o indevida do Website e dos seus conte\u00fados ou por viola\u00e7\u00e3o das presentes Condi\u00e7\u00f5es.<\/span><\/p>\n<p><span style=\"font-weight: 400;\"><br \/>\nA rela\u00e7\u00e3o entre o Utilizador e a Sport Academy rege-se pelas normas vigentes e aplic\u00e1veis em territ\u00f3rio espanhol. Em caso de lit\u00edgio sobre a interpreta\u00e7\u00e3o ou aplica\u00e7\u00e3o das presentes Condi\u00e7\u00f5es, ambas as partes submeter\u00e3o os seus lit\u00edgios aos Tribunais ordin\u00e1rios competentes. <\/span><\/p>\n\t\t\t\t\t\t\t\t<\/div>\n\t\t\t\t<\/div>\n\t\t\t\t\t<\/div>\n\t\t\t\t<\/div>\n\t\t\t\t<\/div>\n\t\t","protected":false},"excerpt":{"rendered":"<p>O acesso a este site pode implicar a utiliza\u00e7\u00e3o de cookies. Os cookies s\u00e3o pequenas quantidades de informa\u00e7\u00e3o armazenadas no navegador do utilizador para recordar informa\u00e7\u00f5es espec\u00edficas que s\u00f3 o servidor que as implementou pode ler posteriormente. Os cookies facilitam a navega\u00e7\u00e3o e melhoram a experi\u00eancia do utilizador. As informa\u00e7\u00f5es recolhidas atrav\u00e9s dos cookies podem&#8230;<\/p>\n","protected":false},"author":11,"featured_media":0,"parent":0,"menu_order":0,"comment_status":"closed","ping_status":"closed","template":"","meta":{"productId":0,"courseId":0,"footnotes":""},"class_list":["post-34914","page","type-page","status-publish","hentry"],"_links":{"self":[{"href":"https:\/\/sportacademy.com\/pt-pt\/wp-json\/wp\/v2\/pages\/34914","targetHints":{"allow":["GET"]}}],"collection":[{"href":"https:\/\/sportacademy.com\/pt-pt\/wp-json\/wp\/v2\/pages"}],"about":[{"href":"https:\/\/sportacademy.com\/pt-pt\/wp-json\/wp\/v2\/types\/page"}],"author":[{"embeddable":true,"href":"https:\/\/sportacademy.com\/pt-pt\/wp-json\/wp\/v2\/users\/11"}],"replies":[{"embeddable":true,"href":"https:\/\/sportacademy.com\/pt-pt\/wp-json\/wp\/v2\/comments?post=34914"}],"version-history":[{"count":1,"href":"https:\/\/sportacademy.com\/pt-pt\/wp-json\/wp\/v2\/pages\/34914\/revisions"}],"predecessor-version":[{"id":34933,"href":"https:\/\/sportacademy.com\/pt-pt\/wp-json\/wp\/v2\/pages\/34914\/revisions\/34933"}],"wp:attachment":[{"href":"https:\/\/sportacademy.com\/pt-pt\/wp-json\/wp\/v2\/media?parent=34914"}],"curies":[{"name":"wp","href":"https:\/\/api.w.org\/{rel}","templated":true}]}}