{"id":34910,"date":"2024-08-07T09:37:39","date_gmt":"2024-08-07T07:37:39","guid":{"rendered":"https:\/\/sportacademy.com\/politica-de-privacidade\/"},"modified":"2025-05-23T13:45:42","modified_gmt":"2025-05-23T11:45:42","slug":"politica-de-privacidade","status":"publish","type":"page","link":"https:\/\/sportacademy.com\/pt-pt\/politica-de-privacidade\/","title":{"rendered":"Pol\u00edtica de privacidade"},"content":{"rendered":"\t\t<div data-elementor-type=\"wp-page\" data-elementor-id=\"34910\" class=\"elementor elementor-34910 elementor-3\" data-elementor-post-type=\"page\">\n\t\t\t\t<div class=\"elementor-element elementor-element-495190b1 e-flex e-con-boxed e-con e-parent\" data-id=\"495190b1\" data-element_type=\"container\" data-e-type=\"container\" data-settings=\"{&quot;jet_parallax_layout_list&quot;:[]}\">\n\t\t\t\t\t<div class=\"e-con-inner\">\n\t\t\t\t<div class=\"elementor-element elementor-element-7afa8cc elementor-widget elementor-widget-heading\" data-id=\"7afa8cc\" data-element_type=\"widget\" data-e-type=\"widget\" data-widget_type=\"heading.default\">\n\t\t\t\t<div class=\"elementor-widget-container\">\n\t\t\t\t\t<h1 class=\"elementor-heading-title elementor-size-default\">Pol\u00edtica de privacidade<\/h1>\t\t\t\t<\/div>\n\t\t\t\t<\/div>\n\t\t\t\t<div class=\"elementor-element elementor-element-1be3d444 elementor-widget__width-initial elementor-widget elementor-widget-text-editor\" data-id=\"1be3d444\" data-element_type=\"widget\" data-e-type=\"widget\" data-widget_type=\"text-editor.default\">\n\t\t\t\t<div class=\"elementor-widget-container\">\n\t\t\t\t\t\t\t\t\t<p>\u00daltima revis\u00e3o: 08 maio 2025<\/p><p>O objetivo deste Aviso de Privacidade \u00e9 descrever a forma como a Sport Academy Education &amp; Training S.L., as nossas subsidi\u00e1rias e as nossas sucursais (\u201cSIH\u201d, \u201cSport Academy\u201d, \u201cn\u00f3s\u201d ou \u201cnosso\u201d) recolhem, utilizam e partilham informa\u00e7\u00f5es sobre ti atrav\u00e9s das nossas interfaces online detidas e controladas por n\u00f3s, incluindo, mas n\u00e3o se limitando a sportacademy.com e moodle.sportacademy.com (coletivamente referidas aqui como o \u201cSite\u201d).<\/p><p>A Sport Academy Education &amp; Training S.L \u00e9 o respons\u00e1vel pelo tratamento dos dados pessoais que recolhemos sobre ti (ou seja, a entidade que determina os meios e as finalidades da recolha, utiliza\u00e7\u00e3o e divulga\u00e7\u00e3o dos dados pessoais), a menos que fa\u00e7as parte de um programa espec\u00edfico ou estejas em determinadas circunst\u00e2ncias que te foram comunicadas, caso em que a Sport Academy Education &amp; Training S.L \u00e9 o processador de dados.<\/p><p>Ao fornecer-nos os teus dados, garantes-nos que tens mais de 13 anos de idade.<\/p><p>A SA actualizar\u00e1 ocasionalmente esta declara\u00e7\u00e3o de privacidade. Quando o fizermos, tamb\u00e9m reveremos a data da \u201c\u00faltima revis\u00e3o\u201d no topo da declara\u00e7\u00e3o de privacidade. Se, em qualquer altura, decidirmos utilizar as tuas informa\u00e7\u00f5es de uma forma diferente da indicada na altura em que foram recolhidas, informar-te-emos, colocando um aviso bem vis\u00edvel neste s\u00edtio Web. Utilizaremos as informa\u00e7\u00f5es de acordo com a pol\u00edtica de privacidade ao abrigo da qual as informa\u00e7\u00f5es foram recolhidas.   <\/p><h2><strong>QUE DADOS RECOLHEMOS SOBRE TI E COM QUE FINALIDADE<\/strong><\/h2><p>Por dados pessoais entende-se qualquer informa\u00e7\u00e3o suscet\u00edvel de identificar uma pessoa. N\u00e3o inclui dados an\u00f3nimos. <\/p><p>Podemos processar as seguintes categorias de dados pessoais sobre ti:<\/p><ul><li>Os dados de comunica\u00e7\u00e3o incluem qualquer comunica\u00e7\u00e3o que nos envies, quer seja atrav\u00e9s do formul\u00e1rio de contacto no nosso s\u00edtio Web, por e-mail, texto, mensagens nas redes sociais, publica\u00e7\u00f5es nas redes sociais ou qualquer outra comunica\u00e7\u00e3o que nos envies. Processamos estes dados para efeitos de comunica\u00e7\u00e3o contigo, para manuten\u00e7\u00e3o de registos e para o estabelecimento, prossecu\u00e7\u00e3o ou defesa de ac\u00e7\u00f5es judiciais. O nosso fundamento jur\u00eddico para este tratamento s\u00e3o os nossos interesses leg\u00edtimos que, neste caso, consistem em responder \u00e0s comunica\u00e7\u00f5es que nos s\u00e3o enviadas, manter registos e estabelecer, prosseguir ou defender ac\u00e7\u00f5es judiciais.  <\/li><\/ul><ul><li>Os Dados do Cliente incluem dados relativos a quaisquer compras de bens e\/ou servi\u00e7os, tais como o teu nome, t\u00edtulo, endere\u00e7o de fatura\u00e7\u00e3o, endere\u00e7o de entrega, endere\u00e7o de e-mail, n\u00famero de telefone, detalhes de contacto, detalhes da compra e detalhes do cart\u00e3o. Processamos estes dados para fornecer os bens e\/ou servi\u00e7os que compraste e para manter registos dessas transac\u00e7\u00f5es. A nossa base legal para este processamento \u00e9 a execu\u00e7\u00e3o de um contrato entre ti e n\u00f3s e\/ou a tomada de medidas a teu pedido para celebrar esse contrato.  <ul><li>Para os utilizadores da Sport Academy (alunos, especialistas, gestores ou outros), pedimos-te o teu nome, o teu cargo e a organiza\u00e7\u00e3o para a qual trabalhas, bem como informa\u00e7\u00f5es sobre o teu \u201cperfil\u201d, tais como sectores de interesse e projectos que ser\u00e3o partilhados com outros participantes e com os nossos patrocinadores. Pediremos tamb\u00e9m os teus dados de contacto, mas n\u00e3o os partilharemos com os nossos patrocinadores (sujeito ao ponto abaixo) ou com os teus colegas delegados. O nosso objetivo ao recolher estas informa\u00e7\u00f5es \u00e9 facilitar o evento e a sua comunica\u00e7\u00e3o, em particular as oportunidades de networking e os e-mails e an\u00fancios direcionados, para permitir a cria\u00e7\u00e3o de uma experi\u00eancia relevante para os delegados e para te fornecer a ti e aos outros participantes um servi\u00e7o eficaz.  <\/li><li>A base legal em que nos baseamos para processar os dados pessoais dos delegados \u00e9 o Artigo 6(1)(f) do GDPR, que nos permite processar dados pessoais quando necess\u00e1rio para os nossos interesses leg\u00edtimos ou os interesses de terceiros. Se desejares, tens o direito de te opor a este tratamento e, se o desejares, contacta-nos atrav\u00e9s do e-mail support@sportacademy.com <\/li><\/ul><\/li><\/ul><ul><li>Dados do utilizador, que incluem dados sobre a forma como utilizas o nosso website e quaisquer servi\u00e7os online, juntamente com quaisquer dados que publiques para publica\u00e7\u00e3o no nosso website ou atrav\u00e9s de outros servi\u00e7os online. Processamos estes dados para operar o nosso website e garantir que te \u00e9 fornecido conte\u00fado relevante, para garantir a seguran\u00e7a do nosso website, para manter c\u00f3pias de seguran\u00e7a do nosso website e\/ou bases de dados e para permitir a publica\u00e7\u00e3o e administra\u00e7\u00e3o do nosso website, outros servi\u00e7os online e neg\u00f3cios. O nosso fundamento jur\u00eddico para este processamento s\u00e3o os nossos interesses leg\u00edtimos que, neste caso, s\u00e3o os de nos permitir administrar corretamente o nosso s\u00edtio Web e a nossa atividade.  <\/li><\/ul><ul><li>Dados t\u00e9cnicos que incluem dados sobre a tua utiliza\u00e7\u00e3o do nosso s\u00edtio Web e servi\u00e7os online, como o teu endere\u00e7o IP, os teus dados de in\u00edcio de sess\u00e3o, detalhes sobre o teu browser, dura\u00e7\u00e3o da visita \u00e0s p\u00e1ginas do nosso s\u00edtio Web, visualiza\u00e7\u00f5es de p\u00e1ginas e caminhos de navega\u00e7\u00e3o, detalhes sobre o n\u00famero de vezes que utilizas o nosso s\u00edtio Web, defini\u00e7\u00f5es de fuso hor\u00e1rio e outras tecnologias nos dispositivos que utilizas para aceder ao nosso s\u00edtio Web. A fonte destes dados \u00e9 o nosso sistema de controlo anal\u00edtico. Processamos estes dados para analisar a tua utiliza\u00e7\u00e3o do nosso s\u00edtio Web e de outros servi\u00e7os online, para administrar e proteger o nosso neg\u00f3cio e o nosso s\u00edtio Web, para te fornecer conte\u00fados e an\u00fancios relevantes no s\u00edtio Web e para compreender a efic\u00e1cia da nossa publicidade.    <\/li><\/ul><ul><li>Dados de marketing que incluem dados sobre as tuas prefer\u00eancias na rece\u00e7\u00e3o de marketing da nossa parte e de terceiros e as tuas prefer\u00eancias de comunica\u00e7\u00e3o. Processamos estes dados para permitir que participes nas nossas promo\u00e7\u00f5es, tais como concursos, sorteios e ofertas gratuitas, para te fornecer conte\u00fados e an\u00fancios relevantes no website e medir ou compreender a efic\u00e1cia desta publicidade.   <\/li><li>Podemos utilizar os Dados do Cliente, os Dados do Utilizador, os Dados T\u00e9cnicos e os Dados de Marketing para te apresentar conte\u00fados e an\u00fancios relevantes do s\u00edtio Web (incluindo an\u00fancios do LinkedIn e do Google ou outros an\u00fancios de visualiza\u00e7\u00e3o) e para medir ou compreender a efic\u00e1cia da publicidade que te apresentamos.  <\/li><li>N\u00e3o recolhemos quaisquer dados sens\u00edveis sobre ti. Os dados sens\u00edveis referem-se a dados que incluem detalhes sobre a tua ra\u00e7a ou etnia, cren\u00e7as religiosas ou filos\u00f3ficas, vida sexual, orienta\u00e7\u00e3o sexual, opini\u00f5es pol\u00edticas, filia\u00e7\u00e3o sindical, informa\u00e7\u00f5es sobre a tua sa\u00fade e dados gen\u00e9ticos e biom\u00e9tricos. N\u00e3o recolhemos quaisquer informa\u00e7\u00f5es sobre condena\u00e7\u00f5es penais e infrac\u00e7\u00f5es.  <\/li><\/ul><p>Se formos obrigados a recolher dados pessoais por lei, ou ao abrigo dos termos do contrato entre n\u00f3s, e n\u00e3o nos forneceres esses dados quando solicitados, poderemos n\u00e3o conseguir executar o contrato (por exemplo, para te entregar bens ou servi\u00e7os). Se n\u00e3o nos forneceres os dados solicitados, poderemos ter de cancelar um produto ou servi\u00e7o que tenhas encomendado mas, se o fizermos, notificar-te-emos na altura. <\/p><p>Apenas utilizaremos os teus dados pessoais para o fim para que foram recolhidos ou para um fim razoavelmente compat\u00edvel, se necess\u00e1rio. No caso de precisarmos de utilizar os teus dados para uma nova finalidade n\u00e3o relacionada, informar-te-emos e explicaremos os fundamentos legais para o processamento. <\/p><p>Podemos processar os teus dados pessoais sem o teu conhecimento ou consentimento quando tal for exigido ou permitido por lei.<\/p><p>N\u00e3o tomamos decis\u00f5es automatizadas nem efectuamos qualquer tipo de defini\u00e7\u00e3o autom\u00e1tica de perfis.  <\/p><h2> <\/h2><h2><strong>COMO RECOLHEMOS OS TEUS DADOS PESSOAIS<\/strong><\/h2><p>Podemos recolher dados sobre ti se nos forneceres os dados diretamente (por exemplo, registando-te como utilizador, preenchendo formul\u00e1rios no nosso site ou enviando-nos e-mails). Podemos recolher automaticamente determinados dados teus \u00e0 medida que utilizas o nosso s\u00edtio Web, utilizando cookies e tecnologias semelhantes. Consulta a nossa pol\u00edtica de cookies para obteres mais informa\u00e7\u00f5es sobre este assunto.  <\/p><p>Podemos receber dados de terceiros como fornecedores de an\u00e1lises, como o Google, sediado fora da UE, redes de publicidade, como o Facebook, sediado fora da UE, fornecedores de informa\u00e7\u00f5es de pesquisa, como o Google, sediado fora da UE, fornecedores de servi\u00e7os t\u00e9cnicos, de pagamento e de entrega, como corretores ou agregadores de dados.<\/p><p>Tamb\u00e9m podemos receber dados de fontes publicamente dispon\u00edveis, como a Companies House e o Registo Eleitoral, com sede na UE.<\/p><h2> <\/h2><h2><strong>COMUNICA\u00c7\u00d5ES DE MARKETING<\/strong><\/h2><p>Ao abrigo dos Regulamentos de Privacidade e Comunica\u00e7\u00f5es Electr\u00f3nicas, podemos enviar-te comunica\u00e7\u00f5es de marketing da nossa parte se (i) tiveres feito uma compra ou nos tiveres pedido informa\u00e7\u00f5es sobre os nossos bens ou servi\u00e7os ou (ii) tiveres concordado em receber comunica\u00e7\u00f5es de marketing e, em cada caso, n\u00e3o tiveres optado por n\u00e3o receber essas comunica\u00e7\u00f5es desde ent\u00e3o. Ao abrigo destes regulamentos, se fores uma sociedade an\u00f3nima, podemos enviar-te e-mails de marketing sem o teu consentimento. No entanto, podes optar por n\u00e3o receber e-mails de marketing da nossa parte em qualquer altura.    <\/p><p>Antes de partilharmos os teus dados pessoais com terceiros para fins de marketing, obteremos o teu consentimento expresso.<\/p><p>Podes pedir-nos, a n\u00f3s ou a terceiros, que deixemos de te enviar mensagens de marketing em qualquer altura, seguindo as liga\u00e7\u00f5es de exclus\u00e3o em qualquer mensagem de marketing que te seja enviada ou enviando-nos um e-mail para support@sportacademy.com em qualquer altura.<\/p><p>Se optares por n\u00e3o receber comunica\u00e7\u00f5es de marketing, esta op\u00e7\u00e3o n\u00e3o se aplica aos dados pessoais fornecidos em resultado de outras transac\u00e7\u00f5es, como compras, registos de garantia, etc.  <\/p><p> <\/p><h2><strong>DIVULGA\u00c7\u00c3O DOS TEUS DADOS PESSOAIS<\/strong><\/h2><p>Poderemos ter de partilhar os teus dados pessoais com as partes abaixo indicadas:<\/p><ul><li>Prestadores de servi\u00e7os que fornecem servi\u00e7os de TI e de administra\u00e7\u00e3o de sistemas.<\/li><li>Consultores profissionais, incluindo advogados, banqueiros, auditores e seguradoras.<\/li><li>Organismos governamentais que nos obrigam a comunicar actividades de processamento.<\/li><li>Terceiros a quem vendemos, transferimos ou fundimos partes do nosso neg\u00f3cio ou dos nossos activos.<\/li><\/ul><ul><li>Peritos e institui\u00e7\u00f5es de certifica\u00e7\u00e3o associados aos cursos em que te inscreves. Quando participas nos nossos cursos, podemos partilhar os teus dados pessoais (tais como o teu nome, detalhes de contacto e desempenho no curso) com especialistas em cursos e institui\u00e7\u00f5es de certifica\u00e7\u00e3o para efeitos de fornecimento de cursos e emiss\u00e3o de certifica\u00e7\u00f5es. Estas entidades s\u00e3o obrigadas a processar os teus dados em conformidade com as leis de prote\u00e7\u00e3o de dados aplic\u00e1veis e apenas para os fins especificados.  <\/li><\/ul><p>Exigimos a todos os terceiros a quem transferimos os teus dados que respeitem a seguran\u00e7a dos teus dados pessoais e que os tratem em conformidade com a lei. Apenas permitimos que esses terceiros processem os teus dados pessoais para fins espec\u00edficos e de acordo com as nossas instru\u00e7\u00f5es. <\/p><h2 class=\"wp-block-heading\"> <\/h2><h2><strong>TRANSFER\u00caNCIAS INTERNACIONAIS<\/strong><\/h2><p>Os pa\u00edses fora do Espa\u00e7o Econ\u00f3mico Europeu (EEE) nem sempre oferecem os mesmos n\u00edveis de prote\u00e7\u00e3o aos teus dados pessoais, pelo que a legisla\u00e7\u00e3o europeia proibiu as transfer\u00eancias de dados pessoais para fora do EEE, a menos que a transfer\u00eancia cumpra determinados crit\u00e9rios.<\/p><p>Alguns dos nossos prestadores de servi\u00e7os terceirizados est\u00e3o sediados fora do Espa\u00e7o Econ\u00f3mico Europeu (EEE), pelo que o processamento dos teus dados pessoais envolver\u00e1 uma transfer\u00eancia de dados para fora do EEE.<\/p><p>Sempre que transferimos os teus dados pessoais para fora do EEE, fazemos o nosso melhor para garantir um grau semelhante de seguran\u00e7a dos dados, assegurando que pelo menos uma das seguintes salvaguardas est\u00e1 em vigor:<\/p><ul><li>Apenas transferiremos os teus dados pessoais para pa\u00edses que a Comiss\u00e3o Europeia tenha aprovado como fornecendo um n\u00edvel adequado de prote\u00e7\u00e3o de dados pessoais; ou<\/li><li>Quando recorremos a determinados prestadores de servi\u00e7os, podemos utilizar contratos espec\u00edficos ou c\u00f3digos de conduta ou mecanismos de certifica\u00e7\u00e3o aprovados pela Comiss\u00e3o Europeia que conferem aos dados pessoais a mesma prote\u00e7\u00e3o que t\u00eam na Europa; ou<\/li><li>  Se utilizarmos fornecedores sediados nos EUA que fa\u00e7am parte do Escudo de Prote\u00e7\u00e3o da Privacidade UE-EUA, poderemos transferir dados para esses fornecedores, uma vez que disp\u00f5em de salvaguardas equivalentes.<\/li><\/ul><p>Se nenhuma das salvaguardas acima estiver dispon\u00edvel, podemos solicitar o teu consentimento expl\u00edcito para a transfer\u00eancia espec\u00edfica. Ter\u00e1s o direito de retirar este consentimento em qualquer altura.   <\/p><h2 class=\"wp-block-heading\"> <\/h2><h2><strong>SEGURAN\u00c7A DOS DADOS<\/strong><\/h2><p>Implement\u00e1mos medidas de seguran\u00e7a para evitar que os teus dados pessoais sejam acidentalmente perdidos, utilizados, alterados, divulgados ou acedidos sem autoriza\u00e7\u00e3o. Tamb\u00e9m permitimos o acesso aos teus dados pessoais apenas aos funcion\u00e1rios e parceiros que t\u00eam uma necessidade comercial de conhecer esses dados. Estes apenas processar\u00e3o os teus dados pessoais de acordo com as nossas instru\u00e7\u00f5es e devem mant\u00ea-los confidenciais.  <\/p><p>Temos procedimentos em vigor para lidar com qualquer suspeita de viola\u00e7\u00e3o de dados pessoais e notific\u00e1-lo-emos a si e a qualquer regulador aplic\u00e1vel de uma viola\u00e7\u00e3o, se formos legalmente obrigados a isso.<\/p><p>Todos os ficheiros armazenados online s\u00e3o encriptados e guardados em servidores de armazenamento seguros.<\/p><h2 class=\"wp-block-heading\"> <\/h2><h2><strong>RETEN\u00c7\u00c3O DE DADOS<\/strong><\/h2><p>Apenas conservaremos os teus dados pessoais durante o tempo necess\u00e1rio para cumprir as finalidades para as quais os recolhemos, incluindo para efeitos de cumprimento de quaisquer requisitos legais, contabil\u00edsticos ou de informa\u00e7\u00e3o.<\/p><p>Ao decidirmos qual o per\u00edodo de tempo correto para conservar os dados, temos em conta a sua quantidade, natureza e sensibilidade, o risco potencial de danos decorrentes de uma utiliza\u00e7\u00e3o ou divulga\u00e7\u00e3o n\u00e3o autorizada, as finalidades do tratamento, se estas podem ser alcan\u00e7adas por outros meios e os requisitos legais.<\/p><p>Para efeitos fiscais, a lei exige que mantenhamos informa\u00e7\u00f5es b\u00e1sicas sobre os nossos clientes (incluindo dados de contacto, de identidade, financeiros e de transac\u00e7\u00f5es) durante seis anos ap\u00f3s deixarem de ser clientes.<\/p><p>Em algumas circunst\u00e2ncias, podemos tornar an\u00f3nimos os teus dados pessoais para fins de investiga\u00e7\u00e3o ou estat\u00edsticos, caso em que podemos utilizar estas informa\u00e7\u00f5es indefinidamente sem te avisar.  <\/p><h2 class=\"wp-block-heading\"> <\/h2><h2><strong>OS TEUS DIREITOS LEGAIS<\/strong><\/h2><p>Ao abrigo das leis de prote\u00e7\u00e3o de dados, tens direitos em rela\u00e7\u00e3o aos teus dados pessoais, que incluem o direito de pedir acesso, corre\u00e7\u00e3o, apagamento, restri\u00e7\u00e3o, transfer\u00eancia, de te opores ao processamento, de portabilidade dos dados e (quando o fundamento legal do processamento \u00e9 o consentimento) de retirar o consentimento.<\/p><p>Se pretenderes exercer qualquer um dos direitos acima referidos, envia-nos um e-mail para support@sportacademy.com<\/p><p>N\u00e3o ter\u00e1s de pagar uma taxa para aceder aos teus dados pessoais (ou para exercer qualquer um dos outros direitos). No entanto, podemos cobrar uma taxa razo\u00e1vel se o teu pedido for claramente infundado, repetitivo ou excessivo, ou recusar dar seguimento ao teu pedido nestas circunst\u00e2ncias. <\/p><p>Poderemos ter de te pedir informa\u00e7\u00f5es espec\u00edficas para nos ajudar a confirmar a tua identidade e garantir o teu direito de aceder aos teus dados pessoais (ou de exercer qualquer outro dos teus direitos). Esta \u00e9 uma medida de seguran\u00e7a para garantir que os dados pessoais n\u00e3o s\u00e3o divulgados a qualquer pessoa que n\u00e3o tenha o direito de os receber. Podemos tamb\u00e9m contactar-te para te pedir mais informa\u00e7\u00f5es sobre o teu pedido, a fim de acelerar a nossa resposta.  <\/p><p>Tentamos responder a todos os pedidos leg\u00edtimos no prazo de um m\u00eas. Ocasionalmente, pode demorar mais de um m\u00eas se o teu pedido for particularmente complexo ou se tiveres feito uma s\u00e9rie de pedidos. Nesse caso, informar-te-emos.  <\/p><h2 class=\"wp-block-heading\"> <\/h2><h2><strong>LIGA\u00c7\u00d5ES DE TERCEIROS<\/strong><\/h2><p>Este s\u00edtio Web pode incluir liga\u00e7\u00f5es a s\u00edtios Web, plug-ins e aplica\u00e7\u00f5es de terceiros. Clicar nessas liga\u00e7\u00f5es ou ativar essas liga\u00e7\u00f5es pode permitir que terceiros recolham ou partilhem dados sobre ti. N\u00e3o controlamos estes s\u00edtios Web de terceiros e n\u00e3o somos respons\u00e1veis pelas suas declara\u00e7\u00f5es de privacidade. Quando sa\u00edres do nosso s\u00edtio Web, recomendamos-te que leias o aviso de privacidade de todos os s\u00edtios Web que visitares.     <\/p><h2 class=\"wp-block-heading\"> <\/h2><h2><strong>COOKIES<\/strong><\/h2><p>Podes configurar o teu browser para recusar todos ou alguns cookies do browser, ou para te alertar quando os websites configuram ou acedem a cookies. Se desactivares ou recusares os cookies, tem em aten\u00e7\u00e3o que algumas partes deste s\u00edtio Web podem ficar inacess\u00edveis ou n\u00e3o funcionar corretamente. Para mais informa\u00e7\u00f5es sobre os cookies que utilizamos, consulta a nossa pol\u00edtica de cookies.  <\/p><p><strong>Contactos<\/strong><\/p><p>Os nossos dados completos s\u00e3o:<\/p><p>Nome completo da entidade jur\u00eddica: <strong>Sport Academy Education &amp; Training S.L<\/strong> <br>Endere\u00e7o de correio eletr\u00f3nico: <strong>support@sportacademy.com<\/strong><br>Endere\u00e7o postal:  <strong>Edificio IMPULSA. C, Los Prados, 166, 33203 Gij\u00f3n, Ast\u00farias, ESPANHA <\/strong><\/p>\t\t\t\t\t\t\t\t<\/div>\n\t\t\t\t<\/div>\n\t\t\t\t\t<\/div>\n\t\t\t\t<\/div>\n\t\t\t\t<\/div>\n\t\t","protected":false},"excerpt":{"rendered":"<p>\u00daltima revis\u00e3o: 08 maio 2025 O objetivo deste Aviso de Privacidade \u00e9 descrever a forma como a Sport Academy Education &amp; Training S.L., as nossas subsidi\u00e1rias e as nossas sucursais (\u201cSIH\u201d, \u201cSport Academy\u201d, \u201cn\u00f3s\u201d ou \u201cnosso\u201d) recolhem, utilizam e partilham informa\u00e7\u00f5es sobre ti atrav\u00e9s das nossas interfaces online detidas e controladas por n\u00f3s, incluindo, mas&#8230;<\/p>\n","protected":false},"author":11,"featured_media":0,"parent":0,"menu_order":0,"comment_status":"closed","ping_status":"open","template":"","meta":{"productId":0,"courseId":0,"footnotes":""},"class_list":["post-34910","page","type-page","status-publish","hentry"],"_links":{"self":[{"href":"https:\/\/sportacademy.com\/pt-pt\/wp-json\/wp\/v2\/pages\/34910","targetHints":{"allow":["GET"]}}],"collection":[{"href":"https:\/\/sportacademy.com\/pt-pt\/wp-json\/wp\/v2\/pages"}],"about":[{"href":"https:\/\/sportacademy.com\/pt-pt\/wp-json\/wp\/v2\/types\/page"}],"author":[{"embeddable":true,"href":"https:\/\/sportacademy.com\/pt-pt\/wp-json\/wp\/v2\/users\/11"}],"replies":[{"embeddable":true,"href":"https:\/\/sportacademy.com\/pt-pt\/wp-json\/wp\/v2\/comments?post=34910"}],"version-history":[{"count":8,"href":"https:\/\/sportacademy.com\/pt-pt\/wp-json\/wp\/v2\/pages\/34910\/revisions"}],"predecessor-version":[{"id":37885,"href":"https:\/\/sportacademy.com\/pt-pt\/wp-json\/wp\/v2\/pages\/34910\/revisions\/37885"}],"wp:attachment":[{"href":"https:\/\/sportacademy.com\/pt-pt\/wp-json\/wp\/v2\/media?parent=34910"}],"curies":[{"name":"wp","href":"https:\/\/api.w.org\/{rel}","templated":true}]}}