{"id":34883,"date":"2024-09-23T12:57:21","date_gmt":"2024-09-23T10:57:21","guid":{"rendered":"https:\/\/sportacademy.com\/aviso-legal\/"},"modified":"2025-04-07T16:54:51","modified_gmt":"2025-04-07T14:54:51","slug":"aviso-legal","status":"publish","type":"page","link":"https:\/\/sportacademy.com\/pt-pt\/aviso-legal\/","title":{"rendered":"Aviso legal"},"content":{"rendered":"\t\t<div data-elementor-type=\"wp-page\" data-elementor-id=\"34883\" class=\"elementor elementor-34883 elementor-29305\" data-elementor-post-type=\"page\">\n\t\t\t\t<div class=\"elementor-element elementor-element-898ee41 e-flex e-con-boxed e-con e-parent\" data-id=\"898ee41\" data-element_type=\"container\" data-e-type=\"container\" data-settings=\"{&quot;jet_parallax_layout_list&quot;:[]}\">\n\t\t\t\t\t<div class=\"e-con-inner\">\n\t\t\t\t<div class=\"elementor-element elementor-element-81e1028 elementor-widget elementor-widget-heading\" data-id=\"81e1028\" data-element_type=\"widget\" data-e-type=\"widget\" data-widget_type=\"heading.default\">\n\t\t\t\t<div class=\"elementor-widget-container\">\n\t\t\t\t\t<h1 class=\"elementor-heading-title elementor-size-default\">Aviso legal<\/h1>\t\t\t\t<\/div>\n\t\t\t\t<\/div>\n\t\t\t\t<div class=\"elementor-element elementor-element-63793e8 elementor-widget__width-initial elementor-widget elementor-widget-text-editor\" data-id=\"63793e8\" data-element_type=\"widget\" data-e-type=\"widget\" data-widget_type=\"text-editor.default\">\n\t\t\t\t<div class=\"elementor-widget-container\">\n\t\t\t\t\t\t\t\t\t<p><span style=\"font-weight: 400;\">\u00daltima modifica\u00e7\u00e3o: 7 abril 2025<\/span><\/p><h2><strong> INFORMA\u00c7\u00d5ES GERAIS<\/strong><\/h2><p><span style=\"font-weight: 400;\">Em cumprimento do dever de informa\u00e7\u00e3o previsto na Lei 34\/2002, de 11 de julho, de Servi\u00e7os da Sociedade da Informa\u00e7\u00e3o e do Com\u00e9rcio Eletr\u00f3nico (LSSI-CE), apresentam-se a seguir os dados de informa\u00e7\u00e3o geral deste s\u00edtio Web:<\/span><\/p><p><span style=\"font-weight: 400;\">O propriet\u00e1rio deste site, www.sportacademy.com (doravante, o site), \u00e9 Sport Academy Education &amp; Training SL, com NIF: ES-B75244699 e inscrito no Registo Comercial das Ast\u00farias. Os dados de contacto s\u00e3o os seguintes:<\/span><\/p><p><span style=\"font-weight: 400;\">Endere\u00e7o: <\/span><\/p><p><span style=\"font-weight: 400;\">Nome completo da entidade jur\u00eddica: Sport Academy Education &amp; Training SL.<\/span><span style=\"font-weight: 400;\"><br \/><\/span><span style=\"font-weight: 400;\">Endere\u00e7o de correio eletr\u00f3nico: campus@sportacademy.com<\/span><span style=\"font-weight: 400;\"><br \/><\/span><span style=\"font-weight: 400;\">Endere\u00e7o postal: Edificio IMPULSA. C, Los Prados, 166, 33203 Gij\u00f3n, Ast\u00farias, ESPANHA <\/span><\/p><h2>CONDI\u00c7\u00d5ES GERAIS DE UTILIZA\u00c7\u00c3O<\/h2><p><span style=\"font-weight: 400;\">Objetivo dos termos: O s\u00edtio Web<\/span><\/p><p><span style=\"font-weight: 400;\">O objetivo das presentes Condi\u00e7\u00f5es Gerais de Utiliza\u00e7\u00e3o (doravante, Condi\u00e7\u00f5es) \u00e9 regular o acesso e a utiliza\u00e7\u00e3o do S\u00edtio Web. Para efeitos das presentes Condi\u00e7\u00f5es, o S\u00edtio Web deve ser entendido como incluindo: a apar\u00eancia externa das interfaces de ecr\u00e3, tanto est\u00e1tica como dinamicamente (ou seja, a \u00e1rvore de navega\u00e7\u00e3o), e todos os elementos integrados tanto nas interfaces de ecr\u00e3 como na \u00e1rvore de navega\u00e7\u00e3o (doravante, Conte\u00fado), bem como todos os servi\u00e7os ou recursos online que possam ser oferecidos aos utilizadores (doravante, Servi\u00e7os). <\/span><\/p><p><span style=\"font-weight: 400;\">A Sport Academy reserva-se o direito de modificar, a qualquer momento e sem aviso pr\u00e9vio, a apresenta\u00e7\u00e3o e configura\u00e7\u00e3o do Site, bem como os Conte\u00fados e Servi\u00e7os nele incorporados. O Utilizador reconhece e aceita que a Sport Academy pode interromper, desativar e\/ou cancelar, a qualquer momento, qualquer um dos elementos que comp\u00f5em o Website ou o acesso aos mesmos. <\/span><\/p><p><span style=\"font-weight: 400;\">O acesso ao Site \u00e9, em geral, gratuito para o Utilizador, n\u00e3o sendo necess\u00e1rio qualquer pagamento para o usufruir, com exce\u00e7\u00e3o do custo da liga\u00e7\u00e3o \u00e0 Internet fornecida pelo fornecedor de acesso contratado pelo Utilizador.<\/span><\/p><p><span style=\"font-weight: 400;\">A utiliza\u00e7\u00e3o de alguns dos Conte\u00fados ou Servi\u00e7os do s\u00edtio Web pode exigir a subscri\u00e7\u00e3o ou o registo pr\u00e9vio do Utilizador.<\/span><\/p><h3><strong>O utilizador<\/strong><\/h3><p><span style=\"font-weight: 400;\">O acesso, navega\u00e7\u00e3o e utiliza\u00e7\u00e3o do Website, bem como os espa\u00e7os de intera\u00e7\u00e3o entre Utilizadores e entre o Utilizador e a Sport Academy (tais como coment\u00e1rios e\/ou espa\u00e7os de blogging), conferem a condi\u00e7\u00e3o de Utilizador. Pelo simples facto de navegar no Site, o Utilizador aceita todas as Condi\u00e7\u00f5es aqui estabelecidas, bem como as suas modifica\u00e7\u00f5es posteriores, sem preju\u00edzo das normas legais imperativas que possam ser aplic\u00e1veis. Dada a import\u00e2ncia do exposto, recomenda-se que o Utilizador leia as Condi\u00e7\u00f5es sempre que visitar o S\u00edtio Web. <\/span><\/p><p><span style=\"font-weight: 400;\">O s\u00edtio Web da Sport Academy fornece uma vasta gama de informa\u00e7\u00f5es, servi\u00e7os e dados. O Utilizador assume a responsabilidade pela utiliza\u00e7\u00e3o adequada do S\u00edtio Web. Esta responsabilidade inclui: <\/span><\/p><p><span style=\"font-weight: 400;\">&#8211; Utiliza as informa\u00e7\u00f5es, os Conte\u00fados e\/ou os Servi\u00e7os e os dados oferecidos pela Sport Academy em conformidade com as presentes Condi\u00e7\u00f5es, a lei, a moral e a ordem p\u00fablica, e de forma a n\u00e3o prejudicar os direitos de terceiros ou o bom funcionamento do site.<\/span><\/p><p><span style=\"font-weight: 400;\">&#8211; Garantir a veracidade e legalidade das informa\u00e7\u00f5es fornecidas pelo Usu\u00e1rio nos formul\u00e1rios fornecidos pela Sport Academy para acesso a determinados Conte\u00fados ou Servi\u00e7os oferecidos pelo Site. Em qualquer caso, o Utilizador deve notificar imediatamente a Sport Academy de qualquer evento que permita o uso indevido das informa\u00e7\u00f5es registadas, como roubo, perda ou acesso n\u00e3o autorizado a identificadores e\/ou senhas, a fim de proceder ao seu cancelamento imediato. <\/span><\/p><p><span style=\"font-weight: 400;\">A Academia Deportiva reserva-se o direito de retirar todos os coment\u00e1rios e contribui\u00e7\u00f5es que violem a lei, o respeito pela dignidade da pessoa, que sejam discriminat\u00f3rios, xen\u00f3fobos, racistas, pornogr\u00e1ficos, spam, que ameacem a juventude ou a inf\u00e2ncia, a ordem ou a seguran\u00e7a p\u00fablica ou que, na sua opini\u00e3o, n\u00e3o sejam adequados para publica\u00e7\u00e3o.<\/span><\/p><p><span style=\"font-weight: 400;\">Em qualquer caso, a Academia Deportiva n\u00e3o ser\u00e1 respons\u00e1vel pelas opini\u00f5es expressas pelos Utilizadores atrav\u00e9s dos coment\u00e1rios ou de outras ferramentas de blogging ou participa\u00e7\u00e3o que possam existir.<\/span><\/p><p><span style=\"font-weight: 400;\">O simples acesso a este s\u00edtio Web n\u00e3o implica qualquer tipo de rela\u00e7\u00e3o comercial entre a Sport Academy e o Utilizador.<\/span><\/p><p><span style=\"font-weight: 400;\">Em conformidade com a legisla\u00e7\u00e3o aplic\u00e1vel, este s\u00edtio Web da Sport Academy destina-se a todas as pessoas, independentemente da idade, que possam aceder e\/ou navegar no s\u00edtio Web.<\/span><\/p><h2><strong>ACEDER E NAVEGAR NO S\u00cdTIO WEB: ISEN\u00c7\u00c3O DE GARANTIAS E DE RESPONSABILIDADE<\/strong><\/h2><p><span style=\"font-weight: 400;\">A Sport Academy n\u00e3o garante a continuidade, disponibilidade ou utilidade do site, do seu conte\u00fado ou servi\u00e7os. Embora a Sport Academy se esforce por assegurar o bom funcionamento do site, n\u00e3o assume qualquer responsabilidade ou garantia de que o acesso ao site seja ininterrupto ou isento de erros. <\/span><\/p><p><span style=\"font-weight: 400;\">Da mesma forma, n\u00e3o garante que o conte\u00fado ou o software acess\u00edvel atrav\u00e9s do site esteja isento de erros ou cause danos ao sistema inform\u00e1tico (software e hardware) do utilizador. Em nenhuma circunst\u00e2ncia a Sport Academy ser\u00e1 respons\u00e1vel por qualquer perda, dano ou preju\u00edzo de qualquer tipo decorrente do acesso, navega\u00e7\u00e3o e utiliza\u00e7\u00e3o do site, incluindo, mas n\u00e3o se limitando a, aqueles causados aos sistemas inform\u00e1ticos ou aqueles causados pela introdu\u00e7\u00e3o de v\u00edrus. <\/span><\/p><p><span style=\"font-weight: 400;\">A Sport Academy tamb\u00e9m n\u00e3o \u00e9 respons\u00e1vel por quaisquer danos causados aos utilizadores por uma utiliza\u00e7\u00e3o incorrecta do s\u00edtio Web, nomeadamente em caso de falhas, interrup\u00e7\u00f5es ou defeitos de telecomunica\u00e7\u00f5es.<\/span><\/p><h2><strong> POL\u00cdTICA DE PRIVACIDADE E PROTEC\u00c7\u00c3O DE DADOS<\/strong><\/h2><p><span style=\"font-weight: 400;\">A Sport Academy compromete-se a aplicar as medidas t\u00e9cnicas e organizativas necess\u00e1rias para garantir um n\u00edvel de seguran\u00e7a adequado em fun\u00e7\u00e3o do risco inerente aos dados recolhidos.<\/span><\/p><p><span style=\"font-weight: 400;\">Leis incorporadas na presente Pol\u00edtica de Privacidade<\/span><\/p><p><span style=\"font-weight: 400;\">Esta pol\u00edtica de privacidade est\u00e1 em conformidade com a legisla\u00e7\u00e3o espanhola e europeia em vigor sobre a prote\u00e7\u00e3o de dados pessoais na Internet. Concretamente, segue as seguintes normas: <\/span><\/p><p><span style=\"font-weight: 400;\">&#8211; Regulamento (UE) 2016\/679 do Parlamento Europeu e do Conselho, de 27 de abril de 2016, relativo \u00e0 prote\u00e7\u00e3o das pessoas singulares no que diz respeito ao tratamento de dados pessoais e \u00e0 livre circula\u00e7\u00e3o desses dados (RGPD).<\/span><\/p><p><span style=\"font-weight: 400;\">&#8211; Lei Org\u00e2nica 3\/2018, de 5 de dezembro, sobre a Prote\u00e7\u00e3o de Dados Pessoais e Garantia dos Direitos Digitais (LOPD-GDD).<\/span><\/p><p><span style=\"font-weight: 400;\">&#8211; Real Decreto 1720\/2007, de 21 de dezembro, pelo qual se aprova o Regulamento de desenvolvimento da Lei Org\u00e2nica 15\/1999, de 13 de dezembro, de Prote\u00e7\u00e3o de Dados de Car\u00e1cter Pessoal (RDLOPD).<\/span><\/p><p><span style=\"font-weight: 400;\">&#8211; Lei 34\/2002, de 11 de julho, sobre Servi\u00e7os da Sociedade da Informa\u00e7\u00e3o e Com\u00e9rcio Eletr\u00f3nico (LSSI-CE).<\/span><\/p><p><span style=\"font-weight: 400;\">Identidade do respons\u00e1vel pelo tratamento<\/span><\/p><p><span style=\"font-weight: 400;\">O respons\u00e1vel pelo tratamento dos dados pessoais recolhidos na Sport Academy \u00e9 a Sport Academy Education &amp; Training SL, com NIF: ES-B75244699, inscrita no Registo Comercial das Ast\u00farias em C. Los Prados 166 Gij\u00f3n, Espanha. <\/span><\/p><p><span style=\"font-weight: 400;\">Registo de dados pessoais<\/span><\/p><p><span style=\"font-weight: 400;\">Em cumprimento do disposto no RGPD e na LOPD-GDD, informamos-te que os dados pessoais recolhidos atrav\u00e9s dos formul\u00e1rios do S\u00edtio Web ser\u00e3o incorporados e tratados nos nossos ficheiros com a finalidade de facilitar, agilizar e cumprir os compromissos estabelecidos entre Academia Deportiva e o Utilizador, ou para manter a rela\u00e7\u00e3o estabelecida atrav\u00e9s dos formul\u00e1rios que preenchas ou para responder aos teus pedidos ou consultas. Ser\u00e1 mantido um registo das actividades de tratamento no qual ser\u00e3o especificadas as actividades de tratamento realizadas de acordo com os requisitos do RGPD, em fun\u00e7\u00e3o das suas finalidades. <\/span><\/p><p><strong>Princ\u00edpios aplic\u00e1veis ao tratamento de dados pessoais<\/strong><\/p><p><span style=\"font-weight: 400;\">O tratamento dos dados pessoais do Utilizador deve respeitar os seguintes princ\u00edpios:<\/span><\/p><p><span style=\"font-weight: 400;\">&#8211; Legalidade, equidade e transpar\u00eancia: Ser\u00e1 necess\u00e1rio o consentimento do utilizador com total transpar\u00eancia sobre os fins para os quais os dados pessoais s\u00e3o recolhidos.<\/span><\/p><p><span style=\"font-weight: 400;\">&#8211; Limita\u00e7\u00e3o da finalidade: Os dados pessoais ser\u00e3o recolhidos para fins espec\u00edficos, expl\u00edcitos e leg\u00edtimos.<\/span><\/p><p><span style=\"font-weight: 400;\">&#8211; Minimiza\u00e7\u00e3o dos dados: S\u00f3 ser\u00e3o recolhidos os dados necess\u00e1rios para o fim a que se destinam.<\/span><\/p><p><span style=\"font-weight: 400;\">&#8211; Exatid\u00e3o: Os dados pessoais devem ser exactos e actualizados.<\/span><\/p><p><span style=\"font-weight: 400;\">&#8211; Limita\u00e7\u00e3o da conserva\u00e7\u00e3o: Os dados ser\u00e3o conservados apenas durante o tempo necess\u00e1rio ao seu tratamento.<\/span><\/p><p><span style=\"font-weight: 400;\">&#8211; Integridade e confidencialidade: Os dados ser\u00e3o tratados de forma segura e confidencial.<\/span><\/p><p><span style=\"font-weight: 400;\">&#8211; Responsabilidade: O Controlador \u00e9 respons\u00e1vel por garantir o cumprimento destes princ\u00edpios.<\/span><\/p><p><strong>Categorias de dados pessoais<\/strong><\/p><p><span style=\"font-weight: 400;\">A Sport Academy apenas processa dados de identifica\u00e7\u00e3o. N\u00e3o s\u00e3o processadas categorias especiais de dados pessoais. <\/span><\/p><p><strong>Base jur\u00eddica para o tratamento de dados pessoais<\/strong><\/p><p><span style=\"font-weight: 400;\">A base legal para o tratamento de dados pessoais \u00e9 o consentimento do Utilizador. A Sport Academy compromete-se a obter o consentimento expresso e verific\u00e1vel do Utilizador para o tratamento dos seus dados pessoais para uma ou mais finalidades espec\u00edficas. O Utilizador tem o direito de retirar o seu consentimento a qualquer momento, sendo que a retirada do consentimento n\u00e3o afectar\u00e1 a utiliza\u00e7\u00e3o do S\u00edtio Web. <\/span><\/p><p><span style=\"font-weight: 400;\">Ao fornecer dados atrav\u00e9s de formul\u00e1rios de inqu\u00e9rito ou de pedido, o Utilizador ser\u00e1 informado se o fornecimento de determinados dados \u00e9 obrigat\u00f3rio, uma vez que pode ser necess\u00e1rio para o processamento correto do seu pedido.<\/span><\/p><p><strong>Finalidades do tratamento de dados pessoais<\/strong><\/p><p><span style=\"font-weight: 400;\">Os dados pessoais s\u00e3o recolhidos e geridos pela Sport Academy para facilitar, agilizar e cumprir os compromissos estabelecidos entre o Site e o Utilizador, ou para a manuten\u00e7\u00e3o da rela\u00e7\u00e3o estabelecida atrav\u00e9s dos formul\u00e1rios que o Utilizador preenche ou responde a pedidos ou consultas. Os dados tamb\u00e9m podem ser utilizados para fins comerciais personalizados, fins operacionais e estat\u00edsticos e actividades alinhadas com os objectivos da Sport Academy, incluindo extra\u00e7\u00e3o de dados, armazenamento e estudos de marketing. <\/span><\/p><p><strong>Per\u00edodo de conserva\u00e7\u00e3o dos dados pessoais<\/strong><\/p><p><span style=\"font-weight: 400;\">Os dados pessoais ser\u00e3o conservados apenas durante o tempo necess\u00e1rio para efeitos de tratamento e, em qualquer caso, por um per\u00edodo m\u00e1ximo de 5 anos ou at\u00e9 que o Utilizador solicite a sua elimina\u00e7\u00e3o.<\/span><\/p><p><strong>Dados pessoais de menores<\/strong><\/p><p><span style=\"font-weight: 400;\">S\u00f3 as pessoas com mais de 14 anos de idade podem consentir legalmente no tratamento dos seus dados pela Sport Academy. No caso de crian\u00e7as com menos de 14 anos, \u00e9 necess\u00e1rio o consentimento de um dos pais ou de um tutor para que o tratamento seja legal. <\/span><\/p><p><strong>Seguran\u00e7a e confidencialidade dos dados<\/strong><\/p><p><span style=\"font-weight: 400;\">A Sport Academy compromete-se a tomar as medidas t\u00e9cnicas e organizativas adequadas para garantir a seguran\u00e7a dos dados recolhidos. O site utiliza certificados SSL (Secure Socket Layer), que garantem que os dados pessoais s\u00e3o transmitidos de forma segura e confidencial. No entanto, como a seguran\u00e7a absoluta n\u00e3o pode ser garantida na Internet, a Sport Academy notificar\u00e1 o Utilizador de qualquer viola\u00e7\u00e3o de dados, conforme exigido pelo RGPD. <\/span><\/p><p><strong>Direitos dos utilizadores**<\/strong><\/p><p><span style=\"font-weight: 400;\">&#8211; Direito de acesso: O Utilizador tem o direito de obter confirma\u00e7\u00e3o sobre se a Sport Academy est\u00e1 a processar os seus dados pessoais. Em caso afirmativo, pode solicitar informa\u00e7\u00f5es sobre os dados pessoais espec\u00edficos que est\u00e3o a ser processados, o processamento efectuado, a origem dos dados e os destinat\u00e1rios dos dados. <\/span><\/p><p><span style=\"font-weight: 400;\">&#8211; Direito de retifica\u00e7\u00e3o: O Utilizador tem o direito de modificar quaisquer dados pessoais que estejam incorrectos ou incompletos.<\/span><\/p><p><span style=\"font-weight: 400;\">&#8211; Direito ao apagamento (&#8220;Direito a ser esquecido&#8221;): O Utilizador tem o direito de solicitar o apagamento dos seus dados pessoais quando estes deixarem de ser necess\u00e1rios para os fins para que foram recolhidos, quando o consentimento for retirado, quando n\u00e3o existir um motivo leg\u00edtimo para continuar o tratamento, quando os dados tiverem sido tratados ilicitamente ou quando os dados tiverem de ser apagados para o cumprimento de uma obriga\u00e7\u00e3o legal. O respons\u00e1vel pelo tratamento deve tomar medidas razo\u00e1veis para informar outros respons\u00e1veis pelo tratamento de dados do pedido de apagamento do Utilizador. <\/span><\/p><p><span style=\"font-weight: 400;\">&#8211; Direito de restringir o processamento: O Utilizador tem o direito de restringir o processamento dos seus dados pessoais em determinadas condi\u00e7\u00f5es, tais como contestar a exatid\u00e3o dos dados ou quando o processamento \u00e9 ilegal.<\/span><\/p><p><span style=\"font-weight: 400;\">&#8211; Direito \u00e0 portabilidade dos dados: Se o tratamento for automatizado, o Utilizador tem o direito de receber os seus dados pessoais num formato estruturado, de uso corrente e de leitura autom\u00e1tica, e de os transmitir a outro respons\u00e1vel pelo tratamento de dados, sempre que tal seja tecnicamente poss\u00edvel.<\/span><\/p><p><span style=\"font-weight: 400;\">&#8211; Direito de oposi\u00e7\u00e3o: O Utilizador tem o direito de se opor ao tratamento dos seus dados pessoais pela Sport Academy.<\/span><\/p><p><span style=\"font-weight: 400;\">&#8211; Direito de n\u00e3o estar sujeito a decis\u00f5es automatizadas: O Utilizador tem o direito de n\u00e3o estar sujeito a decis\u00f5es baseadas exclusivamente no tratamento automatizado dos seus dados pessoais, incluindo a defini\u00e7\u00e3o de perfis, exceto se tal for exigido por lei.<\/span><\/p><p><span style=\"font-weight: 400;\">Os utilizadores podem exercer os seus direitos enviando um pedido por escrito ao respons\u00e1vel pelo tratamento de dados com a refer\u00eancia &#8220;GDPR-www.sportacademy.com&#8221;, especificando:<\/span><\/p><p><span style=\"font-weight: 400;\">&#8211; Nome, apelido e c\u00f3pia do teu bilhete de identidade. Se te fizeres representar, \u00e9 igualmente necess\u00e1ria a identifica\u00e7\u00e3o do representante e a prova de representa\u00e7\u00e3o. A c\u00f3pia do DNI pode ser substitu\u00edda por qualquer meio v\u00e1lido de verifica\u00e7\u00e3o de identidade. <\/span><\/p><p><span style=\"font-weight: 400;\">&#8211; Um pedido que especifique a natureza espec\u00edfica do pedido ou das informa\u00e7\u00f5es solicitadas.<\/span><\/p><p><span style=\"font-weight: 400;\">&#8211; Um endere\u00e7o para efeitos de notifica\u00e7\u00e3o.<\/span><\/p><p><span style=\"font-weight: 400;\">&#8211; Data e assinatura do requerente.<\/span><\/p><p><span style=\"font-weight: 400;\">&#8211; Qualquer documento comprovativo do pedido.<\/span><\/p><p><span style=\"font-weight: 400;\">Esta candidatura e eventuais anexos podem ser enviados para o seguinte endere\u00e7o e\/ou endere\u00e7o eletr\u00f3nico:<\/span><\/p><p>Endere\u00e7o postal:<\/p><p><span style=\"font-weight: 400;\">Edif\u00edcio Impulsa.<br \/>C\/ Los Prados 166 <\/span><\/p><p><span style=\"font-weight: 400;\">33203 Gij\u00f3n, Espanha <\/span><\/p><p><span style=\"font-weight: 400;\">Correio eletr\u00f3nico: campus@sportacademy.com<\/span><\/p><p><strong>Liga\u00e7\u00f5es a s\u00edtios Web de terceiros<\/strong><\/p><p><span style=\"font-weight: 400;\">O s\u00edtio Web pode incluir hiperliga\u00e7\u00f5es para s\u00edtios Web de terceiros n\u00e3o geridos pela Sport Academy. Esses sites t\u00eam as suas pr\u00f3prias pol\u00edticas de prote\u00e7\u00e3o de dados e os seus propriet\u00e1rios s\u00e3o respons\u00e1veis pelas suas pr\u00f3prias pr\u00e1ticas e registos de privacidade. <\/span><\/p><p><strong>Queixas \u00e0 Autoridade de Controlo<\/strong><\/p><p><span style=\"font-weight: 400;\">Se o Utilizador considerar que existe um problema ou viola\u00e7\u00e3o em rela\u00e7\u00e3o ao tratamento dos seus dados pessoais, tem direito \u00e0 prote\u00e7\u00e3o judicial e a apresentar uma queixa junto de uma autoridade de controlo, especialmente no seu local de resid\u00eancia habitual ou de trabalho. Em Espanha, a autoridade de controlo \u00e9 a Ag\u00eancia Espanhola de Prote\u00e7\u00e3o de Dados (http:\/\/www.agpd.es). <\/span><\/p><p><strong>Aceita\u00e7\u00e3o e altera\u00e7\u00f5es ao presente Aviso Legal<\/strong><\/p><p><span style=\"font-weight: 400;\">Os utilizadores devem ler e aceitar as condi\u00e7\u00f5es relativas \u00e0 prote\u00e7\u00e3o dos dados pessoais contidas na presente Pol\u00edtica de Privacidade e consentir no tratamento dos seus dados pessoais. A utiliza\u00e7\u00e3o do s\u00edtio Web implica a aceita\u00e7\u00e3o da Pol\u00edtica de Privacidade. <\/span><\/p><p><span style=\"font-weight: 400;\">A Sport Academy reserva-se o direito de alterar a sua Pol\u00edtica de Privacidade quando considerar necess\u00e1rio ou devido a altera\u00e7\u00f5es na legisla\u00e7\u00e3o. As altera\u00e7\u00f5es ser\u00e3o explicitamente comunicadas aos Utilizadores. <\/span><\/p><p><span style=\"font-weight: 400;\">Esta Pol\u00edtica de Privacidade foi actualizada em 23 de setembro de 2024, para cumprir o Regulamento (UE) 2016\/679 do Parlamento Europeu e do Conselho, de 27 de abril de 2016, relativo \u00e0 prote\u00e7\u00e3o das pessoas singulares no que diz respeito ao tratamento de dados pessoais e \u00e0 livre circula\u00e7\u00e3o desses dados (RGPD), e a Lei Org\u00e2nica 3\/2018, de 5 de dezembro, relativa \u00e0 Prote\u00e7\u00e3o de Dados Pessoais e garantia dos direitos digitais (LOPD).<\/span><\/p>\t\t\t\t\t\t\t\t<\/div>\n\t\t\t\t<\/div>\n\t\t\t\t\t<\/div>\n\t\t\t\t<\/div>\n\t\t\t\t<\/div>\n\t\t","protected":false},"excerpt":{"rendered":"<p>\u00daltima modifica\u00e7\u00e3o: 7 abril 2025 INFORMA\u00c7\u00d5ES GERAIS Em cumprimento do dever de informa\u00e7\u00e3o previsto na Lei 34\/2002, de 11 de julho, de Servi\u00e7os da Sociedade da Informa\u00e7\u00e3o e do Com\u00e9rcio Eletr\u00f3nico (LSSI-CE), apresentam-se a seguir os dados de informa\u00e7\u00e3o geral deste s\u00edtio Web: O propriet\u00e1rio deste site, www.sportacademy.com (doravante, o site), \u00e9 Sport Academy Education&#8230;<\/p>\n","protected":false},"author":11,"featured_media":0,"parent":0,"menu_order":0,"comment_status":"closed","ping_status":"closed","template":"","meta":{"productId":0,"courseId":0,"footnotes":""},"class_list":["post-34883","page","type-page","status-publish","hentry"],"_links":{"self":[{"href":"https:\/\/sportacademy.com\/pt-pt\/wp-json\/wp\/v2\/pages\/34883","targetHints":{"allow":["GET"]}}],"collection":[{"href":"https:\/\/sportacademy.com\/pt-pt\/wp-json\/wp\/v2\/pages"}],"about":[{"href":"https:\/\/sportacademy.com\/pt-pt\/wp-json\/wp\/v2\/types\/page"}],"author":[{"embeddable":true,"href":"https:\/\/sportacademy.com\/pt-pt\/wp-json\/wp\/v2\/users\/11"}],"replies":[{"embeddable":true,"href":"https:\/\/sportacademy.com\/pt-pt\/wp-json\/wp\/v2\/comments?post=34883"}],"version-history":[{"count":6,"href":"https:\/\/sportacademy.com\/pt-pt\/wp-json\/wp\/v2\/pages\/34883\/revisions"}],"predecessor-version":[{"id":36988,"href":"https:\/\/sportacademy.com\/pt-pt\/wp-json\/wp\/v2\/pages\/34883\/revisions\/36988"}],"wp:attachment":[{"href":"https:\/\/sportacademy.com\/pt-pt\/wp-json\/wp\/v2\/media?parent=34883"}],"curies":[{"name":"wp","href":"https:\/\/api.w.org\/{rel}","templated":true}]}}