{"id":36930,"date":"2024-12-27T15:30:40","date_gmt":"2024-12-27T14:30:40","guid":{"rendered":"https:\/\/sportacademy.com\/product\/sport-transparency-index\/"},"modified":"2026-04-22T15:59:37","modified_gmt":"2026-04-22T13:59:37","slug":"sport-transparency-index","status":"publish","type":"product","link":"https:\/\/sportacademy.com\/fr\/cours\/sport-transparency-index\/","title":{"rendered":"Sport Transparency Index"},"content":{"rendered":"<p>Am\u00e9liorez la gouvernance et la cr\u00e9dibilit\u00e9 de votre organisation sportive gr\u00e2ce au <strong>cours sur l&#8217;indice de transparence du sport, votre<\/strong>guide ultime pour favoriser la transparence et la responsabilit\u00e9. Ce cours en ligne complet, cofinanc\u00e9 par le programme Erasmus+ de l&#8217;UE, fournit aux participants les outils et les strat\u00e9gies n\u00e9cessaires pour atteindre l&#8217;excellence en mati\u00e8re de gouvernance. <\/p>\n","protected":false},"excerpt":{"rendered":"<p>D\u00e9couvrez les 15 indicateurs essentiels qui \u00e9valuent la transparence \u00e0 travers les dimensions organisationnelles, op\u00e9rationnelles et financi\u00e8res. Gr\u00e2ce \u00e0 des modules attrayants et \u00e0 des \u00e9tudes de cas r\u00e9els, vous obtiendrez des informations utiles pour am\u00e9liorer le score de transparence de votre organisation et promouvoir des pratiques de gouvernance durables. <\/p>\n","protected":false},"featured_media":37066,"template":"","meta":{"featured":"false","hide":"false"},"product_brand":[],"product_cat":[297],"product_tag":[],"school":[305],"language":[990],"instructors":[635,646,684,719,728,754],"entidades-certificadoras":[1352],"class_list":{"0":"post-36930","1":"product","2":"type-product","3":"status-publish","4":"has-post-thumbnail","6":"product_cat-gouvernance-des-organisations-sportives","7":"school-governance-and-diplomacy-fr","8":"language-english-fr","9":"instructors-antonio-silva-phd-fr","10":"instructors-dimosthenis-dimopoulos-fr","11":"instructors-joao-jorge-fr","12":"instructors-panos-papageorgiou-fr","13":"instructors-philipp-reisner-fr","14":"instructors-silvia-da-costa-fr","15":"entidades-certificadoras-sti","17":"first","18":"instock","19":"virtual","20":"sold-individually","21":"taxable","22":"purchasable","23":"product-type-simple"},"_links":{"self":[{"href":"https:\/\/sportacademy.com\/fr\/wp-json\/wp\/v2\/product\/36930","targetHints":{"allow":["GET"]}}],"collection":[{"href":"https:\/\/sportacademy.com\/fr\/wp-json\/wp\/v2\/product"}],"about":[{"href":"https:\/\/sportacademy.com\/fr\/wp-json\/wp\/v2\/types\/product"}],"version-history":[{"count":1,"href":"https:\/\/sportacademy.com\/fr\/wp-json\/wp\/v2\/product\/36930\/revisions"}],"predecessor-version":[{"id":38756,"href":"https:\/\/sportacademy.com\/fr\/wp-json\/wp\/v2\/product\/36930\/revisions\/38756"}],"wp:featuredmedia":[{"embeddable":true,"href":"https:\/\/sportacademy.com\/fr\/wp-json\/wp\/v2\/media\/37066"}],"wp:attachment":[{"href":"https:\/\/sportacademy.com\/fr\/wp-json\/wp\/v2\/media?parent=36930"}],"wp:term":[{"taxonomy":"product_brand","embeddable":true,"href":"https:\/\/sportacademy.com\/fr\/wp-json\/wp\/v2\/product_brand?post=36930"},{"taxonomy":"product_cat","embeddable":true,"href":"https:\/\/sportacademy.com\/fr\/wp-json\/wp\/v2\/product_cat?post=36930"},{"taxonomy":"product_tag","embeddable":true,"href":"https:\/\/sportacademy.com\/fr\/wp-json\/wp\/v2\/product_tag?post=36930"},{"taxonomy":"school","embeddable":true,"href":"https:\/\/sportacademy.com\/fr\/wp-json\/wp\/v2\/school?post=36930"},{"taxonomy":"language","embeddable":true,"href":"https:\/\/sportacademy.com\/fr\/wp-json\/wp\/v2\/language?post=36930"},{"taxonomy":"instructors","embeddable":true,"href":"https:\/\/sportacademy.com\/fr\/wp-json\/wp\/v2\/instructors?post=36930"},{"taxonomy":"entidades-certificadoras","embeddable":true,"href":"https:\/\/sportacademy.com\/fr\/wp-json\/wp\/v2\/entidades-certificadoras?post=36930"}],"curies":[{"name":"wp","href":"https:\/\/api.w.org\/{rel}","templated":true}]}}