{"id":36660,"date":"2024-12-02T16:39:38","date_gmt":"2024-12-02T15:39:38","guid":{"rendered":"https:\/\/sportacademy.com\/product\/active-ageing-strategies-for-municipalities\/"},"modified":"2026-04-22T16:01:30","modified_gmt":"2026-04-22T14:01:30","slug":"active-ageing-strategies-for-municipalities","status":"publish","type":"product","link":"https:\/\/sportacademy.com\/fr\/cours\/active-ageing-strategies-for-municipalities\/","title":{"rendered":"Active Ageing Strategies for Municipalities"},"content":{"rendered":"<p data-pm-slice=\"1 1 []\">En int\u00e9grant les r\u00e9sultats de ces diverses sources, ce cours vise \u00e0 fournir une vue d&#8217;ensemble de la mani\u00e8re dont les interventions num\u00e9riques peuvent \u00eatre optimis\u00e9es pour soutenir l&#8217;activit\u00e9 physique chez les personnes \u00e2g\u00e9es. Les connaissances acquises serviront au d\u00e9veloppement et \u00e0 la mise en \u0153uvre du projet EUAPPTIVE, ce qui permettra d&#8217;am\u00e9liorer la sant\u00e9 et le bien-\u00eatre de cette population de plus en plus nombreuse.<\/p>\n<p data-start=\"304\" data-end=\"711\">Soutenez un vieillissement plus sain et plus actif dans votre communaut\u00e9 gr\u00e2ce \u00e0 ce cours dirig\u00e9 par des experts et con\u00e7u sp\u00e9cifiquement pour les municipalit\u00e9s. Le <strong data-start=\"430\" data-end=\"479\">cours \u00ab Strat\u00e9gies de vieillissement actif pour les municipalit\u00e9s \u00bb<\/strong> fait partie du <strong data-start=\"495\" data-end=\"516\">projet EUAPPTIVE<\/strong>, une initiative financ\u00e9e par la Commission europ\u00e9enne qui se concentre sur l&#8217;utilisation d \u00ab <strong data-start=\"575\" data-end=\"599\">outils de sant\u00e9 num\u00e9riques &#8211;<\/strong>applications mobiles, wearables et plateformes de fitness en ligne &#8211; afin d&#8217;augmenter l \u00bb<strong data-start=\"670\" data-end=\"710\">activit\u00e9 physique chez les personnes \u00e2g\u00e9es<\/strong>.<\/p>\n","protected":false},"excerpt":{"rendered":"<p data-pm-slice=\"1 1 []\">Aidez les personnes \u00e2g\u00e9es de votre communaut\u00e9 \u00e0 rester actives et ind\u00e9pendantes gr\u00e2ce \u00e0 ce cours pratique du <strong data-start=\"201\" data-end=\"232\">projet EUAPPTIVE financ\u00e9 par l&#8217;UE.<\/strong> Apprenez \u00e0 utiliser des <strong data-start=\"251\" data-end=\"268\">outils num\u00e9riques (applications<\/strong>, dispositifs portables et programmes en ligne) pour promouvoir l&#8217;<strong data-start=\"317\" data-end=\"357\">activit\u00e9 physique chez les personnes \u00e2g\u00e9es<\/strong>. D\u00e9couvrez des strat\u00e9gies \u00e9prouv\u00e9es, organisez des groupes de discussion locaux et concevez des interventions efficaces et personnalis\u00e9es en mati\u00e8re de sant\u00e9 num\u00e9rique.<\/p>\n","protected":false},"featured_media":36934,"template":"","meta":{"featured":"false","hide":"false"},"product_brand":[],"product_cat":[298],"product_tag":[],"school":[306],"language":[990],"instructors":[660,666,687,536,722,742],"entidades-certificadoras":[274,1267],"class_list":{"0":"post-36660","1":"product","2":"type-product","3":"status-publish","4":"has-post-thumbnail","6":"product_cat-modes-de-vie-sains","7":"school-sante-et-activite-physique","8":"language-english-fr","9":"instructors-hugo-alonso-fr","10":"instructors-ilaria-marcella-piccinini-fr","11":"instructors-julia-fernandez-valdes-fr","12":"instructors-marcos-lopez-flores-phd-fr","13":"instructors-paolo-caserotti-fr","14":"instructors-ricardo-peneda-fr","15":"entidades-certificadoras-z-eunik","16":"entidades-certificadoras-sport-innovation-hub","18":"first","19":"instock","20":"virtual","21":"sold-individually","22":"taxable","23":"purchasable","24":"product-type-simple"},"_links":{"self":[{"href":"https:\/\/sportacademy.com\/fr\/wp-json\/wp\/v2\/product\/36660","targetHints":{"allow":["GET"]}}],"collection":[{"href":"https:\/\/sportacademy.com\/fr\/wp-json\/wp\/v2\/product"}],"about":[{"href":"https:\/\/sportacademy.com\/fr\/wp-json\/wp\/v2\/types\/product"}],"version-history":[{"count":6,"href":"https:\/\/sportacademy.com\/fr\/wp-json\/wp\/v2\/product\/36660\/revisions"}],"predecessor-version":[{"id":41514,"href":"https:\/\/sportacademy.com\/fr\/wp-json\/wp\/v2\/product\/36660\/revisions\/41514"}],"wp:featuredmedia":[{"embeddable":true,"href":"https:\/\/sportacademy.com\/fr\/wp-json\/wp\/v2\/media\/36934"}],"wp:attachment":[{"href":"https:\/\/sportacademy.com\/fr\/wp-json\/wp\/v2\/media?parent=36660"}],"wp:term":[{"taxonomy":"product_brand","embeddable":true,"href":"https:\/\/sportacademy.com\/fr\/wp-json\/wp\/v2\/product_brand?post=36660"},{"taxonomy":"product_cat","embeddable":true,"href":"https:\/\/sportacademy.com\/fr\/wp-json\/wp\/v2\/product_cat?post=36660"},{"taxonomy":"product_tag","embeddable":true,"href":"https:\/\/sportacademy.com\/fr\/wp-json\/wp\/v2\/product_tag?post=36660"},{"taxonomy":"school","embeddable":true,"href":"https:\/\/sportacademy.com\/fr\/wp-json\/wp\/v2\/school?post=36660"},{"taxonomy":"language","embeddable":true,"href":"https:\/\/sportacademy.com\/fr\/wp-json\/wp\/v2\/language?post=36660"},{"taxonomy":"instructors","embeddable":true,"href":"https:\/\/sportacademy.com\/fr\/wp-json\/wp\/v2\/instructors?post=36660"},{"taxonomy":"entidades-certificadoras","embeddable":true,"href":"https:\/\/sportacademy.com\/fr\/wp-json\/wp\/v2\/entidades-certificadoras?post=36660"}],"curies":[{"name":"wp","href":"https:\/\/api.w.org\/{rel}","templated":true}]}}