{"id":25912,"date":"2024-08-29T09:27:16","date_gmt":"2024-08-29T07:27:16","guid":{"rendered":"https:\/\/devwp.sportacademy.com\/producto\/ge-force\/"},"modified":"2025-06-19T09:01:30","modified_gmt":"2025-06-19T07:01:30","slug":"ge-force","status":"publish","type":"product","link":"https:\/\/sportacademy.com\/fr\/cours\/ge-force\/","title":{"rendered":"GE-FORCE"},"content":{"rendered":"<p>Gender Equality FORCE (GE-FORCE) vise \u00e0 donner aux organisations sportives les moyens d&#8217;\u00e9quilibrer les genres dans leurs postes de direction. L&#8217;objectif de ce cours en ligne est de sensibiliser, d&#8217;orienter et de soutenir les &#8220;nouveaux dirigeants&#8221; du sport et de les inciter \u00e0 participer au changement n\u00e9cessaire pour promouvoir la diversit\u00e9 et l&#8217;inclusion. <\/p>\n<p>\u00c9labor\u00e9 sur la base de recherches pr\u00e9alables approfondies, ce programme a pour principal objectif d&#8217;am\u00e9liorer la compr\u00e9hension du leadership des femmes et de fournir des recommandations pour promouvoir l&#8217;\u00e9galit\u00e9 des sexes au sein de l&#8217;industrie du sport.<\/p>\n<p>Cette ressource pr\u00e9cieuse est accessible \u00e0 tous les passionn\u00e9s de sport qui partagent la conviction que, gr\u00e2ce \u00e0 des efforts collectifs, nous pouvons faire progresser l&#8217;\u00e9galit\u00e9 entre les hommes et les femmes et cultiver un environnement qui encourage davantage de femmes \u00e0 occuper des postes de direction dans le domaine du sport.<\/p>\n<p>Ce cours a \u00e9t\u00e9 d\u00e9velopp\u00e9 avec le soutien du programme Erasmus+ de l&#8217;Union europ\u00e9enne. Les points de vue et opinions exprim\u00e9s sont toutefois ceux des auteurs uniquement et ne refl\u00e8tent pas n\u00e9cessairement ceux de l&#8217;Union europ\u00e9enne ou de l&#8217;EACEA. Ni l&#8217;Union europ\u00e9enne ni l&#8217;autorit\u00e9 de subvention ne peuvent en \u00eatre tenues pour responsables.  <\/p>\n<p><b>Ce que vous apprendrez ?<\/b><\/p>\n<ul>\n<li>Build organisational capacity to work transnationally and across sectors for gender equality.<\/li>\n<li>Address priorities in education, training, youth, and sport to enable sector-wide transformation.<\/li>\n<li>Recognise and create growth opportunities for women in sport leadership roles.<\/li>\n<li>Identify tasks and responsibilities for women in management to foster leadership development.<\/li>\n<li>Raise awareness of the benefits of women&#8217;s leadership and representation in decision-making.<\/li>\n<li>Equip women leaders with tools for effective networking and career planning.<\/li>\n<li>Promote gender equality and diversity in leadership through supportive organisational environments.<\/li>\n<li>Utilise media and social platforms to amplify gender equality and leadership messages.<\/li>\n<li>Understand and implement gender equality policies and work-life balance strategies.<\/li>\n<li>Learn to recognise, address, and take action against discrimination in sport and leadership.<\/li>\n<\/ul>\n<p>Skills set:<\/p>\n<ul>\n<li>Leadership<\/li>\n<li>Networking and Communication<\/li>\n<li>Strategic Planning<\/li>\n<li>Diversity and Inclusion Management<\/li>\n<li>Anti-Discrimination Advocacy<\/li>\n<li>Change Management<\/li>\n<\/ul>\n","protected":false},"excerpt":{"rendered":"<p>Le cours GE-FORCE permet aux organisations sportives d&#8217;\u00e9quilibrer les genres dans leurs postes de direction. En sensibilisant, en offrant des conseils et en soutenant les dirigeants sportifs \u00e9mergents, vous apprendrez \u00e0 catalyser le changement n\u00e9cessaire pour favoriser la diversit\u00e9 et l&#8217;inclusion. <\/p>\n","protected":false},"featured_media":37024,"template":"","meta":{"featured":"false","hide":"false"},"product_brand":[],"product_cat":[299],"product_tag":[],"school":[235],"language":[990],"instructors":[268,262,265,253,271,259,250,256],"entidades-certificadoras":[289,283,274,292,286,277,280],"class_list":{"0":"post-25912","1":"product","2":"type-product","3":"status-publish","4":"has-post-thumbnail","6":"product_cat-inclusion-et-diversite","7":"school-digital-and-innovation-fr","8":"language-english-fr","9":"instructors-aneta-lemiesz-fr","10":"instructors-antonella-bellutti-fr","11":"instructors-grzegorz-botwina-fr","12":"instructors-leonardo-cunha-fr","13":"instructors-malgorzata-slawinaka-fr","14":"instructors-shirim-amin-fr","15":"instructors-silvija-mitevska-fr","16":"instructors-susana-duarte-fr","17":"entidades-certificadoras-coc","18":"entidades-certificadoras-champions-factory","19":"entidades-certificadoras-z-eunik","20":"entidades-certificadoras-instytut-sportu","21":"entidades-certificadoras-assist","22":"entidades-certificadoras-1-olympic-committee-of-north-macedonia","23":"entidades-certificadoras-sport-evolution-alliance","25":"first","26":"instock","27":"virtual","28":"sold-individually","29":"taxable","30":"purchasable","31":"product-type-simple"},"_links":{"self":[{"href":"https:\/\/sportacademy.com\/fr\/wp-json\/wp\/v2\/product\/25912","targetHints":{"allow":["GET"]}}],"collection":[{"href":"https:\/\/sportacademy.com\/fr\/wp-json\/wp\/v2\/product"}],"about":[{"href":"https:\/\/sportacademy.com\/fr\/wp-json\/wp\/v2\/types\/product"}],"version-history":[{"count":3,"href":"https:\/\/sportacademy.com\/fr\/wp-json\/wp\/v2\/product\/25912\/revisions"}],"predecessor-version":[{"id":38805,"href":"https:\/\/sportacademy.com\/fr\/wp-json\/wp\/v2\/product\/25912\/revisions\/38805"}],"wp:featuredmedia":[{"embeddable":true,"href":"https:\/\/sportacademy.com\/fr\/wp-json\/wp\/v2\/media\/37024"}],"wp:attachment":[{"href":"https:\/\/sportacademy.com\/fr\/wp-json\/wp\/v2\/media?parent=25912"}],"wp:term":[{"taxonomy":"product_brand","embeddable":true,"href":"https:\/\/sportacademy.com\/fr\/wp-json\/wp\/v2\/product_brand?post=25912"},{"taxonomy":"product_cat","embeddable":true,"href":"https:\/\/sportacademy.com\/fr\/wp-json\/wp\/v2\/product_cat?post=25912"},{"taxonomy":"product_tag","embeddable":true,"href":"https:\/\/sportacademy.com\/fr\/wp-json\/wp\/v2\/product_tag?post=25912"},{"taxonomy":"school","embeddable":true,"href":"https:\/\/sportacademy.com\/fr\/wp-json\/wp\/v2\/school?post=25912"},{"taxonomy":"language","embeddable":true,"href":"https:\/\/sportacademy.com\/fr\/wp-json\/wp\/v2\/language?post=25912"},{"taxonomy":"instructors","embeddable":true,"href":"https:\/\/sportacademy.com\/fr\/wp-json\/wp\/v2\/instructors?post=25912"},{"taxonomy":"entidades-certificadoras","embeddable":true,"href":"https:\/\/sportacademy.com\/fr\/wp-json\/wp\/v2\/entidades-certificadoras?post=25912"}],"curies":[{"name":"wp","href":"https:\/\/api.w.org\/{rel}","templated":true}]}}