{"id":41906,"date":"2025-07-10T10:40:48","date_gmt":"2025-07-10T08:40:48","guid":{"rendered":"https:\/\/sportacademy.com\/payment-policy\/"},"modified":"2026-04-17T17:48:38","modified_gmt":"2026-04-17T15:48:38","slug":"payment-policy","status":"publish","type":"page","link":"https:\/\/sportacademy.com\/fr\/payment-policy\/","title":{"rendered":"Conditions de paiement"},"content":{"rendered":"\t\t<div data-elementor-type=\"wp-page\" data-elementor-id=\"41906\" class=\"elementor elementor-41906 elementor-39105\" data-elementor-post-type=\"page\">\n\t\t\t\t<div class=\"elementor-element elementor-element-f446508 e-flex e-con-boxed e-con e-parent\" data-id=\"f446508\" data-element_type=\"container\" data-e-type=\"container\" data-settings=\"{&quot;jet_parallax_layout_list&quot;:[]}\">\n\t\t\t\t\t<div class=\"e-con-inner\">\n\t\t\t\t<div class=\"elementor-element elementor-element-93946e3 elementor-widget elementor-widget-heading\" data-id=\"93946e3\" data-element_type=\"widget\" data-e-type=\"widget\" data-widget_type=\"heading.default\">\n\t\t\t\t<div class=\"elementor-widget-container\">\n\t\t\t\t\t<h1 class=\"elementor-heading-title elementor-size-default\">Conditions de paiement<\/h1>\t\t\t\t<\/div>\n\t\t\t\t<\/div>\n\t\t\t\t<div class=\"elementor-element elementor-element-cf181cf elementor-widget__width-initial elementor-widget elementor-widget-text-editor\" data-id=\"cf181cf\" data-element_type=\"widget\" data-e-type=\"widget\" data-widget_type=\"text-editor.default\">\n\t\t\t\t<div class=\"elementor-widget-container\">\n\t\t\t\t\t\t\t\t\t<p>Sport Academy Education &amp; Training SL (Sport Academy) propose des services d&#8217;apprentissage payants (par exemple, l&#8217;acc\u00e8s \u00e0 certains cours) et des produits (par exemple, des certificats) moyennant des frais. Sauf indication contraire, tous les frais sont indiqu\u00e9s en EUROS (\u20ac) et ne sont pas remboursables, sauf dans les cas pr\u00e9vus par notre Politique de remboursement ou lorsque la loi l&#8217;exige. Il vous incombe de r\u00e9gler tous les frais factur\u00e9s par ou pour le compte de Sport Academy, ainsi que les taxes applicables, dans les d\u00e9lais impartis, via le moyen de paiement associ\u00e9 aux Services payants concern\u00e9s. Avant d&#8217;effectuer tout paiement, vous aurez la possibilit\u00e9 de v\u00e9rifier et d&#8217;accepter les frais qui vous seront factur\u00e9s et, le cas \u00e9ch\u00e9ant, toutes les autres conditions g\u00e9n\u00e9rales associ\u00e9es \u00e0 votre achat (par exemple, les dates d&#8217;expiration des droits d&#8217;acc\u00e8s aux cours). Si votre moyen de paiement \u00e9choue ou si votre compte est en retard de paiement, nous pouvons recouvrer les frais \u00e0 l&#8217;aide d&#8217;autres m\u00e9canismes de recouvrement. Les frais peuvent varier en fonction de votre lieu de r\u00e9sidence et d&#8217;autres facteurs, et Sport Academy se r\u00e9serve le droit de modifier les frais \u00e0 tout moment, \u00e0 sa seule discr\u00e9tion. Toute modification, mise \u00e0 jour ou changement prendra effet imm\u00e9diatement apr\u00e8s sa publication via les Services concern\u00e9s.<br>      <\/p><h2><strong>MODES DE PAIEMENT<\/strong><\/h2><p>Le processus d&#8217;achat peut s&#8217;effectuer par carte de d\u00e9bit ou de cr\u00e9dit, via Apple Pay, Google Pay ou PayPal, gr\u00e2ce \u00e0 notre syst\u00e8me de point de vente virtuel g\u00e9r\u00e9 par Redsys. Si vous r\u00e9glez vos frais par carte de cr\u00e9dit, Sport Academy peut proc\u00e9der \u00e0 une pr\u00e9autorisation de votre compte de carte de cr\u00e9dit avant votre achat afin de v\u00e9rifier que la carte est valide et dispose des fonds ou du cr\u00e9dit n\u00e9cessaires pour couvrir votre achat. <\/p><p>Les prix applicables \u00e0 chaque produit sont ceux indiqu\u00e9s sur le site web \u00e0 la date \u00e0 laquelle vous passez votre commande, sauf erreur typographique. Les prix indiqu\u00e9s pour chaque service ou produit incluent la TVA applicable. <\/p><p>Sport Academy se r\u00e9serve le droit d&#8217;apporter \u00e0 tout moment et sans pr\u00e9avis les modifications qu&#8217;elle juge opportunes, et peut mettre \u00e0 jour ses fonctionnalit\u00e9s, ses produits et ses prix.<\/p><p>Lorsque vous effectuez un achat, vous vous engagez \u00e0 ne pas utiliser de moyen de paiement invalide ou non autoris\u00e9. Si une erreur survient avec votre moyen de paiement, mais que vous avez n\u00e9anmoins acc\u00e8s au contenu auquel vous vous \u00eates abonn\u00e9, vous vous engagez \u00e0 nous r\u00e9gler les frais applicables dans les 30 jours suivant la r\u00e9ception de notre notification. Nous nous r\u00e9servons le droit de d\u00e9sactiver l&#8217;acc\u00e8s \u00e0 tout contenu pour lequel nous n&#8217;avons pas re\u00e7u de paiement. Si nous ne sommes pas en mesure de traiter le paiement \u00e0 l&#8217;aide du moyen de paiement que nous avons enregistr\u00e9 pour vous, ou si vous demandez un remboursement contest\u00e9 des frais pr\u00e9lev\u00e9s via votre moyen de paiement et que celui-ci est accord\u00e9, nous pouvons suspendre ou r\u00e9silier votre compte.   <\/p><p>Pour plus de d\u00e9tails sur nos politiques de remboursement et d&#8217;annulation, veuillez consulter les informations ci-dessous. Veuillez noter que nos politiques peuvent varier selon les offres et que les options de paiement peuvent diff\u00e9rer. Veuillez \u00e9galement noter que nous prenons tr\u00e8s au s\u00e9rieux toute violation de nos Conditions d&#8217;utilisation et que nous ne sommes pas tenus d&#8217;accorder de remboursement aux utilisateurs qui enfreignent ces conditions ou toute autre politique de Sport Academy, m\u00eame si leur demande est formul\u00e9e pendant la p\u00e9riode de remboursement pr\u00e9vue. De m\u00eame, nous ne sommes pas tenus d&#8217;accorder de remboursement a posteriori aux utilisateurs qui n&#8217;obtiennent pas la note minimale requise dans une offre de contenu ou qui ne sont pas satisfaits de leur note finale.   <\/p><h2><strong>Remboursements g\u00e9n\u00e9raux<\/strong><\/h2><p>Sport Academy n&#8217;effectue aucun remboursement pour les paiements effectu\u00e9s au titre de services ou de produits factur\u00e9s directement \u00e0 des entreprises, des administrations publiques ou des groupes d&#8217;\u00e9tudiants. Sauf dans les cas pr\u00e9vus par la pr\u00e9sente politique de remboursement ou mentionn\u00e9s explicitement dans le cadre du processus de souscription d&#8217;un service, Sport Academy n&#8217;est pas tenue d&#8217;accorder des remboursements ou des bons d&#8217;achat pour tout autre service. <\/p><p><strong>Remboursements des certificats:<\/strong><\/p><p><strong>Cours gratuits<\/strong><\/p><p><strong>Cours Premium<\/strong><\/p><p><strong>Post Graduate<\/strong><\/p><p><strong>Sp\u00e9cialisations<\/strong><\/p><p><strong>Executive Education<\/strong><\/p><p><strong>Programmes Masters<\/strong><\/p><p><strong>MBA<\/strong><\/p><p><strong>Parcours d&#8217;apprentissage<\/strong><\/p><p><strong>Offres promotionnelles<\/strong><\/p><p><strong>Droit de r\u00e9tractation des consommateurs europ\u00e9ens<\/strong><\/p><h3><strong>Remboursements des certificats<\/strong><\/h3><p>Si vous n&#8217;obtenez pas votre certificat de r\u00e9ussite dans les 180 jours suivant votre inscription \u00e0 un MOOC, votre inscription expirera et vous devrez payer pour vous r\u00e9inscrire au MOOC afin de le terminer et d&#8217;obtenir votre certificat de r\u00e9ussite.<\/p><p>Dans la plupart des cas, si vous payez pour obtenir un certificat de cours, vous pouvez demander un remboursement dans les deux semaines (14 jours) suivant votre paiement. Si vous payez pour obtenir un certificat de cours lors de la pr\u00e9inscription \u00e0 un cours qui n&#8217;est pas encore disponible, le d\u00e9lai de remboursement de deux semaines commence \u00e0 courir \u00e0 la date de d\u00e9but du cours. Une fois que vous avez obtenu votre certificat de formation, vous ne pouvez plus b\u00e9n\u00e9ficier d&#8217;un remboursement, m\u00eame si vous l&#8217;obtenez pendant le d\u00e9lai de remboursement de deux semaines.  <\/p><h3><strong>Cours gratuits<\/strong><\/h3><p>Les cours gratuits ne donnent lieu \u00e0 aucun frais d&#8217;inscription. Cependant, certains d&#8217;entre eux peuvent proposer une option de certificat payant \u00e0 l&#8217;issue de la formation. Une fois que vous aurez d\u00e9cid\u00e9 d&#8217;acheter ce certificat, aucun remboursement ne sera accord\u00e9.  <\/p><h3><strong>Cours Premium<\/strong><\/h3><p>Dans la plupart des cas, si vous payez pour vous inscrire \u00e0 un cours Premium, vous pouvez demander un remboursement dans les deux semaines (14 jours) suivant votre paiement. Si vous payez pour un cours Premium lors de la pr\u00e9inscription \u00e0 un cours qui n&#8217;est pas encore disponible, le d\u00e9lai de remboursement de deux semaines commence \u00e0 courir \u00e0 la date de d\u00e9but du cours. <\/p><p>Lorsque vous r\u00e9glez un cours, votre paiement est valable pendant 180 jours \u00e0 compter de la date de paiement ou de la date de d\u00e9but du cours, la date la plus tardive \u00e9tant retenue. Au cours de cette p\u00e9riode de 180 jours, vous pouvez suivre le cours une ou plusieurs fois, selon la description du cours d\u00e9finie par Sport Academy ou par l&#8217;organisme ou les organismes de certification. <\/p><p>Cette politique d&#8217;expiration peut varier selon les cours. Consultez la page d&#8217;informations de votre cours et l&#8217;e-mail de confirmation de paiement pour conna\u00eetre les \u00e9ventuelles exceptions. <\/p><p>Une fois que vous avez obtenu votre certificat \u00e0 l&#8217;issue d&#8217;un cours Premium, vous ne pouvez plus b\u00e9n\u00e9ficier d&#8217;un remboursement, m\u00eame si vous l&#8217;avez obtenu pendant la p\u00e9riode de remboursement de deux semaines. Si vous n&#8217;obtenez pas votre certificat dans un d\u00e9lai de 180 jours, votre inscription expirera et vous devrez payer pour vous r\u00e9inscrire au cours. <\/p><h3><strong>Post Graduate<\/strong><\/h3><p>Sauf indication contraire lors de l&#8217;inscription, vous disposez d&#8217;un an \u00e0 compter de votre inscription \u00e0 un programme de post graduate pour le terminer, ou du d\u00e9lai indiqu\u00e9 dans le programme d&#8217;\u00e9tudes.<\/p><h3><strong>Sp\u00e9cialisations<\/strong><\/h3><p>Sauf indication contraire lors de votre inscription, vous disposez d&#8217;un an \u00e0 compter de votre inscription \u00e0 une sp\u00e9cialisation pour la valider, ou du d\u00e9lai indiqu\u00e9 dans le programme de formation.<\/p><h3><strong>Executive Education<\/strong><\/h3><p>Sauf indication contraire lors de votre inscription, vous disposez d&#8217;un an \u00e0 compter de votre inscription \u00e0 un cours d&#8217;Executive Education, ou du d\u00e9lai indiqu\u00e9 dans le programme de la formation.<\/p><h3><strong>MBA<\/strong><\/h3><p>Sauf indication contraire lors de votre inscription, vous disposez d&#8217;un an \u00e0 compter de votre inscription au MBA pour le terminer, ou du d\u00e9lai indiqu\u00e9 dans le programme de formation.<\/p><h3><strong>Programmes Masters<\/strong><\/h3><p>Sauf indication contraire lors de la proc\u00e9dure d&#8217;inscription, vous disposez d&#8217;un an \u00e0 compter de votre inscription au master pour le terminer, ou du d\u00e9lai indiqu\u00e9 dans le programme d&#8217;\u00e9tudes.<\/p><h3><strong>Parcours d&#8217;apprentissage<\/strong><\/h3><p>Les parcours d&#8217;apprentissage sont des ensembles de cours interd\u00e9pendants dont les acquis d&#8217;apprentissage sont li\u00e9s les uns aux autres ; il est donc n\u00e9cessaire de suivre ces cours dans un ordre pr\u00e9cis et de les valider avant de passer au suivant.<\/p><p>Sauf indication contraire lors de votre inscription, vous disposez de deux ans \u00e0 compter de la date d&#8217;achat d&#8217;un parcours de formation pour le suivre dans son int\u00e9gralit\u00e9, ou selon les modalit\u00e9s indiqu\u00e9es dans la description. Nous n&#8217;accordons pas de remboursement partiel pour les paiements anticip\u00e9s relatifs aux parcours de formation. Si vous n&#8217;\u00eates pas certain de vouloir suivre l&#8217;int\u00e9gralit\u00e9 du parcours de formation, nous vous recommandons de payer cours par cours.  <\/p><h3>Offres promotionnelles<\/h3><p>Nous pouvons, de temps \u00e0 autre, proposer des offres promotionnelles ou des r\u00e9ductions (\u00ab Offres \u00bb). L&#8217;\u00e9ligibilit\u00e9 \u00e0 ces Offres est d\u00e9termin\u00e9e par Sport Academy \u00e0 sa seule discr\u00e9tion, et nous nous r\u00e9servons le droit de r\u00e9voquer une Offre si nous estimons que vous n&#8217;\u00eates pas \u00e9ligible. Les utilisateurs b\u00e9n\u00e9ficiant d\u00e9j\u00e0 d&#8217;une Offre peuvent ne pas \u00eatre \u00e9ligibles \u00e0 des Offres suppl\u00e9mentaires. Nous pouvons utiliser des informations telles que le mode de paiement ou l&#8217;adresse e-mail du compte utilis\u00e9 lors d&#8217;un achat aupr\u00e8s de Sport Academy pour d\u00e9terminer l&#8217;\u00e9ligibilit\u00e9 \u00e0 l&#8217;Offre. Les conditions d&#8217;\u00e9ligibilit\u00e9 ainsi que les autres restrictions et conditions seront communiqu\u00e9es lorsque vous vous inscrirez \u00e0 l&#8217;Offre ou dans d&#8217;autres communications qui vous seront transmises.    <\/p><h2>Droit de r\u00e9tractation des consommateurs europ\u00e9ens<\/h2><p>Outre les conditions de remboursement \u00e9nonc\u00e9es ci-dessus, si vous disposez d&#8217;un droit de r\u00e9tractation en vertu de la l\u00e9gislation en vigueur dans votre pays, y compris toute l\u00e9gislation applicable de l&#8217;Union europ\u00e9enne, alors :<\/p><ul><li>Vous disposez d&#8217;un droit de r\u00e9tractation d&#8217;une dur\u00e9e de 14 jours avant le d\u00e9but du cours. Vous pouvez r\u00e9silier votre contrat avec Sport Academy concernant les Services, sans avoir \u00e0 justifier votre d\u00e9cision. <\/li><li>Le d\u00e9lai de r\u00e9tractation expire 14 jours apr\u00e8s la date de conclusion de votre contrat. Toutefois, vous ne disposez pas d&#8217;un droit de r\u00e9tractation si les Services ont d\u00e9j\u00e0 \u00e9t\u00e9 enti\u00e8rement ex\u00e9cut\u00e9s avec votre accord pr\u00e9alable ou si l&#8217;ex\u00e9cution des Services a d\u00e9j\u00e0 commenc\u00e9 avec votre accord pr\u00e9alable. <\/li><li>Pour exercer votre droit de r\u00e9tractation, veuillez nous en informer en nous contactant <a href=\"mailto:support@sportacademy.com\">support@sportacademy.com<\/a>.<\/li><\/ul><p><strong>Mod\u00e8le de formulaire de r\u00e9tractation<\/strong> (veuillez remplir et renvoyer ce formulaire uniquement si vous souhaitez vous r\u00e9tracter du contrat)<\/p><ul><li>\u00c0 Sport Academy Education &amp; Training S.L., C\/Los Prados 166, Edificio Impulsa (33202), Gij\u00f3n, Espagne<\/li><li>Je\/Nous vous informe(ons) par la pr\u00e9sente que je\/nous me\/nous r\u00e9tracte(ons) du contrat de vente portant sur la fourniture du service suivant<\/li><li>Command\u00e9 le \/ re\u00e7u le<\/li><li>Nom du ou des consommateurs<\/li><li>Adresse du ou des consommateurs<\/li><li>Signature du ou des consommateurs (uniquement si ce formulaire est transmis sur papier)<\/li><li>Date<\/li><\/ul><ul><li>Vous pouvez \u00e9galement nous envoyer par voie \u00e9lectronique le formulaire type ou toute autre d\u00e9claration sans ambigu\u00eft\u00e9 \u00e0 l&#8217;adresse suivante: <a href=\"mailto:support@sportacademy.com\">support@sportacademy.com<\/a>.<\/li><li>Si vous r\u00e9siliez le contrat, nous vous rembourserons tous les paiements que nous avons re\u00e7us de votre part dans un d\u00e9lai de 14 jours.<\/li><li>Si vous faites appel \u00e0 ce service pendant le d\u00e9lai de r\u00e9tractation, vous pourriez devoir prendre en charge une partie des frais.<\/li><li>C&#8217;est \u00e0 vous qu&#8217;il incombe de prouver que vous avez exerc\u00e9 votre droit de r\u00e9tractation.<\/li><\/ul>\t\t\t\t\t\t\t\t<\/div>\n\t\t\t\t<\/div>\n\t\t\t\t\t<\/div>\n\t\t\t\t<\/div>\n\t\t\t\t<\/div>\n\t\t","protected":false},"excerpt":{"rendered":"<p>Sport Academy Education &amp; Training SL (Sport Academy) offers paid learning (e.g., course access to certain courses) and products (e.g., certificates) for a fee. Unless otherwise stated, all fees are quoted in EUROS (\u20ac) and are non-refundable, except as provided in our Refund Policy or as required by law. You are responsible for paying all&#8230;<\/p>\n","protected":false},"author":11,"featured_media":0,"parent":0,"menu_order":0,"comment_status":"closed","ping_status":"closed","template":"","meta":{"productId":0,"courseId":0,"footnotes":""},"class_list":["post-41906","page","type-page","status-publish","hentry"],"_links":{"self":[{"href":"https:\/\/sportacademy.com\/fr\/wp-json\/wp\/v2\/pages\/41906","targetHints":{"allow":["GET"]}}],"collection":[{"href":"https:\/\/sportacademy.com\/fr\/wp-json\/wp\/v2\/pages"}],"about":[{"href":"https:\/\/sportacademy.com\/fr\/wp-json\/wp\/v2\/types\/page"}],"author":[{"embeddable":true,"href":"https:\/\/sportacademy.com\/fr\/wp-json\/wp\/v2\/users\/11"}],"replies":[{"embeddable":true,"href":"https:\/\/sportacademy.com\/fr\/wp-json\/wp\/v2\/comments?post=41906"}],"version-history":[{"count":4,"href":"https:\/\/sportacademy.com\/fr\/wp-json\/wp\/v2\/pages\/41906\/revisions"}],"predecessor-version":[{"id":42502,"href":"https:\/\/sportacademy.com\/fr\/wp-json\/wp\/v2\/pages\/41906\/revisions\/42502"}],"wp:attachment":[{"href":"https:\/\/sportacademy.com\/fr\/wp-json\/wp\/v2\/media?parent=41906"}],"curies":[{"name":"wp","href":"https:\/\/api.w.org\/{rel}","templated":true}]}}