{"id":31141,"date":"2024-08-07T09:37:39","date_gmt":"2024-08-07T07:37:39","guid":{"rendered":"https:\/\/sportacademy.com\/politique-de-confidentialite\/"},"modified":"2025-05-23T13:46:32","modified_gmt":"2025-05-23T11:46:32","slug":"politique-de-confidentialite","status":"publish","type":"page","link":"https:\/\/sportacademy.com\/fr\/politique-de-confidentialite\/","title":{"rendered":"Politique de confidentialit\u00e9"},"content":{"rendered":"\t\t<div data-elementor-type=\"wp-page\" data-elementor-id=\"31141\" class=\"elementor elementor-31141 elementor-3\" data-elementor-post-type=\"page\">\n\t\t\t\t<div class=\"elementor-element elementor-element-495190b1 e-flex e-con-boxed e-con e-parent\" data-id=\"495190b1\" data-element_type=\"container\" data-e-type=\"container\" data-settings=\"{&quot;jet_parallax_layout_list&quot;:[]}\">\n\t\t\t\t\t<div class=\"e-con-inner\">\n\t\t\t\t<div class=\"elementor-element elementor-element-7afa8cc elementor-widget elementor-widget-heading\" data-id=\"7afa8cc\" data-element_type=\"widget\" data-e-type=\"widget\" data-widget_type=\"heading.default\">\n\t\t\t\t<div class=\"elementor-widget-container\">\n\t\t\t\t\t<h1 class=\"elementor-heading-title elementor-size-default\">Politique de confidentialit\u00e9<\/h1>\t\t\t\t<\/div>\n\t\t\t\t<\/div>\n\t\t\t\t<div class=\"elementor-element elementor-element-1be3d444 elementor-widget__width-initial elementor-widget elementor-widget-text-editor\" data-id=\"1be3d444\" data-element_type=\"widget\" data-e-type=\"widget\" data-widget_type=\"text-editor.default\">\n\t\t\t\t<div class=\"elementor-widget-container\">\n\t\t\t\t\t\t\t\t\t<p>Derni\u00e8re r\u00e9vision : 08 mai 2025<\/p><p>L&#8217;objectif de cet avis de confidentialit\u00e9 est de d\u00e9crire comment Sport Academy Education &amp; Training S.L., nos filiales et nos succursales (\u00ab SIH \u00bb, \u00ab Sport Academy \u00bb, \u00ab nous \u00bb, \u00ab nous \u00bb ou \u00ab notre \u00bb) recueille, utilise et partage les informations vous concernant par le biais de nos interfaces en ligne d\u00e9tenues et contr\u00f4l\u00e9es par nous, y compris, mais sans s&#8217;y limiter, sportacademy.com et moodle.sportacademy.com (collectivement d\u00e9nomm\u00e9s ici le \u00ab Site \u00bb).<\/p><p>Sport Academy Education &amp; Training S.L est le contr\u00f4leur des donn\u00e9es personnelles que nous recueillons \u00e0 votre sujet (c&#8217;est-\u00e0-dire l&#8217;entit\u00e9 qui d\u00e9termine les moyens et les objectifs de la collecte, de l&#8217;utilisation et de la divulgation des donn\u00e9es personnelles), sauf si vous faites partie d&#8217;un programme sp\u00e9cifique ou si vous vous trouvez dans certaines autres circonstances qui vous ont \u00e9t\u00e9 communiqu\u00e9es, auquel cas Sport Academy Education &amp; Training S.L est le responsable du traitement des donn\u00e9es.<\/p><p>En nous fournissant vos donn\u00e9es, vous nous garantissez que vous avez plus de 13 ans.<\/p><p>SA mettra occasionnellement \u00e0 jour cette d\u00e9claration de confidentialit\u00e9. Lorsque nous le ferons, nous r\u00e9viserons \u00e9galement la date de la \u00ab derni\u00e8re r\u00e9vision \u00bb en haut de la d\u00e9claration de confidentialit\u00e9. Si, \u00e0 un moment donn\u00e9, nous d\u00e9cidons d&#8217;utiliser vos informations d&#8217;une mani\u00e8re diff\u00e9rente de celle indiqu\u00e9e au moment o\u00f9 elles ont \u00e9t\u00e9 collect\u00e9es, nous vous en informerons en pla\u00e7ant un avis bien visible sur ce site web. Nous utiliserons les informations conform\u00e9ment \u00e0 la politique de confidentialit\u00e9 en vertu de laquelle les informations ont \u00e9t\u00e9 collect\u00e9es.   <\/p><h2><strong>QUELLES SONT LES DONN\u00c9ES QUE NOUS RECUEILLONS \u00c0 VOTRE SUJET ET DANS QUEL BUT ?<\/strong><\/h2><p>On entend par donn\u00e9es \u00e0 caract\u00e8re personnel toute information permettant d&#8217;identifier une personne. Elles ne comprennent pas les donn\u00e9es anonymes. <\/p><p>Nous pouvons traiter les cat\u00e9gories suivantes de donn\u00e9es \u00e0 caract\u00e8re personnel vous concernant :<\/p><ul><li>Les donn\u00e9es de communication comprennent toute communication que vous nous envoyez, que ce soit par le biais du formulaire de contact sur notre site web, par courrier \u00e9lectronique, par texte, par messagerie sur les m\u00e9dias sociaux, par publication sur les m\u00e9dias sociaux ou par toute autre communication que vous nous envoyez. Nous traitons ces donn\u00e9es dans le but de communiquer avec vous, de tenir des registres et d \u00ab \u00e9tablir, de poursuivre ou de d\u00e9fendre des r\u00e9clamations l\u00e9gales. Notre motif l\u00e9gitime pour ce traitement est notre int\u00e9r\u00eat l\u00e9gitime qui, dans ce cas, est de r\u00e9pondre aux communications qui nous sont envoy\u00e9es, de tenir des registres et d \u00bb \u00e9tablir, de poursuivre ou de d\u00e9fendre des r\u00e9clamations l\u00e9gales.  <\/li><\/ul><ul><li>Les donn\u00e9es relatives aux clients comprennent les donn\u00e9es relatives \u00e0 tout achat de biens et\/ou de services, telles que votre nom, votre titre, votre adresse de facturation, votre adresse de livraison, votre adresse \u00e9lectronique, votre num\u00e9ro de t\u00e9l\u00e9phone, vos coordonn\u00e9es, les d\u00e9tails de votre achat et les d\u00e9tails de votre carte. Nous traitons ces donn\u00e9es afin de fournir les biens et\/ou services que vous avez achet\u00e9s et de conserver des traces de ces transactions. Notre motif l\u00e9gitime pour ce traitement est l&#8217;ex\u00e9cution d&#8217;un contrat entre vous et nous et\/ou la prise de mesures \u00e0 votre demande pour conclure un tel contrat.  <ul><li>Pour les utilisateurs de la Sport Academy (apprenants, experts, managers ou autres), nous vous demanderons votre nom, votre fonction et l&#8217;organisation pour laquelle vous travaillez, ainsi que des informations sur votre profil, telles que vos secteurs d&#8217;int\u00e9r\u00eat et vos projets, qui seront partag\u00e9es avec les autres participants et nos sponsors. Nous vous demanderons \u00e9galement vos coordonn\u00e9es, mais nous ne les partagerons pas avec nos sponsors (sous r\u00e9serve du point ci-dessous) ni avec vos coll\u00e8gues d\u00e9l\u00e9gu\u00e9s. L&#8217;objectif de la collecte de ces informations est de faciliter l&#8217;\u00e9v\u00e9nement et sa communication, en particulier les possibilit\u00e9s de mise en r\u00e9seau et les courriels et publicit\u00e9s cibl\u00e9s, de permettre la cr\u00e9ation d&#8217;une exp\u00e9rience pertinente pour les d\u00e9l\u00e9gu\u00e9s et de vous fournir, ainsi qu&#8217;aux autres participants, un service efficace.  <\/li><li>La base l\u00e9gale sur laquelle nous nous appuyons pour traiter les donn\u00e9es \u00e0 caract\u00e8re personnel des d\u00e9l\u00e9gu\u00e9s est l&#8217;article 6, paragraphe 1, point f), du GDPR, qui nous autorise \u00e0 traiter les donn\u00e9es \u00e0 caract\u00e8re personnel lorsque cela est n\u00e9cessaire pour nos int\u00e9r\u00eats l\u00e9gitimes ou les int\u00e9r\u00eats d&#8217;un tiers. Vous avez le droit de vous opposer \u00e0 ce traitement si vous le souhaitez. Pour ce faire, veuillez nous contacter par courrier \u00e9lectronique \u00e0 l&#8217;adresse suivante : support@sportacademy.com. <\/li><\/ul><\/li><\/ul><ul><li>Les donn\u00e9es de l&#8217;utilisateur qui comprennent des donn\u00e9es sur la fa\u00e7on dont vous utilisez notre site web et tout service en ligne, ainsi que toute donn\u00e9e que vous publiez sur notre site web ou par l&#8217;interm\u00e9diaire d&#8217;autres services en ligne. Nous traitons ces donn\u00e9es pour exploiter notre site web et veiller \u00e0 ce qu&#8217;un contenu pertinent vous soit fourni, pour assurer la s\u00e9curit\u00e9 de notre site web, pour maintenir des sauvegardes de notre site web et\/ou de nos bases de donn\u00e9es et pour permettre la publication et l&#8217;administration de notre site web, d&#8217;autres services en ligne et de nos activit\u00e9s. Notre motif l\u00e9gitime pour ce traitement est notre int\u00e9r\u00eat l\u00e9gitime qui, dans ce cas, est de nous permettre d&#8217;administrer correctement notre site web et nos activit\u00e9s.  <\/li><\/ul><ul><li>Les donn\u00e9es techniques comprennent les donn\u00e9es relatives \u00e0 votre utilisation de notre site web et de nos services en ligne, telles que votre adresse IP, vos donn\u00e9es de connexion, les d\u00e9tails de votre navigateur, la dur\u00e9e de votre visite sur les pages de notre site web, les pages vues et les chemins de navigation, les d\u00e9tails concernant le nombre de fois que vous utilisez notre site web, les param\u00e8tres de fuseau horaire et d&#8217;autres technologies sur les appareils que vous utilisez pour acc\u00e9der \u00e0 notre site web. Ces donn\u00e9es proviennent de notre syst\u00e8me de suivi analytique. Nous traitons ces donn\u00e9es pour analyser votre utilisation de notre site web et d&#8217;autres services en ligne, pour administrer et prot\u00e9ger notre entreprise et notre site web, pour vous fournir un contenu de site web et des publicit\u00e9s pertinents et pour comprendre l&#8217;efficacit\u00e9 de notre publicit\u00e9.    <\/li><\/ul><ul><li>Les donn\u00e9es de marketing, qui comprennent les donn\u00e9es relatives \u00e0 vos pr\u00e9f\u00e9rences en mati\u00e8re de r\u00e9ception de marketing de notre part et de la part de nos tiers, ainsi que vos pr\u00e9f\u00e9rences en mati\u00e8re de communication. Nous traitons ces donn\u00e9es pour vous permettre de participer \u00e0 nos promotions telles que des concours, des tirages au sort et des cadeaux gratuits, pour vous proposer un contenu de site web et des publicit\u00e9s pertinents et pour mesurer ou comprendre l&#8217;efficacit\u00e9 de cette publicit\u00e9.   <\/li><li>Nous pouvons utiliser les donn\u00e9es clients, les donn\u00e9es utilisateurs, les donn\u00e9es techniques et les donn\u00e9es marketing pour vous proposer un contenu de site web et des publicit\u00e9s pertinentes (y compris des publicit\u00e9s LinkedIn et Google ou d&#8217;autres publicit\u00e9s affich\u00e9es) et pour mesurer ou comprendre l&#8217;efficacit\u00e9 de la publicit\u00e9 que nous vous proposons.  <\/li><li>Nous ne collectons pas de donn\u00e9es sensibles vous concernant. Les donn\u00e9es sensibles sont des donn\u00e9es qui comprennent des d\u00e9tails sur votre race ou votre appartenance ethnique, vos croyances religieuses ou philosophiques, votre vie sexuelle, votre orientation sexuelle, vos opinions politiques, votre appartenance \u00e0 un syndicat, des informations sur votre sant\u00e9 et des donn\u00e9es g\u00e9n\u00e9tiques et biom\u00e9triques. Nous ne recueillons aucune information sur les condamnations p\u00e9nales et les infractions.  <\/li><\/ul><p>Lorsque nous sommes tenus de collecter des donn\u00e9es \u00e0 caract\u00e8re personnel en vertu de la loi ou des termes du contrat conclu entre nous et que vous ne nous fournissez pas ces donn\u00e9es lorsque nous vous le demandons, il se peut que nous ne soyons pas en mesure d&#8217;ex\u00e9cuter le contrat (par exemple, de vous livrer des biens ou de vous fournir des services). Si vous ne nous fournissez pas les donn\u00e9es demand\u00e9es, il se peut que nous devions annuler un produit ou un service que vous avez command\u00e9, mais si c&#8217;est le cas, nous vous en informerons \u00e0 ce moment-l\u00e0. <\/p><p>Nous n&#8217;utiliserons vos donn\u00e9es personnelles qu&#8217;aux fins pour lesquelles elles ont \u00e9t\u00e9 collect\u00e9es ou \u00e0 des fins raisonnablement compatibles si n\u00e9cessaire. Si nous devons utiliser vos donn\u00e9es pour une nouvelle finalit\u00e9 non li\u00e9e, nous vous en informerons et vous expliquerons les motifs juridiques du traitement. <\/p><p>Nous pouvons traiter vos donn\u00e9es \u00e0 caract\u00e8re personnel \u00e0 votre insu ou sans votre consentement lorsque la loi l&#8217;exige ou le permet.<\/p><p>Nous n&#8217;effectuons pas de prise de d\u00e9cision automatis\u00e9e ni aucun type de profilage automatis\u00e9.  <\/p><h2> <\/h2><h2><strong>COMMENT NOUS COLLECTONS VOS DONN\u00c9ES PERSONNELLES<\/strong><\/h2><p>Nous pouvons collecter des donn\u00e9es vous concernant lorsque vous nous les fournissez directement (par exemple en vous inscrivant en tant qu&#8217;utilisateur, en remplissant des formulaires sur notre site ou en nous envoyant des courriers \u00e9lectroniques). Nous pouvons collecter automatiquement certaines donn\u00e9es vous concernant lorsque vous utilisez notre site web en utilisant des cookies et des technologies similaires. Veuillez consulter notre politique en mati\u00e8re de cookies pour plus de d\u00e9tails \u00e0 ce sujet.  <\/p><p>Nous pouvons recevoir des donn\u00e9es de la part de tiers, tels que des fournisseurs de services d&#8217;analyse comme Google bas\u00e9 en dehors de l&#8217;UE, des r\u00e9seaux publicitaires comme Facebook bas\u00e9 en dehors de l&#8217;UE, des fournisseurs d&#8217;informations de recherche comme Google bas\u00e9 en dehors de l&#8217;UE, des fournisseurs de services techniques, de paiement et de livraison, tels que des courtiers en donn\u00e9es ou des agr\u00e9gateurs.<\/p><p>Nous pouvons \u00e9galement recevoir des donn\u00e9es provenant de sources accessibles au public, telles que Companies House et le registre \u00e9lectoral, bas\u00e9es dans l&#8217;UE.<\/p><h2> <\/h2><h2><strong>COMMUNICATION MARKETING<\/strong><\/h2><p>En vertu de la r\u00e9glementation relative \u00e0 la protection de la vie priv\u00e9e et aux communications \u00e9lectroniques, nous pouvons vous envoyer des communications commerciales si (i) vous avez effectu\u00e9 un achat ou demand\u00e9 des informations sur nos biens ou services ou (ii) vous avez accept\u00e9 de recevoir des communications commerciales et, dans tous les cas, vous n&#8217;avez pas refus\u00e9 de recevoir de telles communications depuis lors. En vertu de ce r\u00e8glement, si vous \u00eates une soci\u00e9t\u00e9 \u00e0 responsabilit\u00e9 limit\u00e9e, nous pouvons vous envoyer des courriels de marketing sans votre consentement. Cependant, vous pouvez toujours refuser de recevoir des courriels de marketing de notre part \u00e0 tout moment.    <\/p><p>Avant de partager vos donn\u00e9es personnelles avec des tiers \u00e0 des fins de marketing, nous vous demanderons votre consentement explicite.<\/p><p>Vous pouvez nous demander, \u00e0 nous ou \u00e0 des tiers, de cesser de vous envoyer des messages marketing \u00e0 tout moment en suivant les liens d&#8217;exclusion figurant sur tout message marketing qui vous est envoy\u00e9 ou en nous envoyant un courrier \u00e9lectronique \u00e0 l&#8217;adresse support@sportacademy.com \u00e0 tout moment.<\/p><p>Si vous refusez de recevoir des communications marketing, ce refus ne s&#8217;applique pas aux donn\u00e9es personnelles fournies dans le cadre d&#8217;autres transactions, telles que les achats, les enregistrements de garantie, etc.  <\/p><p> <\/p><h2><strong>DIVULGATION DE VOS DONN\u00c9ES PERSONNELLES<\/strong><\/h2><p>Nous pouvons \u00eatre amen\u00e9s \u00e0 partager vos donn\u00e9es personnelles avec les parties mentionn\u00e9es ci-dessous :<\/p><ul><li>Les prestataires de services qui fournissent des services informatiques et d&#8217;administration de syst\u00e8mes.<\/li><li>Les conseillers professionnels, notamment les avocats, les banquiers, les auditeurs et les assureurs.<\/li><li>Les organismes gouvernementaux qui nous demandent de rendre compte des activit\u00e9s de traitement.<\/li><li>les tiers auxquels nous vendons, transf\u00e9rons ou fusionnons des parties de notre entreprise ou de nos actifs.<\/li><\/ul><ul><li>Experts et organismes de certification associ\u00e9s aux cours auxquels vous vous inscrivez. Lorsque vous participez \u00e0 nos cours, nous pouvons partager vos donn\u00e9es personnelles (telles que votre nom, vos coordonn\u00e9es et vos r\u00e9sultats) avec des experts et des organismes de certification dans le but de dispenser des cours et de d\u00e9livrer des certificats. Ces entit\u00e9s sont tenues de traiter vos donn\u00e9es conform\u00e9ment aux lois applicables en mati\u00e8re de protection des donn\u00e9es et uniquement aux fins sp\u00e9cifi\u00e9es.  <\/li><\/ul><p>Nous exigeons de tous les tiers auxquels nous transf\u00e9rons vos donn\u00e9es qu&#8217;ils respectent la s\u00e9curit\u00e9 de vos donn\u00e9es personnelles et qu&#8217;ils les traitent conform\u00e9ment \u00e0 la loi. Nous n&#8217;autorisons ces tiers \u00e0 traiter vos donn\u00e9es personnelles qu&#8217;\u00e0 des fins sp\u00e9cifiques et conform\u00e9ment \u00e0 nos instructions. <\/p><h2 class=\"wp-block-heading\"> <\/h2><h2><strong>TRANSFERTS INTERNATIONAUX<\/strong><\/h2><p>Les pays situ\u00e9s en dehors de l&#8217;Espace \u00e9conomique europ\u00e9en (EEE) n&#8217;offrent pas toujours les m\u00eames niveaux de protection de vos donn\u00e9es personnelles. C&#8217;est pourquoi la l\u00e9gislation europ\u00e9enne a interdit les transferts de donn\u00e9es personnelles en dehors de l&#8217;EEE, \u00e0 moins que le transfert ne r\u00e9ponde \u00e0 certains crit\u00e8res.<\/p><p>Certains de nos prestataires de services tiers sont bas\u00e9s en dehors de l&#8217;Espace \u00e9conomique europ\u00e9en (EEE), de sorte que leur traitement de vos donn\u00e9es personnelles impliquera un transfert de donn\u00e9es en dehors de l&#8217;EEE.<\/p><p>Lorsque nous transf\u00e9rons vos donn\u00e9es personnelles en dehors de l&#8217;EEE, nous faisons de notre mieux pour assurer un degr\u00e9 similaire de s\u00e9curit\u00e9 des donn\u00e9es en veillant \u00e0 ce qu&#8217;au moins l&#8217;une des garanties suivantes soit en place :<\/p><ul><li>Nous ne transf\u00e9rerons vos donn\u00e9es personnelles que vers des pays que la Commission europ\u00e9enne a approuv\u00e9s comme offrant un niveau ad\u00e9quat de protection des donn\u00e9es personnelles ; ou<\/li><li>Lorsque nous faisons appel \u00e0 certains prestataires de services, nous pouvons utiliser des contrats sp\u00e9cifiques, des codes de conduite ou des m\u00e9canismes de certification approuv\u00e9s par la Commission europ\u00e9enne qui conf\u00e8rent aux donn\u00e9es \u00e0 caract\u00e8re personnel la m\u00eame protection qu&#8217;en Europe ; ou<\/li><li>  Si nous utilisons des fournisseurs bas\u00e9s aux \u00c9tats-Unis qui font partie du bouclier de protection de la vie priv\u00e9e UE-\u00c9tats-Unis, nous pouvons leur transf\u00e9rer des donn\u00e9es, \u00e9tant donn\u00e9 qu&#8217;ils ont mis en place des garanties \u00e9quivalentes.<\/li><\/ul><p>Si aucune des garanties susmentionn\u00e9es n&#8217;est disponible, nous pouvons demander votre consentement explicite au transfert sp\u00e9cifique. Vous aurez le droit de retirer ce consentement \u00e0 tout moment.   <\/p><h2 class=\"wp-block-heading\"> <\/h2><h2><strong>S\u00c9CURIT\u00c9 DES DONN\u00c9ES<\/strong><\/h2><p>Nous avons mis en place des mesures de s\u00e9curit\u00e9 pour \u00e9viter que vos donn\u00e9es personnelles ne soient accidentellement perdues, utilis\u00e9es, modifi\u00e9es, divulgu\u00e9es ou consult\u00e9es sans autorisation. Nous n&#8217;autorisons l&#8217;acc\u00e8s \u00e0 vos donn\u00e9es personnelles qu&#8217;aux employ\u00e9s et partenaires qui ont un besoin professionnel de les conna\u00eetre. Ils ne traiteront vos donn\u00e9es personnelles que selon nos instructions et devront les garder confidentielles.  <\/p><p>Nous avons mis en place des proc\u00e9dures pour traiter toute violation pr\u00e9sum\u00e9e de donn\u00e9es \u00e0 caract\u00e8re personnel et nous vous notifierons, ainsi qu&#8217;\u00e0 tout r\u00e9gulateur applicable, une violation si nous sommes l\u00e9galement tenus de le faire.<\/p><p>Tous les fichiers stock\u00e9s en ligne sont crypt\u00e9s et conserv\u00e9s dans des serveurs de stockage s\u00e9curis\u00e9s.<\/p><h2 class=\"wp-block-heading\"> <\/h2><h2><strong>CONSERVATION DES DONN\u00c9ES<\/strong><\/h2><p>Nous ne conserverons vos donn\u00e9es personnelles qu&#8217;aussi longtemps que n\u00e9cessaire pour atteindre les objectifs pour lesquels nous les avons collect\u00e9es, y compris pour satisfaire \u00e0 toute exigence l\u00e9gale, comptable ou de rapport.<\/p><p>Pour d\u00e9terminer la dur\u00e9e de conservation des donn\u00e9es, nous examinons leur quantit\u00e9, leur nature et leur sensibilit\u00e9, le risque potentiel de pr\u00e9judice li\u00e9 \u00e0 une utilisation ou \u00e0 une divulgation non autoris\u00e9e, les finalit\u00e9s du traitement, si celles-ci peuvent \u00eatre atteintes par d&#8217;autres moyens et les exigences l\u00e9gales.<\/p><p>\u00c0 des fins fiscales, la loi nous oblige \u00e0 conserver les informations de base sur nos clients (y compris les donn\u00e9es de contact, d&#8217;identit\u00e9, financi\u00e8res et de transaction) pendant six ans apr\u00e8s qu&#8217;ils ont cess\u00e9 d&#8217;\u00eatre des clients.<\/p><p>Dans certaines circonstances, nous pouvons anonymiser vos donn\u00e9es personnelles \u00e0 des fins de recherche ou de statistiques, auquel cas nous pouvons utiliser ces informations ind\u00e9finiment sans vous en informer.  <\/p><h2 class=\"wp-block-heading\"> <\/h2><h2><strong>VOS DROITS L\u00c9GAUX<\/strong><\/h2><p>En vertu des lois sur la protection des donn\u00e9es, vous disposez de droits relatifs \u00e0 vos donn\u00e9es \u00e0 caract\u00e8re personnel, notamment le droit de demander l&#8217;acc\u00e8s, la rectification, l&#8217;effacement, la limitation, le transfert, l&#8217;opposition au traitement, la portabilit\u00e9 des donn\u00e9es et (lorsque le motif l\u00e9gal du traitement est le consentement) le droit de retirer le consentement.<\/p><p>Si vous souhaitez exercer l&#8217;un des droits susmentionn\u00e9s, veuillez nous envoyer un courrier \u00e9lectronique \u00e0 l&#8217;adresse suivante : support@sportacademy.com.<\/p><p>Vous n&#8217;aurez pas \u00e0 payer de frais pour acc\u00e9der \u00e0 vos donn\u00e9es \u00e0 caract\u00e8re personnel (ou pour exercer l&#8217;un des autres droits). Toutefois, nous pouvons facturer des frais raisonnables si votre demande est manifestement infond\u00e9e, r\u00e9p\u00e9titive ou excessive, ou refuser de donner suite \u00e0 votre demande dans ces circonstances. <\/p><p>Nous pouvons \u00eatre amen\u00e9s \u00e0 vous demander des informations sp\u00e9cifiques pour nous aider \u00e0 confirmer votre identit\u00e9 et garantir votre droit d&#8217;acc\u00e8s \u00e0 vos donn\u00e9es \u00e0 caract\u00e8re personnel (ou d&#8217;exercice de vos autres droits). Il s&#8217;agit d&#8217;une mesure de s\u00e9curit\u00e9 visant \u00e0 garantir que les donn\u00e9es \u00e0 caract\u00e8re personnel ne sont pas divulgu\u00e9es \u00e0 une personne qui n&#8217;a pas le droit de les recevoir. Nous pouvons \u00e9galement vous contacter pour vous demander des informations compl\u00e9mentaires en rapport avec votre demande afin d&#8217;acc\u00e9l\u00e9rer notre r\u00e9ponse.  <\/p><p>Nous nous effor\u00e7ons de r\u00e9pondre \u00e0 toutes les demandes l\u00e9gitimes dans un d\u00e9lai d&#8217;un mois. Il peut arriver que nous ayons besoin de plus d&#8217;un mois si votre demande est particuli\u00e8rement complexe ou si vous avez formul\u00e9 plusieurs demandes. Dans ce cas, nous vous en informerons.  <\/p><h2 class=\"wp-block-heading\"> <\/h2><h2><strong>LIENS DE TIERS<\/strong><\/h2><p>Ce site web peut inclure des liens vers des sites web, des plug-ins et des applications de tiers. Le fait de cliquer sur ces liens ou d&#8217;activer ces connexions peut permettre \u00e0 des tiers de collecter ou de partager des donn\u00e9es vous concernant. Nous ne contr\u00f4lons pas ces sites web tiers et ne sommes pas responsables de leurs d\u00e9clarations de confidentialit\u00e9. Lorsque vous quittez notre site web, nous vous encourageons \u00e0 lire l&#8217;avis de confidentialit\u00e9 de chaque site web que vous visitez.     <\/p><h2 class=\"wp-block-heading\"> <\/h2><h2><strong>COOKIES<\/strong><\/h2><p>Vous pouvez configurer votre navigateur pour qu&#8217;il refuse tout ou partie des cookies, ou pour qu&#8217;il vous avertisse lorsque des sites web installent des cookies ou y acc\u00e8dent. Si vous d\u00e9sactivez ou refusez les cookies, veuillez noter que certaines parties de ce site web peuvent devenir inaccessibles ou ne pas fonctionner correctement. Pour plus d&#8217;informations sur les cookies que nous utilisons, veuillez consulter notre politique en mati\u00e8re de cookies.  <\/p><p><strong>Coordonn\u00e9es<\/strong><\/p><p>Nos coordonn\u00e9es compl\u00e8tes sont les suivantes :<\/p><p>Nom complet de l&#8217;entit\u00e9 l\u00e9gale : <strong>Sport Academy Education &amp; Training S.L<\/strong> <br>Adresse \u00e9lectronique : <strong>support@sportacademy.com<\/strong><br>Adresse postale :  <strong>Edificio IMPULSA. C, Los Prados, 166, 33203 Gij\u00f3n, Asturias, ESPAGNE <\/strong><\/p>\t\t\t\t\t\t\t\t<\/div>\n\t\t\t\t<\/div>\n\t\t\t\t\t<\/div>\n\t\t\t\t<\/div>\n\t\t\t\t<\/div>\n\t\t","protected":false},"excerpt":{"rendered":"<p>Derni\u00e8re r\u00e9vision : 08 mai 2025 L&#8217;objectif de cet avis de confidentialit\u00e9 est de d\u00e9crire comment Sport Academy Education &amp; Training S.L., nos filiales et nos succursales (\u00ab SIH \u00bb, \u00ab Sport Academy \u00bb, \u00ab nous \u00bb, \u00ab nous \u00bb ou \u00ab notre \u00bb) recueille, utilise et partage les informations vous concernant par le biais&#8230;<\/p>\n","protected":false},"author":11,"featured_media":0,"parent":0,"menu_order":0,"comment_status":"closed","ping_status":"open","template":"","meta":{"productId":0,"courseId":0,"footnotes":""},"class_list":["post-31141","page","type-page","status-publish","hentry"],"_links":{"self":[{"href":"https:\/\/sportacademy.com\/fr\/wp-json\/wp\/v2\/pages\/31141","targetHints":{"allow":["GET"]}}],"collection":[{"href":"https:\/\/sportacademy.com\/fr\/wp-json\/wp\/v2\/pages"}],"about":[{"href":"https:\/\/sportacademy.com\/fr\/wp-json\/wp\/v2\/types\/page"}],"author":[{"embeddable":true,"href":"https:\/\/sportacademy.com\/fr\/wp-json\/wp\/v2\/users\/11"}],"replies":[{"embeddable":true,"href":"https:\/\/sportacademy.com\/fr\/wp-json\/wp\/v2\/comments?post=31141"}],"version-history":[{"count":2,"href":"https:\/\/sportacademy.com\/fr\/wp-json\/wp\/v2\/pages\/31141\/revisions"}],"predecessor-version":[{"id":37887,"href":"https:\/\/sportacademy.com\/fr\/wp-json\/wp\/v2\/pages\/31141\/revisions\/37887"}],"wp:attachment":[{"href":"https:\/\/sportacademy.com\/fr\/wp-json\/wp\/v2\/media?parent=31141"}],"curies":[{"name":"wp","href":"https:\/\/api.w.org\/{rel}","templated":true}]}}