{"id":31131,"date":"2023-10-30T19:33:26","date_gmt":"2023-10-30T18:33:26","guid":{"rendered":"https:\/\/sportacademy.com\/mon-compte-2\/"},"modified":"2024-10-02T14:04:50","modified_gmt":"2024-10-02T12:04:50","slug":"mon-compte-2","status":"publish","type":"page","link":"https:\/\/sportacademy.com\/fr\/mon-compte-2\/","title":{"rendered":"Mon compte"},"content":{"rendered":"\t\t<div data-elementor-type=\"wp-page\" data-elementor-id=\"31131\" class=\"elementor elementor-31131 elementor-20582\" data-elementor-post-type=\"page\">\n\t\t\t\t<div class=\"elementor-element elementor-element-faeea3d e-con-full e-flex e-con e-parent\" data-id=\"faeea3d\" data-element_type=\"container\" data-e-type=\"container\" data-settings=\"{&quot;jet_parallax_layout_list&quot;:[]}\">\n\t\t<div class=\"elementor-element elementor-element-06032a8 e-flex e-con-boxed e-con e-child\" data-id=\"06032a8\" data-element_type=\"container\" data-e-type=\"container\" data-settings=\"{&quot;jet_parallax_layout_list&quot;:[]}\">\n\t\t\t\t\t<div class=\"e-con-inner\">\n\t\t\t\t<div class=\"elementor-element elementor-element-8c456ae elementor-widget elementor-widget-heading\" data-id=\"8c456ae\" data-element_type=\"widget\" data-e-type=\"widget\" data-widget_type=\"heading.default\">\n\t\t\t\t<div class=\"elementor-widget-container\">\n\t\t\t\t\t<h1 class=\"elementor-heading-title elementor-size-default\"> <\/h1>\t\t\t\t<\/div>\n\t\t\t\t<\/div>\n\t\t\t\t<div class=\"elementor-element elementor-element-33644c3 e-my-account-tabs-vertical elementor-widget elementor-widget-woocommerce-my-account\" data-id=\"33644c3\" data-element_type=\"widget\" data-e-type=\"widget\" data-widget_type=\"woocommerce-my-account.default\">\n\t\t\t\t<div class=\"elementor-widget-container\">\n\t\t\t\t\t<div class=\"e-my-account-tab e-my-account-tab__ \">\t\t\t<div class=\"woocommerce\"><\/div>\t\t<\/div>\n\t\t\t\t\t\t<\/div>\n\t\t\t\t<\/div>\n\t\t\t\t\t<\/div>\n\t\t\t\t<\/div>\n\t\t\t\t<\/div>\n\t\t\t\t<\/div>\n\t\t","protected":false},"excerpt":{"rendered":"<p>Tableau de bord Commandes T\u00e9l\u00e9chargements Adresses D\u00e9tails du compte My Courses D\u00e9connexion Hello Miguel Rey (not Miguel Rey? Log out) From your account dashboard you can view your recent orders, manage your shipping and billing addresses, and edit your password and account details.<\/p>\n","protected":false},"author":11,"featured_media":0,"parent":0,"menu_order":0,"comment_status":"closed","ping_status":"closed","template":"","meta":{"productId":0,"courseId":0,"footnotes":""},"class_list":["post-31131","page","type-page","status-publish","hentry"],"_links":{"self":[{"href":"https:\/\/sportacademy.com\/fr\/wp-json\/wp\/v2\/pages\/31131","targetHints":{"allow":["GET"]}}],"collection":[{"href":"https:\/\/sportacademy.com\/fr\/wp-json\/wp\/v2\/pages"}],"about":[{"href":"https:\/\/sportacademy.com\/fr\/wp-json\/wp\/v2\/types\/page"}],"author":[{"embeddable":true,"href":"https:\/\/sportacademy.com\/fr\/wp-json\/wp\/v2\/users\/11"}],"replies":[{"embeddable":true,"href":"https:\/\/sportacademy.com\/fr\/wp-json\/wp\/v2\/comments?post=31131"}],"version-history":[{"count":1,"href":"https:\/\/sportacademy.com\/fr\/wp-json\/wp\/v2\/pages\/31131\/revisions"}],"predecessor-version":[{"id":32048,"href":"https:\/\/sportacademy.com\/fr\/wp-json\/wp\/v2\/pages\/31131\/revisions\/32048"}],"wp:attachment":[{"href":"https:\/\/sportacademy.com\/fr\/wp-json\/wp\/v2\/media?parent=31131"}],"curies":[{"name":"wp","href":"https:\/\/api.w.org\/{rel}","templated":true}]}}