{"id":30977,"date":"2024-09-23T12:57:21","date_gmt":"2024-09-23T10:57:21","guid":{"rendered":"https:\/\/sportacademy.com\/avis-juridique\/"},"modified":"2025-08-04T14:07:31","modified_gmt":"2025-08-04T12:07:31","slug":"avis-juridique","status":"publish","type":"page","link":"https:\/\/sportacademy.com\/fr\/avis-juridique\/","title":{"rendered":"Avis juridique"},"content":{"rendered":"\t\t<div data-elementor-type=\"wp-page\" data-elementor-id=\"30977\" class=\"elementor elementor-30977 elementor-29305\" data-elementor-post-type=\"page\">\n\t\t\t\t<div class=\"elementor-element elementor-element-898ee41 e-flex e-con-boxed e-con e-parent\" data-id=\"898ee41\" data-element_type=\"container\" data-e-type=\"container\" data-settings=\"{&quot;jet_parallax_layout_list&quot;:[]}\">\n\t\t\t\t\t<div class=\"e-con-inner\">\n\t\t\t\t<div class=\"elementor-element elementor-element-81e1028 elementor-widget elementor-widget-heading\" data-id=\"81e1028\" data-element_type=\"widget\" data-e-type=\"widget\" data-widget_type=\"heading.default\">\n\t\t\t\t<div class=\"elementor-widget-container\">\n\t\t\t\t\t<h1 class=\"elementor-heading-title elementor-size-default\">Avis juridique<\/h1>\t\t\t\t<\/div>\n\t\t\t\t<\/div>\n\t\t\t\t<div class=\"elementor-element elementor-element-63793e8 elementor-widget__width-initial elementor-widget elementor-widget-text-editor\" data-id=\"63793e8\" data-element_type=\"widget\" data-e-type=\"widget\" data-widget_type=\"text-editor.default\">\n\t\t\t\t<div class=\"elementor-widget-container\">\n\t\t\t\t\t\t\t\t\t<p><span style=\"font-weight: 400;\">Derni\u00e8re modification : 7 avril 2025<\/span><\/p><h2><strong> INFORMATIONS G\u00c9N\u00c9RALES<\/strong><\/h2><p><span style=\"font-weight: 400;\">Conform\u00e9ment \u00e0 l&#8217;obligation d&#8217;information pr\u00e9vue par la loi 34\/2002 sur les services de la soci\u00e9t\u00e9 de l&#8217;information et le commerce \u00e9lectronique (LSSI-CE) du 11 juillet, les informations g\u00e9n\u00e9rales suivantes sont fournies sur ce site web :<\/span><\/p><p><span style=\"font-weight: 400;\">Le propri\u00e9taire de ce site web, www.sportacademy.com (ci-apr\u00e8s, le site web), est Sport Academy Education &amp; Training SL, avec le num\u00e9ro d&#8217;identification fiscale (NIF) : ES-B75244699 et inscrite au registre du commerce des Asturies. Ses coordonn\u00e9es sont les suivantes :<\/span><\/p><p><span style=\"font-weight: 400;\">Addresse: <\/span><\/p><p><span style=\"font-weight: 400;\">Nom complet de l&#8217;entit\u00e9 l\u00e9gale : Academy Education &amp; Training SL.<\/span><span style=\"font-weight: 400;\"><br><\/span><span style=\"font-weight: 400;\">Adresse \u00e9lectronique : campus@sportacademy.com<\/span><span style=\"font-weight: 400;\"><br><\/span><span style=\"font-weight: 400;\">Adresse postale : Edificio IMPULSA. C, Los Prados, 166, 33203 Gij\u00f3n, Asturias, ESPAGNE <\/span><\/p><h2>GENERAL TERMS AND CONDITIONS OF USE<\/h2><p><span style=\"font-weight: 400;\">Objet des conditions : Le site web<\/span><\/p><p><span style=\"font-weight: 400;\">Les pr\u00e9sentes conditions g\u00e9n\u00e9rales d&#8217;utilisation (ci-apr\u00e8s d\u00e9nomm\u00e9es &#8220;conditions&#8221;) ont pour objet de r\u00e9glementer l&#8217;acc\u00e8s au site web et son utilisation. Aux fins des pr\u00e9sentes conditions, on entend par site web : l&#8217;aspect ext\u00e9rieur des interfaces d&#8217;\u00e9cran, tant sous forme statique que dynamique (c&#8217;est-\u00e0-dire l&#8217;arbre de navigation), et tous les \u00e9l\u00e9ments int\u00e9gr\u00e9s tant dans les interfaces d&#8217;\u00e9cran que dans l&#8217;arbre de navigation (ci-apr\u00e8s d\u00e9nomm\u00e9s &#8220;contenus&#8221;), ainsi que tous les services ou ressources en ligne qui peuvent \u00eatre propos\u00e9s aux utilisateurs (ci-apr\u00e8s d\u00e9nomm\u00e9s &#8220;services&#8221;). <\/span><\/p><p><span style=\"font-weight: 400;\">Sport Academy se r\u00e9serve le droit de modifier, \u00e0 tout moment et sans pr\u00e9avis, la pr\u00e9sentation et la configuration du site web, ainsi que les contenus et services qui y sont incorpor\u00e9s. L&#8217;utilisateur reconna\u00eet et accepte que Sport Academy puisse, \u00e0 tout moment, interrompre, d\u00e9sactiver et\/ou annuler tout \u00e9l\u00e9ment int\u00e9gr\u00e9 au site web ou l&#8217;acc\u00e8s \u00e0 celui-ci. <\/span><\/p><p><span style=\"font-weight: 400;\">L&#8217;acc\u00e8s au site est g\u00e9n\u00e9ralement gratuit pour l&#8217;utilisateur, sans qu&#8217;aucun paiement ne soit n\u00e9cessaire pour en b\u00e9n\u00e9ficier, \u00e0 l&#8217;exception du co\u00fbt de la connexion Internet fournie par le fournisseur d&#8217;acc\u00e8s contract\u00e9 par l&#8217;utilisateur.<\/span><\/p><p><span style=\"font-weight: 400;\">L&#8217;utilisation de certains contenus ou services du site web peut n\u00e9cessiter une inscription ou un enregistrement pr\u00e9alable de la part de l&#8217;utilisateur.<\/span><\/p><h3><strong>L&#8217;utilisateur<\/strong><\/h3><p><span style=\"font-weight: 400;\">L&#8217;acc\u00e8s, la navigation et l&#8217;utilisation du Site, ainsi que les espaces d&#8217;interaction entre les Utilisateurs et entre l&#8217;Utilisateur et Sport Academy (tels que les espaces de commentaires et\/ou de blogs), conf\u00e8rent la qualit\u00e9 d&#8217;Utilisateur. En naviguant sur le Site, l&#8217;Utilisateur accepte tous les Termes \u00e9nonc\u00e9s ici, ainsi que toutes les modifications ult\u00e9rieures, sans pr\u00e9judice des dispositions l\u00e9gales imp\u00e9ratives qui pourraient s&#8217;appliquer. Compte tenu de l&#8217;importance de ce qui pr\u00e9c\u00e8de, il est recommand\u00e9 \u00e0 l&#8217;Utilisateur de lire les Conditions \u00e0 chaque fois qu&#8217;il visite le Site.  <\/span><\/p><p><span style=\"font-weight: 400;\">Le site web de la Sport Academy fournit un large \u00e9ventail d&#8217;informations, de services et de donn\u00e9es. L&#8217;utilisateur assume la responsabilit\u00e9 d&#8217;une utilisation appropri\u00e9e du site web. Cette responsabilit\u00e9 comprend :  <\/span><\/p><p><span style=\"font-weight: 400;\">&#8211; Utiliser les informations, les Contenus et\/ou les Services et donn\u00e9es propos\u00e9s par Sport Academy conform\u00e9ment aux pr\u00e9sentes Conditions, \u00e0 la loi, \u00e0 la morale et \u00e0 l&#8217;ordre public, et d&#8217;une mani\u00e8re qui ne porte pas atteinte aux droits des tiers ou au bon fonctionnement du Site.<\/span><\/p><p><span style=\"font-weight: 400;\">&#8211; S&#8217;assurer de la v\u00e9racit\u00e9 et de la l\u00e9galit\u00e9 des informations fournies par l&#8217;Utilisateur dans les formulaires mis \u00e0 disposition par Sport Academy pour l&#8217;acc\u00e8s \u00e0 certains Contenus ou Services offerts par le Site Web. En tout \u00e9tat de cause, l&#8217;Utilisateur devra notifier imm\u00e9diatement \u00e0 Sport Academy tout \u00e9v\u00e9nement permettant l&#8217;utilisation abusive des informations enregistr\u00e9es, comme le vol, la perte ou l&#8217;acc\u00e8s non autoris\u00e9 aux identifiants et\/ou aux mots de passe, afin de proc\u00e9der \u00e0 leur annulation imm\u00e9diate. <\/span><\/p><p><span style=\"font-weight: 400;\">Sport Academy se r\u00e9serve le droit de supprimer tout commentaire ou contribution contraire \u00e0 la loi, au respect de la dignit\u00e9 personnelle, discriminatoire, x\u00e9nophobe, raciste, pornographique, spam, ou portant atteinte \u00e0 la jeunesse ou \u00e0 l&#8217;enfance, \u00e0 l&#8217;ordre public ou \u00e0 la s\u00e9curit\u00e9, ou qui, \u00e0 son avis, n&#8217;est pas appropri\u00e9 \u00e0 la publication.<\/span><\/p><p><span style=\"font-weight: 400;\">En tout \u00e9tat de cause, Sport Academy ne sera pas tenue responsable des opinions exprim\u00e9es par les Utilisateurs \u00e0 travers les commentaires ou autres outils de blogging ou de participation qui peuvent exister.<\/span><\/p><p><span style=\"font-weight: 400;\">Le simple fait d&#8217;acc\u00e9der \u00e0 ce site web n&#8217;implique pas l&#8217;\u00e9tablissement d&#8217;une relation commerciale entre Sport Academy et l&#8217;utilisateur.<\/span><\/p><p><span style=\"font-weight: 400;\">Conform\u00e9ment \u00e0 la l\u00e9gislation en vigueur, le site Internet de la Sport Academy s&#8217;adresse \u00e0 toutes les personnes, quel que soit leur \u00e2ge, qui peuvent acc\u00e9der au site et\/ou le parcourir.<\/span><\/p><h2><strong>L&#8217;ACC\u00c8S ET LA NAVIGATION SUR LE SITE WEB : EXCLUSION DE GARANTIE ET DE RESPONSABILIT\u00c9<\/strong><\/h2><p><span style=\"font-weight: 400;\">Sport Academy ne garantit pas la continuit\u00e9, la disponibilit\u00e9 ou l&#8217;utilit\u00e9 du site, de son contenu ou de ses services. Bien que Sport Academy s&#8217;efforce d&#8217;assurer le bon fonctionnement du site, elle n&#8217;assume aucune responsabilit\u00e9 et ne garantit pas que l&#8217;acc\u00e8s au site sera ininterrompu ou exempt d&#8217;erreurs. <\/span><\/p><p><span style=\"font-weight: 400;\">En outre, elle ne garantit pas que le contenu ou les logiciels accessibles par l&#8217;interm\u00e9diaire du site Web soient exempts d&#8217;erreurs ou causent des dommages au syst\u00e8me informatique de l&#8217;utilisateur (tant au niveau des logiciels que du mat\u00e9riel). En aucun cas Sport Academy ne sera responsable des pertes, dommages ou pr\u00e9judices r\u00e9sultant de l&#8217;acc\u00e8s, de la navigation ou de l&#8217;utilisation du site web, y compris, mais sans s&#8217;y limiter, les dommages aux syst\u00e8mes informatiques ou ceux caus\u00e9s par l&#8217;introduction de virus. <\/span><\/p><p><span style=\"font-weight: 400;\">Sport Academy n&#8217;est pas non plus responsable des dommages caus\u00e9s aux utilisateurs par une utilisation inappropri\u00e9e du site, notamment en cas de pannes, d&#8217;interruptions ou de d\u00e9fauts de t\u00e9l\u00e9communication.<\/span><\/p><h2><strong> POLITIQUE DE CONFIDENTIALIT\u00c9 ET DE PROTECTION DES DONN\u00c9ES<\/strong><\/h2><p><span style=\"font-weight: 400;\">Sport Academy s&#8217;engage \u00e0 mettre en \u0153uvre les mesures techniques et organisationnelles n\u00e9cessaires pour assurer un niveau de s\u00e9curit\u00e9 appropri\u00e9 au regard du risque li\u00e9 aux donn\u00e9es collect\u00e9es.<\/span><\/p><p><span style=\"font-weight: 400;\">Lois incorpor\u00e9es dans la pr\u00e9sente politique de protection de la vie priv\u00e9e<\/span><\/p><p><span style=\"font-weight: 400;\">Cette politique de confidentialit\u00e9 est conforme \u00e0 la l\u00e9gislation espagnole et europ\u00e9enne en vigueur concernant la protection des donn\u00e9es personnelles sur Internet. Plus pr\u00e9cis\u00e9ment, elle suit les r\u00e9glementations suivantes : <\/span><\/p><p><span style=\"font-weight: 400;\">&#8211; R\u00e8glement (UE) 2016\/679 du Parlement europ\u00e9en et du Conseil du 27 avril 2016 relatif \u00e0 la protection des personnes physiques \u00e0 l&#8217;\u00e9gard du traitement des donn\u00e9es \u00e0 caract\u00e8re personnel et \u00e0 la libre circulation de ces donn\u00e9es (GDPR).<\/span><\/p><p><span style=\"font-weight: 400;\">&#8211; Loi organique 3\/2018, du 5 d\u00e9cembre, sur la protection des donn\u00e9es \u00e0 caract\u00e8re personnel et la garantie des droits num\u00e9riques (LOPD-GDD).<\/span><\/p><p><span style=\"font-weight: 400;\">&#8211; D\u00e9cret royal 1720\/2007, du 21 d\u00e9cembre, approuvant le r\u00e8glement pour le d\u00e9veloppement de la loi organique 15\/1999, du 13 d\u00e9cembre, sur la protection des donn\u00e9es \u00e0 caract\u00e8re personnel (RDLOPD).<\/span><\/p><p><span style=\"font-weight: 400;\">&#8211; Loi 34\/2002, du 11 juillet, sur les services de la soci\u00e9t\u00e9 de l&#8217;information et du commerce \u00e9lectronique (LSSI-CE).<\/span><\/p><p><span style=\"font-weight: 400;\">Identit\u00e9 du responsable du traitement<\/span><\/p><p><span style=\"font-weight: 400;\">Le responsable du traitement des donn\u00e9es personnelles collect\u00e9es par Sport Academy est Sport Academy Education &amp; Training SL, avec NIF : ES-B75244699, inscrite au Registre du commerce des Asturies, C. Los Prados 166 Gij\u00f3n, Espagne.  <\/span><\/p><p><span style=\"font-weight: 400;\">Registration of Personal Data<\/span><\/p><p><span style=\"font-weight: 400;\">Conform\u00e9ment au RGPD et \u00e0 la LOPD-GDD, nous vous informons que les donn\u00e9es personnelles collect\u00e9es par le biais des formulaires du site Web seront int\u00e9gr\u00e9es et trait\u00e9es dans nos fichiers afin de faciliter, d&#8217;acc\u00e9l\u00e9rer et d&#8217;ex\u00e9cuter les engagements \u00e9tablis entre Sport Academy et l&#8217;utilisateur, ou de maintenir la relation \u00e9tablie par le biais des formulaires qu&#8217;il a remplis ou de r\u00e9pondre \u00e0 ses demandes ou \u00e0 ses requ\u00eates. Un registre des activit\u00e9s de traitement sp\u00e9cifiant, en fonction de leurs finalit\u00e9s, les activit\u00e9s de traitement effectu\u00e9es sera tenu conform\u00e9ment aux exigences du GDPR. <\/span><\/p><p><strong>Principes applicables au traitement des donn\u00e9es \u00e0 caract\u00e8re personnel<\/strong><\/p><p><span style=\"font-weight: 400;\">Le traitement des donn\u00e9es personnelles de l&#8217;utilisateur respecte les principes suivants :<\/span><\/p><p><span style=\"font-weight: 400;\">&#8211; L\u00e9galit\u00e9, \u00e9quit\u00e9 et transparence : Le consentement de l&#8217;utilisateur sera requis avec une transparence totale concernant les finalit\u00e9s pour lesquelles les donn\u00e9es personnelles sont collect\u00e9es.<\/span><\/p><p><span style=\"font-weight: 400;\">&#8211; Limitation de la finalit\u00e9 : Les donn\u00e9es \u00e0 caract\u00e8re personnel sont collect\u00e9es \u00e0 des fins sp\u00e9cifiques, explicites et l\u00e9gitimes.<\/span><\/p><p><span style=\"font-weight: 400;\">&#8211; Minimisation des donn\u00e9es : Seules les donn\u00e9es n\u00e9cessaires \u00e0 la r\u00e9alisation des objectifs seront collect\u00e9es.<\/span><\/p><p><span style=\"font-weight: 400;\">&#8211; Exactitude : Les donn\u00e9es \u00e0 caract\u00e8re personnel sont exactes et \u00e0 jour.<\/span><\/p><p><span style=\"font-weight: 400;\">&#8211; Limitation du stockage : Les donn\u00e9es ne seront stock\u00e9es qu&#8217;aussi longtemps que n\u00e9cessaire aux fins du traitement.<\/span><\/p><p><span style=\"font-weight: 400;\">&#8211; Int\u00e9grit\u00e9 et confidentialit\u00e9 : Les donn\u00e9es seront trait\u00e9es de mani\u00e8re s\u00fbre et confidentielle.<\/span><\/p><p><span style=\"font-weight: 400;\">&#8211; Responsabilit\u00e9 : Le contr\u00f4leur des donn\u00e9es est responsable du respect de ces principes.<\/span><\/p><p><strong>Categories of Personal Data<\/strong><\/p><p><span style=\"font-weight: 400;\">Sport Academy traite uniquement des donn\u00e9es d&#8217;identification. Les cat\u00e9gories sp\u00e9ciales de donn\u00e9es \u00e0 caract\u00e8re personnel ne sont pas trait\u00e9es. <\/span><\/p><p><strong>Base juridique du traitement des donn\u00e9es \u00e0 caract\u00e8re personnel<\/strong><\/p><p><span style=\"font-weight: 400;\">La base juridique du traitement des donn\u00e9es personnelles est le consentement de l&#8217;utilisateur. Sport Academy s&#8217;engage \u00e0 obtenir le consentement explicite et v\u00e9rifiable de l&#8217;utilisateur pour le traitement des donn\u00e9es \u00e0 caract\u00e8re personnel pour une ou plusieurs finalit\u00e9s sp\u00e9cifiques. L&#8217;Utilisateur a le droit de retirer son consentement \u00e0 tout moment, et le retrait du consentement n&#8217;affectera pas l&#8217;utilisation du site web.  <\/span><\/p><p><span style=\"font-weight: 400;\">Lorsqu&#8217;il fournit des donn\u00e9es au moyen de formulaires de demande de renseignements ou de requ\u00eates, l&#8217;utilisateur sera inform\u00e9 si la fourniture de certaines donn\u00e9es est obligatoire, car elle peut \u00eatre n\u00e9cessaire au traitement correct de sa demande.<\/span><\/p><p><strong>Finalit\u00e9s du traitement des donn\u00e9es \u00e0 caract\u00e8re personnel<\/strong><\/p><p><span style=\"font-weight: 400;\">Les donn\u00e9es personnelles sont collect\u00e9es et g\u00e9r\u00e9es par Sport Academy afin de faciliter, d&#8217;acc\u00e9l\u00e9rer et de remplir les engagements \u00e9tablis entre le site Web et l&#8217;utilisateur, ou de maintenir la relation \u00e9tablie \u00e0 travers les formulaires que l&#8217;utilisateur remplit ou r\u00e9pond \u00e0 des demandes ou \u00e0 des requ\u00eates. Les donn\u00e9es peuvent \u00e9galement \u00eatre utilis\u00e9es \u00e0 des fins commerciales personnalis\u00e9es, \u00e0 des fins op\u00e9rationnelles et statistiques, et \u00e0 des activit\u00e9s conformes aux objectifs de Sport Academy, y compris l&#8217;extraction de donn\u00e9es, le stockage et les \u00e9tudes de marketing. <\/span><\/p><p><strong>P\u00e9riode de conservation des donn\u00e9es \u00e0 caract\u00e8re personnel<\/strong><\/p><p><span style=\"font-weight: 400;\">Les donn\u00e9es \u00e0 caract\u00e8re personnel ne sont conserv\u00e9es que pendant la dur\u00e9e n\u00e9cessaire aux finalit\u00e9s du traitement et, dans tous les cas, pendant une dur\u00e9e maximale de 5 ans ou jusqu&#8217;\u00e0 ce que l&#8217;utilisateur demande leur suppression.<\/span><\/p><p><strong>Donn\u00e9es \u00e0 caract\u00e8re personnel des mineurs<\/strong><\/p><p><span style=\"font-weight: 400;\">Seules les personnes \u00e2g\u00e9es de plus de 14 ans peuvent l\u00e9galement consentir au traitement de leurs donn\u00e9es par Sport Academy. Pour les mineurs de moins de 14 ans, le consentement d&#8217;un parent ou d&#8217;un tuteur est n\u00e9cessaire pour que le traitement soit licite.   <\/span><\/p><p><strong>Data Security and Confidentiality<\/strong><\/p><p><span style=\"font-weight: 400;\">Sport Academy s&#8217;engage \u00e0 prendre les mesures techniques et organisationnelles appropri\u00e9es pour assurer la s\u00e9curit\u00e9 des donn\u00e9es collect\u00e9es. Le site Web utilise des certificats SSL (Secure Socket Layer), qui garantissent que les donn\u00e9es personnelles sont transmises de mani\u00e8re s\u00fbre et confidentielle. Toutefois, la s\u00e9curit\u00e9 absolue ne pouvant \u00eatre garantie sur Internet, Sport Academy informera l&#8217;utilisateur de toute violation de donn\u00e9es, comme l&#8217;exige le GDPR.  <\/span><\/p><p><strong>Droits des utilisateurs**<\/strong><\/p><p><span style=\"font-weight: 400;\">&#8211; Droit d&#8217;acc\u00e8s : L&#8217;utilisateur a le droit d&#8217;obtenir la confirmation que Sport Academy traite ses donn\u00e9es personnelles. Dans l&#8217;affirmative, il peut demander des informations sur les donn\u00e9es personnelles sp\u00e9cifiques trait\u00e9es, le traitement effectu\u00e9, la source des donn\u00e9es et les destinataires pr\u00e9vus des donn\u00e9es. <\/span><\/p><p><span style=\"font-weight: 400;\">&#8211; Droit de rectification : L&#8217;utilisateur a le droit de modifier les donn\u00e9es \u00e0 caract\u00e8re personnel qui sont inexactes ou incompl\u00e8tes.<\/span><\/p><p><span style=\"font-weight: 400;\">&#8211; Droit \u00e0 l&#8217;effacement (&#8220;Droit \u00e0 l&#8217;oubli&#8221;) : L&#8217;utilisateur a le droit de demander l&#8217;effacement de ses donn\u00e9es \u00e0 caract\u00e8re personnel lorsque celles-ci ne sont plus n\u00e9cessaires aux fins pour lesquelles elles ont \u00e9t\u00e9 collect\u00e9es, lorsque le consentement est retir\u00e9, lorsqu&#8217;il n&#8217;y a pas de motif l\u00e9gitime de poursuivre le traitement, lorsque les donn\u00e9es ont \u00e9t\u00e9 trait\u00e9es de mani\u00e8re illicite ou lorsqu&#8217;elles doivent \u00eatre effac\u00e9es pour se conformer \u00e0 une obligation l\u00e9gale. Le responsable du traitement doit prendre des mesures raisonnables pour informer les autres personnes qui traitent les donn\u00e9es de la demande d&#8217;effacement de l&#8217;utilisateur. <\/span><\/p><p><span style=\"font-weight: 400;\">&#8211; Droit \u00e0 la limitation du traitement : L&#8217;utilisateur a le droit de limiter le traitement de ses donn\u00e9es \u00e0 caract\u00e8re personnel sous certaines conditions, telles que la contestation de l&#8217;exactitude des donn\u00e9es ou lorsque le traitement est ill\u00e9gal.<\/span><\/p><p><span style=\"font-weight: 400;\">&#8211; Droit \u00e0 la portabilit\u00e9 des donn\u00e9es : Si le traitement est automatis\u00e9, l&#8217;utilisateur a le droit de recevoir ses donn\u00e9es \u00e0 caract\u00e8re personnel dans un format structur\u00e9, couramment utilis\u00e9 et lisible par machine, et de les transmettre \u00e0 un autre responsable du traitement, lorsque cela est techniquement possible.<\/span><\/p><p><span style=\"font-weight: 400;\">&#8211; Droit d&#8217;opposition : L&#8217;utilisateur a le droit de s&#8217;opposer au traitement de ses donn\u00e9es personnelles par Sport Academy.<\/span><\/p><p><span style=\"font-weight: 400;\">&#8211; Droit de ne pas \u00eatre soumis \u00e0 une prise de d\u00e9cision automatis\u00e9e : L&#8217;utilisateur a le droit de ne pas faire l&#8217;objet de d\u00e9cisions fond\u00e9es exclusivement sur un traitement automatis\u00e9 de ses donn\u00e9es \u00e0 caract\u00e8re personnel, y compris le profilage, sauf si la loi l&#8217;exige.<\/span><\/p><p><span style=\"font-weight: 400;\">Les utilisateurs peuvent exercer leurs droits en envoyant une demande \u00e9crite au responsable du traitement des donn\u00e9es avec la r\u00e9f\u00e9rence \u00ab GDPR-www.sportacademy.com \u00bb, en sp\u00e9cifiant :<\/span><\/p><p><span style=\"font-weight: 400;\">&#8211; Nom, pr\u00e9nom et copie de la pi\u00e8ce d&#8217;identit\u00e9. S&#8217;il est repr\u00e9sent\u00e9, la pi\u00e8ce d&#8217;identit\u00e9 du repr\u00e9sentant et la preuve de sa repr\u00e9sentation sont \u00e9galement requises. La copie de la pi\u00e8ce d&#8217;identit\u00e9 peut \u00eatre remplac\u00e9e par tout moyen valable de v\u00e9rification de l&#8217;identit\u00e9.  <\/span><\/p><p><span style=\"font-weight: 400;\">&#8211; Une demande d\u00e9taillant la nature sp\u00e9cifique de la demande ou de l&#8217;information recherch\u00e9e.<\/span><\/p><p><span style=\"font-weight: 400;\">&#8211; Une adresse aux fins de notification.<\/span><\/p><p><span style=\"font-weight: 400;\">&#8211; Date and signature of the requester.<\/span><\/p><p><span style=\"font-weight: 400;\">&#8211; Tout document justifiant la demande.<\/span><\/p><p><span style=\"font-weight: 400;\">Cette demande et tous les documents joints peuvent \u00eatre envoy\u00e9s \u00e0 l&#8217;adresse et\/ou \u00e0 l&#8217;e-mail suivants:<\/span><\/p><p>Adresse postale: <\/p><p><span style=\"font-weight: 400;\">Edificio Impulsa. C\/ Los Prados 166   <\/span><\/p><p><span style=\"font-weight: 400;\">33203 Gij\u00f3n, Espagne <\/span><\/p><p><span style=\"font-weight: 400;\">Courriel : campus@sportacademy.com<\/span><\/p><p><strong>Links to Third-Party Websites<\/strong><\/p><p><span style=\"font-weight: 400;\">Le site web peut inclure des hyperliens vers des sites web de tiers qui ne sont pas exploit\u00e9s par Sport Academy. Ces sites web ont leur propre politique de protection des donn\u00e9es et leurs propri\u00e9taires sont responsables de leurs propres fichiers et de leurs pratiques en mati\u00e8re de confidentialit\u00e9. <\/span><\/p><p><strong>Plaintes aupr\u00e8s de l&#8217;autorit\u00e9 de surveillance<\/strong><\/p><p><span style=\"font-weight: 400;\">Si l&#8217;utilisateur estime qu&#8217;il y a un probl\u00e8me ou une violation concernant le traitement de ses donn\u00e9es personnelles, il a le droit d&#8217;obtenir une protection judiciaire et de d\u00e9poser une plainte aupr\u00e8s d&#8217;une autorit\u00e9 de contr\u00f4le, en particulier dans sa r\u00e9sidence habituelle ou sur son lieu de travail. En Espagne, l&#8217;autorit\u00e9 de contr\u00f4le est l&#8217;Agence espagnole de protection des donn\u00e9es (http:\/\/www.agpd.es). <\/span><\/p><p><strong>Acceptation et modifications des pr\u00e9sentes mentions l\u00e9gales<\/strong><\/p><p><span style=\"font-weight: 400;\">Les utilisateurs doivent lire et accepter les conditions relatives \u00e0 la protection des donn\u00e9es personnelles contenues dans la pr\u00e9sente politique de confidentialit\u00e9, ainsi que consentir au traitement de leurs donn\u00e9es personnelles. L&#8217;utilisation du site web implique l&#8217;acceptation de la politique de confidentialit\u00e9. <\/span><\/p><p><span style=\"font-weight: 400;\">Sport Academy se r\u00e9serve le droit de modifier sa politique de confidentialit\u00e9 si elle le juge n\u00e9cessaire ou en raison de changements dans la l\u00e9gislation. Les modifications seront explicitement notifi\u00e9es aux utilisateurs. <\/span><\/p><p><span style=\"font-weight: 400;\">La pr\u00e9sente politique de confidentialit\u00e9 a \u00e9t\u00e9 mise \u00e0 jour le 23 septembre 2024, afin de se conformer au r\u00e8glement (UE) 2016\/679 du Parlement europ\u00e9en et du Conseil, dat\u00e9 du 27 avril 2016, relatif \u00e0 la protection des personnes physiques \u00e0 l&#8217;\u00e9gard du traitement des donn\u00e9es \u00e0 caract\u00e8re personnel et \u00e0 la libre circulation de ces donn\u00e9es (GDPR), et \u00e0 la loi organique 3\/2018, du 5 d\u00e9cembre, sur la protection des donn\u00e9es \u00e0 caract\u00e8re personnel et la garantie des droits num\u00e9riques (LOPD).<\/span><\/p>\t\t\t\t\t\t\t\t<\/div>\n\t\t\t\t<\/div>\n\t\t\t\t\t<\/div>\n\t\t\t\t<\/div>\n\t\t\t\t<\/div>\n\t\t","protected":false},"excerpt":{"rendered":"<p>Derni\u00e8re modification : 7 avril 2025 INFORMATIONS G\u00c9N\u00c9RALES Conform\u00e9ment \u00e0 l&#8217;obligation d&#8217;information pr\u00e9vue par la loi 34\/2002 sur les services de la soci\u00e9t\u00e9 de l&#8217;information et le commerce \u00e9lectronique (LSSI-CE) du 11 juillet, les informations g\u00e9n\u00e9rales suivantes sont fournies sur ce site web : Le propri\u00e9taire de ce site web, www.sportacademy.com (ci-apr\u00e8s, le site web),&#8230;<\/p>\n","protected":false},"author":11,"featured_media":0,"parent":0,"menu_order":0,"comment_status":"closed","ping_status":"closed","template":"","meta":{"productId":0,"courseId":0,"footnotes":""},"class_list":["post-30977","page","type-page","status-publish","hentry"],"_links":{"self":[{"href":"https:\/\/sportacademy.com\/fr\/wp-json\/wp\/v2\/pages\/30977","targetHints":{"allow":["GET"]}}],"collection":[{"href":"https:\/\/sportacademy.com\/fr\/wp-json\/wp\/v2\/pages"}],"about":[{"href":"https:\/\/sportacademy.com\/fr\/wp-json\/wp\/v2\/types\/page"}],"author":[{"embeddable":true,"href":"https:\/\/sportacademy.com\/fr\/wp-json\/wp\/v2\/users\/11"}],"replies":[{"embeddable":true,"href":"https:\/\/sportacademy.com\/fr\/wp-json\/wp\/v2\/comments?post=30977"}],"version-history":[{"count":5,"href":"https:\/\/sportacademy.com\/fr\/wp-json\/wp\/v2\/pages\/30977\/revisions"}],"predecessor-version":[{"id":39414,"href":"https:\/\/sportacademy.com\/fr\/wp-json\/wp\/v2\/pages\/30977\/revisions\/39414"}],"wp:attachment":[{"href":"https:\/\/sportacademy.com\/fr\/wp-json\/wp\/v2\/media?parent=30977"}],"curies":[{"name":"wp","href":"https:\/\/api.w.org\/{rel}","templated":true}]}}