{"id":30900,"date":"2024-09-23T12:58:12","date_gmt":"2024-09-23T10:58:12","guid":{"rendered":"https:\/\/sportacademy.com\/politique-en-matiere-de-cookies\/"},"modified":"2025-08-06T01:28:07","modified_gmt":"2025-08-05T23:28:07","slug":"politique-en-matiere-de-cookies","status":"publish","type":"page","link":"https:\/\/sportacademy.com\/fr\/politique-en-matiere-de-cookies\/","title":{"rendered":"Politique en mati\u00e8re de cookies"},"content":{"rendered":"\t\t<div data-elementor-type=\"wp-page\" data-elementor-id=\"30900\" class=\"elementor elementor-30900 elementor-29319\" data-elementor-post-type=\"page\">\n\t\t\t\t<div class=\"elementor-element elementor-element-c9706d5 e-flex e-con-boxed e-con e-parent\" data-id=\"c9706d5\" data-element_type=\"container\" data-e-type=\"container\" data-settings=\"{&quot;jet_parallax_layout_list&quot;:[]}\">\n\t\t\t\t\t<div class=\"e-con-inner\">\n\t\t\t\t<div class=\"elementor-element elementor-element-0d840a2 elementor-widget elementor-widget-heading\" data-id=\"0d840a2\" data-element_type=\"widget\" data-e-type=\"widget\" data-widget_type=\"heading.default\">\n\t\t\t\t<div class=\"elementor-widget-container\">\n\t\t\t\t\t<h1 class=\"elementor-heading-title elementor-size-default\">Politique en mati\u00e8re de cookies<\/h1>\t\t\t\t<\/div>\n\t\t\t\t<\/div>\n\t\t\t\t<div class=\"elementor-element elementor-element-fa5ce87 elementor-widget__width-initial elementor-widget elementor-widget-text-editor\" data-id=\"fa5ce87\" data-element_type=\"widget\" data-e-type=\"widget\" data-widget_type=\"text-editor.default\">\n\t\t\t\t<div class=\"elementor-widget-container\">\n\t\t\t\t\t\t\t\t\t<p><\/p><p><span style=\"font-weight: 400;\">L&#8217;acc\u00e8s \u00e0 ce site web peut impliquer l&#8217;utilisation de cookies. Les cookies sont de petites quantit\u00e9s d&#8217;informations stock\u00e9es sur le navigateur de l&#8217;utilisateur afin de m\u00e9moriser des informations sp\u00e9cifiques que seul le serveur qui les a impl\u00e9ment\u00e9s peut lire ult\u00e9rieurement. Les cookies facilitent la navigation et am\u00e9liorent l&#8217;exp\u00e9rience de l&#8217;utilisateur.  <\/span><\/p><p><span style=\"font-weight: 400;\">Les informations collect\u00e9es par le biais des cookies peuvent inclure la date et l&#8217;heure des visites, les pages consult\u00e9es, le temps pass\u00e9 sur le site web et les sites web visit\u00e9s avant et apr\u00e8s. Cependant, aucun cookie ne permet au serveur de contacter le num\u00e9ro de t\u00e9l\u00e9phone de l&#8217;utilisateur ou toute autre m\u00e9thode de contact personnel. Aucun cookie ne peut extraire des informations du disque dur de l&#8217;utilisateur ou voler des informations personnelles.  <\/span><\/p><p><span style=\"font-weight: 400;\">Les cookies qui identifient une personne sont consid\u00e9r\u00e9s comme des donn\u00e9es personnelles et la m\u00eame Politique de Confidentialit\u00e9 s&#8217;y applique. L&#8217;utilisation de cookies n\u00e9cessite le consentement de l&#8217;utilisateur, communiqu\u00e9 par le biais d&#8217;un choix affirmatif avant le traitement initial, qui peut \u00eatre r\u00e9voqu\u00e9. <\/span><\/p><h2><strong>Cookies de Premi\u00e8re Partie<\/strong><\/h2><p><span style=\"font-weight: 400;\">Il s&#8217;agit de cookies envoy\u00e9s \u00e0 l&#8217;ordinateur de l&#8217;Utilisateur et g\u00e9r\u00e9s exclusivement par Sport Academy pour le fonctionnement appropri\u00e9 du Site. Les informations recueillies sont utilis\u00e9es pour am\u00e9liorer la qualit\u00e9 du site et de son contenu, en l&#8217;adaptant aux pr\u00e9f\u00e9rences de l&#8217;Utilisateur. <\/span><\/p><p> <\/p><h2><strong>Cookies de Tiers<\/strong><\/h2><p><span style=\"font-weight: 400;\">Il s&#8217;agit de cookies utilis\u00e9s et g\u00e9r\u00e9s par des entit\u00e9s externes qui fournissent des services \u00e0 Sport Academy afin d&#8217;am\u00e9liorer le site Web et l&#8217;exp\u00e9rience de l&#8217;Utilisateur. Les cookies de Tiers sont principalement utilis\u00e9s \u00e0 des fins d&#8217;acc\u00e8s statistique et d&#8217;analyse de la navigation. <\/span><\/p><p><span style=\"font-weight: 400;\">Les informations obtenues comprennent le nombre de pages visit\u00e9es, la langue, l&#8217;adresse IP, le nombre d&#8217;utilisateurs, la fr\u00e9quence des visites, la dur\u00e9e des visites, le type de navigateur et l&#8217;appareil utilis\u00e9. Ces informations sont collect\u00e9es de mani\u00e8re anonyme et utilis\u00e9es pour am\u00e9liorer le Site Web sans identifier les Utilisateurs individuels. <\/span><\/p><p><span style=\"font-weight: 400;\">Plus d&#8217;informations sur les cookies, la confidentialit\u00e9 et les descriptions des types de cookies:<\/span><\/p><h3><strong>Cookies pour les M\u00e9dias Sociaux<\/strong><\/h3><p><span style=\"font-weight: 400;\">Sport Academy incorpore des plugins de m\u00e9dias sociaux qui permettent d&#8217;acc\u00e9der au Site Web. Par cons\u00e9quent, des cookies de m\u00e9dias sociaux peuvent \u00eatre stock\u00e9s dans le navigateur de l&#8217;Utilisateur. Ces plateformes de m\u00e9dias sociaux ont leurs propres politiques en mati\u00e8re de protection des donn\u00e9es et de cookies, et les Utilisateurs doivent s&#8217;y r\u00e9f\u00e9rer pour plus d&#8217;informations.  <\/span><\/p><h3><strong>D\u00e9sactiver, Rejeter et Supprimer les Cookies<\/strong><\/h3><p><span style=\"font-weight: 400;\">Les utilisateurs peuvent d\u00e9sactiver, rejeter ou supprimer les cookies, totalement ou partiellement, en configurant leur navigateur. Les proc\u00e9dures peuvent diff\u00e9rer d&#8217;un navigateur \u00e0 l&#8217;autre, de sorte que les Utilisateurs doivent suivre les instructions du navigateur sp\u00e9cifique qu&#8217;ils utilisent. S&#8217;ils rejettent les cookies, ils peuvent toujours utiliser le site web, mais certaines fonctions peuvent \u00eatre limit\u00e9es.  <\/span><\/p><h3><strong>Modifications apport\u00e9es \u00e0 la Politique en mati\u00e8re de Cookies<\/strong><\/h3><p><span style=\"font-weight: 400;\">La politique en mati\u00e8re de cookies peut \u00eatre modifi\u00e9e ou mise \u00e0 jour. Il est donc conseill\u00e9 aux utilisateurs de la consulter \u00e0 chaque fois qu&#8217;ils acc\u00e8dent au site web afin de rester inform\u00e9s de la mani\u00e8re dont les cookies sont utilis\u00e9s et des raisons pour lesquelles ils le sont.<\/span><\/p><h3><strong>Politique des Liens<\/strong><\/h3><p><span style=\"font-weight: 400;\">Le site web de la Sport Academy peut fournir des liens (tels que des liens, des banni\u00e8res ou des boutons), des annuaires et des moteurs de recherche permettant aux Utilisateurs d&#8217;acc\u00e9der \u00e0 des sites web de tiers. Ces liens visent \u00e0 faciliter l&#8217;acc\u00e8s des Utilisateurs aux informations disponibles sur Internet et n&#8217;impliquent ni l&#8217;approbation ni l&#8217;invitation \u00e0 visiter ces sites. <\/span><\/p><p><span style=\"font-weight: 400;\">Sport Academy n&#8217;offre ni ne vend de produits ou de services provenant de sites li\u00e9s et ne garantit pas la disponibilit\u00e9 technique, l&#8217;exactitude, la v\u00e9racit\u00e9, la validit\u00e9 ou la l\u00e9galit\u00e9 des sites externes accessibles par le biais des liens. Sport Academy n&#8217;examine ni ne contr\u00f4le le contenu d&#8217;autres sites web et n&#8217;assume aucune responsabilit\u00e9 en ce qui concerne le contenu, communications, opinions, produits ou services de ces sites web li\u00e9s. <\/span><\/p><p><span style=\"font-weight: 400;\">Un utilisateur ou un tiers qui cr\u00e9e un lien hypertexte d&#8217;un autre site web vers le site web de Sport Academy doit savoir que:<\/span><\/p><p><span style=\"font-weight: 400;\">&#8211; La reproduction de tout contenu ou service de ce site Web sans l&#8217;autorisation explicite de Sport Academy est interdite.<\/span><\/p><p><span style=\"font-weight: 400;\">&#8211; Les repr\u00e9sentations fausses, inexactes ou incorrectes concernant Sport Academy ou ses contenus\/services ne sont pas autoris\u00e9es.<\/span><\/p><p><span style=\"font-weight: 400;\">&#8211; Le site contenant l&#8217;hyperlien ne peut contenir aucun \u00e9l\u00e9ment prot\u00e9g\u00e9 comme propri\u00e9t\u00e9 intellectuelle par la loi espagnole sans l&#8217;autorisation explicite de Sport Academy.<\/span><\/p><p><span style=\"font-weight: 400;\">L&#8217;\u00e9tablissement d&#8217;un lien hypertexte n&#8217;implique aucune relation entre Sport Academy et le propri\u00e9taire du site d&#8217;o\u00f9 provient le lien.<\/span><\/p><p> <\/p><h2><strong>Propri\u00e9t\u00e9 Intellectuelle et Industrielle<\/strong><\/h2><p><span style=\"font-weight: 400;\">Sport Academy, en tant que propri\u00e9taire l\u00e9gitime, d\u00e9tient tous les droits de propri\u00e9t\u00e9 intellectuelle et industrielle du Site Web et de ses \u00e9l\u00e9ments (y compris les images, l&#8217;audio, la vid\u00e9o, les logiciels, les textes, les marques, les logos, etc.) Ces \u0153uvres sont prot\u00e9g\u00e9es en tant que propri\u00e9t\u00e9 intellectuelle par la loi espagnole et sont soumises aux r\u00e9glementations espagnoles et europ\u00e9ennes, ainsi qu&#8217;aux trait\u00e9s internationaux. <\/span><\/p><p><span style=\"font-weight: 400;\">Tous les droits sont r\u00e9serv\u00e9s. Conform\u00e9ment \u00e0 la Loi sur la Propri\u00e9t\u00e9 Intellectuelle, la reproduction, la distribution ou la communication publique de tout contenu de ce site web \u00e0 des fins commerciales est interdite sans l&#8217;autorisation de Sport Academy. <\/span><\/p><p><span style=\"font-weight: 400;\">Si un utilisateur ou un tiers estime qu&#8217;un contenu du Site Web viole des droits de propri\u00e9t\u00e9 intellectuelle, il doit imm\u00e9diatement en informer Sport Academy en utilisant les coordonn\u00e9es fournies dans la section INFORMATIONS G\u00c9N\u00c9RALES du pr\u00e9sent Avis Juridique.<\/span><\/p><p> <\/p><h2><strong>Actions L\u00e9gales, L\u00e9gislation Applicable et Juridiction<\/strong><\/h2><p><span style=\"font-weight: 400;\">Sport Academy se r\u00e9serve le droit d&#8217;intenter des actions civiles ou p\u00e9nales en cas d&#8217;utilisation abusive du site web et de son contenu ou de non-respect des pr\u00e9sentes conditions.<\/span><\/p><p><span style=\"font-weight: 400;\">La relation entre l&#8217;Utilisateur et Sport Academy sera r\u00e9gie par la l\u00e9gislation en vigueur applicable sur le territoire espagnol. En cas de litige concernant l&#8217;interpr\u00e9tation ou l&#8217;application de ces conditions, les deux parties soumettront leurs conflits aux tribunaux ordinaires comp\u00e9tents. <\/span><\/p>\t\t\t\t\t\t\t\t<\/div>\n\t\t\t\t<\/div>\n\t\t\t\t\t<\/div>\n\t\t\t\t<\/div>\n\t\t\t\t<\/div>\n\t\t","protected":false},"excerpt":{"rendered":"<p>L&#8217;acc\u00e8s \u00e0 ce site web peut impliquer l&#8217;utilisation de cookies. Les cookies sont de petites quantit\u00e9s d&#8217;informations stock\u00e9es sur le navigateur de l&#8217;utilisateur afin de m\u00e9moriser des informations sp\u00e9cifiques que seul le serveur qui les a impl\u00e9ment\u00e9s peut lire ult\u00e9rieurement. Les cookies facilitent la navigation et am\u00e9liorent l&#8217;exp\u00e9rience de l&#8217;utilisateur. Les informations collect\u00e9es par le&#8230;<\/p>\n","protected":false},"author":11,"featured_media":0,"parent":0,"menu_order":0,"comment_status":"closed","ping_status":"closed","template":"","meta":{"productId":0,"courseId":0,"footnotes":""},"class_list":["post-30900","page","type-page","status-publish","hentry"],"_links":{"self":[{"href":"https:\/\/sportacademy.com\/fr\/wp-json\/wp\/v2\/pages\/30900","targetHints":{"allow":["GET"]}}],"collection":[{"href":"https:\/\/sportacademy.com\/fr\/wp-json\/wp\/v2\/pages"}],"about":[{"href":"https:\/\/sportacademy.com\/fr\/wp-json\/wp\/v2\/types\/page"}],"author":[{"embeddable":true,"href":"https:\/\/sportacademy.com\/fr\/wp-json\/wp\/v2\/users\/11"}],"replies":[{"embeddable":true,"href":"https:\/\/sportacademy.com\/fr\/wp-json\/wp\/v2\/comments?post=30900"}],"version-history":[{"count":2,"href":"https:\/\/sportacademy.com\/fr\/wp-json\/wp\/v2\/pages\/30900\/revisions"}],"predecessor-version":[{"id":39502,"href":"https:\/\/sportacademy.com\/fr\/wp-json\/wp\/v2\/pages\/30900\/revisions\/39502"}],"wp:attachment":[{"href":"https:\/\/sportacademy.com\/fr\/wp-json\/wp\/v2\/media?parent=30900"}],"curies":[{"name":"wp","href":"https:\/\/api.w.org\/{rel}","templated":true}]}}