{"id":36932,"date":"2024-12-27T15:30:40","date_gmt":"2024-12-27T14:30:40","guid":{"rendered":"https:\/\/sportacademy.com\/product\/sport-transparency-index\/"},"modified":"2026-04-22T15:58:44","modified_gmt":"2026-04-22T13:58:44","slug":"sport-transparency-index","status":"publish","type":"product","link":"https:\/\/sportacademy.com\/es\/curso\/sport-transparency-index\/","title":{"rendered":"Sport Transparency Index"},"content":{"rendered":"<p>Mejora la gobernanza y la credibilidad de tu organizaci\u00f3n deportiva con el <strong>Curso sobre el \u00cdndice de Transparencia del Deporte, tu<\/strong>gu\u00eda definitiva para fomentar la transparencia y la rendici\u00f3n de cuentas. Este completo curso en l\u00ednea, cofinanciado por el programa Erasmus+ de la UE, proporciona a los participantes las herramientas y estrategias necesarias para alcanzar la excelencia en la gobernanza. <\/p>\n","protected":false},"excerpt":{"rendered":"<p>Descubre los 15 indicadores esenciales que eval\u00faan la transparencia en las dimensiones organizativa, operativa y financiera. A trav\u00e9s de atractivos m\u00f3dulos y estudios de casos reales, obtendr\u00e1s informaci\u00f3n pr\u00e1ctica para elevar la puntuaci\u00f3n de transparencia de tu organizaci\u00f3n y promover pr\u00e1cticas de gobernanza sostenibles. <\/p>\n","protected":false},"featured_media":37068,"template":"","meta":{"featured":"false","hide":"false"},"product_brand":[],"product_cat":[419],"product_tag":[],"school":[404],"language":[991],"instructors":[637,648,686,721,730,756],"entidades-certificadoras":[1354],"class_list":{"0":"post-36932","1":"product","2":"type-product","3":"status-publish","4":"has-post-thumbnail","6":"product_cat-la-gobernanza-en-las-organizaciones-deportivas","7":"school-gobernanza-y-diplomacia","8":"language-english-es","9":"instructors-antonio-silva-phd-es","10":"instructors-dimosthenis-dimopoulos-es","11":"instructors-joao-jorge-es","12":"instructors-panos-papageorgiou-es","13":"instructors-philipp-reisner-es","14":"instructors-silvia-da-costa-es","15":"entidades-certificadoras-sti","17":"first","18":"instock","19":"virtual","20":"sold-individually","21":"taxable","22":"purchasable","23":"product-type-simple"},"_links":{"self":[{"href":"https:\/\/sportacademy.com\/es\/wp-json\/wp\/v2\/product\/36932","targetHints":{"allow":["GET"]}}],"collection":[{"href":"https:\/\/sportacademy.com\/es\/wp-json\/wp\/v2\/product"}],"about":[{"href":"https:\/\/sportacademy.com\/es\/wp-json\/wp\/v2\/types\/product"}],"version-history":[{"count":1,"href":"https:\/\/sportacademy.com\/es\/wp-json\/wp\/v2\/product\/36932\/revisions"}],"predecessor-version":[{"id":38752,"href":"https:\/\/sportacademy.com\/es\/wp-json\/wp\/v2\/product\/36932\/revisions\/38752"}],"wp:featuredmedia":[{"embeddable":true,"href":"https:\/\/sportacademy.com\/es\/wp-json\/wp\/v2\/media\/37068"}],"wp:attachment":[{"href":"https:\/\/sportacademy.com\/es\/wp-json\/wp\/v2\/media?parent=36932"}],"wp:term":[{"taxonomy":"product_brand","embeddable":true,"href":"https:\/\/sportacademy.com\/es\/wp-json\/wp\/v2\/product_brand?post=36932"},{"taxonomy":"product_cat","embeddable":true,"href":"https:\/\/sportacademy.com\/es\/wp-json\/wp\/v2\/product_cat?post=36932"},{"taxonomy":"product_tag","embeddable":true,"href":"https:\/\/sportacademy.com\/es\/wp-json\/wp\/v2\/product_tag?post=36932"},{"taxonomy":"school","embeddable":true,"href":"https:\/\/sportacademy.com\/es\/wp-json\/wp\/v2\/school?post=36932"},{"taxonomy":"language","embeddable":true,"href":"https:\/\/sportacademy.com\/es\/wp-json\/wp\/v2\/language?post=36932"},{"taxonomy":"instructors","embeddable":true,"href":"https:\/\/sportacademy.com\/es\/wp-json\/wp\/v2\/instructors?post=36932"},{"taxonomy":"entidades-certificadoras","embeddable":true,"href":"https:\/\/sportacademy.com\/es\/wp-json\/wp\/v2\/entidades-certificadoras?post=36932"}],"curies":[{"name":"wp","href":"https:\/\/api.w.org\/{rel}","templated":true}]}}