{"id":36777,"date":"2024-08-29T09:27:16","date_gmt":"2024-08-29T07:27:16","guid":{"rendered":"https:\/\/sportacademy.com\/product\/ge-force\/"},"modified":"2025-06-19T09:01:49","modified_gmt":"2025-06-19T07:01:49","slug":"ge-force","status":"publish","type":"product","link":"https:\/\/sportacademy.com\/es\/curso\/ge-force\/","title":{"rendered":"GE-FORCE"},"content":{"rendered":"<p>Gender Equality FORCE (GE-FORCE) aims to empower sport organisations to balance gender in their leadership positions. The objective of this online course is to provide awareness, guidance, and support to the \u201cnew leaders\u201d of sport, and to inspire them to be part of the necessary change to promote diversity and inclusion. <\/p>\n<p>Developed through extensive prior research, this programme\u2019s primary objective is to enhance understanding of women\u2019s leadership and provide recommendations for promoting gender equality within the sport industry.<\/p>\n<p>This valuable resource is accessible to all sports enthusiasts who share the belief that, through collective efforts, we can propel gender equality forward and cultivate an environment that encourages more women to pursue leadership roles in sports.<\/p>\n<p>This course was developed with the support of the Erasmus+ Programme of the European Union. Views and opinions expressed are however those of the authors only and do not necessarily reflect those of the European Union or EACEA. Neither the European Union nor the granting authority can be held responsible for them.  <\/p>\n<p><b>What You\u2019ll Learn?<\/b><\/p>\n<ul>\n<li>Build organisational capacity to work transnationally and across sectors for gender equality.<\/li>\n<li>Address priorities in education, training, youth, and sport to enable sector-wide transformation.<\/li>\n<li>Reconocer y crear oportunidades de crecimiento para las mujeres en puestos de liderazgo deportivo.<\/li>\n<li>Determinar las tareas y responsabilidades de las mujeres en la gesti\u00f3n para fomentar el desarrollo del liderazgo.<\/li>\n<li>Sensibilizar sobre las ventajas del liderazgo y la representaci\u00f3n de las mujeres en la toma de decisiones.<\/li>\n<li>Dotar a las mujeres l\u00edderes de herramientas para establecer contactos eficaces y planificar su carrera profesional.<\/li>\n<li>Promover la igualdad de g\u00e9nero y la diversidad en el liderazgo mediante entornos organizativos favorables.<\/li>\n<li>Utilizar los medios de comunicaci\u00f3n y las plataformas sociales para amplificar los mensajes sobre igualdad de g\u00e9nero y liderazgo.<\/li>\n<li>Comprender y aplicar pol\u00edticas de igualdad de g\u00e9nero y estrategias de conciliaci\u00f3n de la vida laboral y familiar.<\/li>\n<li>Learn to recognise, address, and take Aprender a reconocer, abordar y tomar medidas contra la discriminaci\u00f3n en el deporte y el liderazgo.against discrimination in sport and leadership.<\/li>\n<\/ul>\n<p>Conjunto de habilidades:<\/p>\n<ul>\n<li>Liderazgo<\/li>\n<li>Redes y comunicaci\u00f3n<\/li>\n<li>Planificaci\u00f3n estrat\u00e9gica<\/li>\n<li>Gesti\u00f3n de la diversidad y la inclusi\u00f3n<\/li>\n<li>Lucha contra la discriminaci\u00f3n<\/li>\n<li>Gesti\u00f3n del cambio<\/li>\n<\/ul>\n","protected":false},"excerpt":{"rendered":"<p>The GE-FORCE course empowers sport organisations to balance gender in their leadership positions. By raising awareness, offering guidance, and providing support to emerging leaders in sports, you will learn how to catalyse the necessary change for fostering diversity and inclusion. <\/p>\n","protected":false},"featured_media":37026,"template":"","meta":{"featured":"false","hide":"false"},"product_brand":[],"product_cat":[403],"product_tag":[],"school":[237],"language":[991],"instructors":[270,264,267,255,273,261,252,258],"entidades-certificadoras":[291,285,276,294,288,279,282],"class_list":{"0":"post-36777","1":"product","2":"type-product","3":"status-publish","4":"has-post-thumbnail","6":"product_cat-inclusion-y-diversidad","7":"school-digital-and-innovation-es","8":"language-english-es","9":"instructors-aneta-lemiesz-es","10":"instructors-antonella-bellutti-es","11":"instructors-grzegorz-botwina-es","12":"instructors-leonardo-cunha-es","13":"instructors-malgorzata-slawinaka-es","14":"instructors-shirim-amin-es","15":"instructors-silvija-mitevska-es","16":"instructors-susana-duarte-es","17":"entidades-certificadoras-coc","18":"entidades-certificadoras-champions-factory","19":"entidades-certificadoras-z-eunik","20":"entidades-certificadoras-instytut-sportu","21":"entidades-certificadoras-assist","22":"entidades-certificadoras-1-olympic-committee-of-north-macedonia","23":"entidades-certificadoras-sport-evolution-alliance","25":"first","26":"instock","27":"virtual","28":"sold-individually","29":"taxable","30":"purchasable","31":"product-type-simple"},"_links":{"self":[{"href":"https:\/\/sportacademy.com\/es\/wp-json\/wp\/v2\/product\/36777","targetHints":{"allow":["GET"]}}],"collection":[{"href":"https:\/\/sportacademy.com\/es\/wp-json\/wp\/v2\/product"}],"about":[{"href":"https:\/\/sportacademy.com\/es\/wp-json\/wp\/v2\/types\/product"}],"version-history":[{"count":1,"href":"https:\/\/sportacademy.com\/es\/wp-json\/wp\/v2\/product\/36777\/revisions"}],"predecessor-version":[{"id":38806,"href":"https:\/\/sportacademy.com\/es\/wp-json\/wp\/v2\/product\/36777\/revisions\/38806"}],"wp:featuredmedia":[{"embeddable":true,"href":"https:\/\/sportacademy.com\/es\/wp-json\/wp\/v2\/media\/37026"}],"wp:attachment":[{"href":"https:\/\/sportacademy.com\/es\/wp-json\/wp\/v2\/media?parent=36777"}],"wp:term":[{"taxonomy":"product_brand","embeddable":true,"href":"https:\/\/sportacademy.com\/es\/wp-json\/wp\/v2\/product_brand?post=36777"},{"taxonomy":"product_cat","embeddable":true,"href":"https:\/\/sportacademy.com\/es\/wp-json\/wp\/v2\/product_cat?post=36777"},{"taxonomy":"product_tag","embeddable":true,"href":"https:\/\/sportacademy.com\/es\/wp-json\/wp\/v2\/product_tag?post=36777"},{"taxonomy":"school","embeddable":true,"href":"https:\/\/sportacademy.com\/es\/wp-json\/wp\/v2\/school?post=36777"},{"taxonomy":"language","embeddable":true,"href":"https:\/\/sportacademy.com\/es\/wp-json\/wp\/v2\/language?post=36777"},{"taxonomy":"instructors","embeddable":true,"href":"https:\/\/sportacademy.com\/es\/wp-json\/wp\/v2\/instructors?post=36777"},{"taxonomy":"entidades-certificadoras","embeddable":true,"href":"https:\/\/sportacademy.com\/es\/wp-json\/wp\/v2\/entidades-certificadoras?post=36777"}],"curies":[{"name":"wp","href":"https:\/\/api.w.org\/{rel}","templated":true}]}}