{"id":36661,"date":"2024-12-02T16:39:38","date_gmt":"2024-12-02T15:39:38","guid":{"rendered":"https:\/\/sportacademy.com\/product\/active-ageing-strategies-for-municipalities\/"},"modified":"2026-04-22T16:01:00","modified_gmt":"2026-04-22T14:01:00","slug":"active-ageing-strategies-for-municipalities","status":"publish","type":"product","link":"https:\/\/sportacademy.com\/es\/curso\/active-ageing-strategies-for-municipalities\/","title":{"rendered":"Active Ageing Strategies for Municipalities"},"content":{"rendered":"<p data-pm-slice=\"1 1 []\">Al integrar los hallazgos de estas diversas fuentes, este curso pretende ofrecer una visi\u00f3n global de c\u00f3mo pueden optimizarse las intervenciones digitales para apoyar la actividad f\u00edsica en los adultos mayores. Los conocimientos adquiridos servir\u00e1n de base para el desarrollo y la aplicaci\u00f3n del proyecto EUAPPTIVE, mejorando en \u00faltima instancia la salud y el bienestar de esta poblaci\u00f3n en crecimiento. <\/p>\n<p data-start=\"304\" data-end=\"711\">Apoya un envejecimiento m\u00e1s activo y saludable en tu comunidad con este curso dirigido por expertos y dise\u00f1ado espec\u00edficamente para municipios. \u201c<strong data-start=\"430\" data-end=\"479\">Estrategias de Envejecimiento Activo para Municipios\u201d<\/strong> forma parte del <strong data-start=\"495\" data-end=\"516\">proyecto EUAPPTIVE<\/strong>, una iniciativa financiada por la Comisi\u00f3n Europea centrada en el uso de <strong data-start=\"575\" data-end=\"599\">herramientas digitales de salud -como<\/strong>aplicaciones m\u00f3viles, dispositivos port\u00e1tiles y plataformas de fitness en l\u00ednea- para aumentar la <strong data-start=\"670\" data-end=\"710\">actividad f\u00edsica de las personas mayores<\/strong>.<\/p>\n","protected":false},"excerpt":{"rendered":"<p data-pm-slice=\"1 1 []\">Ayuda a los mayores de tu comunidad a mantenerse activos e independientes con este curso pr\u00e1ctico del <strong data-start=\"201\" data-end=\"232\">proyecto EUAPPTIVE, financiado por la UE<\/strong>. Aprende a utilizar <strong data-start=\"251\" data-end=\"268\">herramientas digitales -aplicaciones<\/strong>, dispositivos port\u00e1tiles y programas en l\u00ednea- para promover <strong data-start=\"317\" data-end=\"357\">la actividad f\u00edsica entre las personas mayores<\/strong>. Descubre estrategias probadas, organiza grupos de discusi\u00f3n locales y dise\u00f1a intervenciones de salud digital eficaces y personalizadas.  <\/p>\n","protected":false},"featured_media":36936,"template":"","meta":{"featured":"false","hide":"false"},"product_brand":[],"product_cat":[385],"product_tag":[],"school":[386],"language":[991],"instructors":[662,667,689,528,724,744],"entidades-certificadoras":[276,1268],"class_list":{"0":"post-36661","1":"product","2":"type-product","3":"status-publish","4":"has-post-thumbnail","6":"product_cat-estilos-de-vida-saludables","7":"school-salud-y-actividad-fisica","8":"language-english-es","9":"instructors-hugo-alonso-es","10":"instructors-ilaria-marcella-piccinini-es","11":"instructors-julia-fernandez-valdes-es","12":"instructors-marcos-lopez-flores-phd-es","13":"instructors-paolo-caserotti-es","14":"instructors-ricardo-peneda-es","15":"entidades-certificadoras-z-eunik","16":"entidades-certificadoras-sport-innovation-hub","18":"first","19":"instock","20":"virtual","21":"sold-individually","22":"taxable","23":"purchasable","24":"product-type-simple"},"_links":{"self":[{"href":"https:\/\/sportacademy.com\/es\/wp-json\/wp\/v2\/product\/36661","targetHints":{"allow":["GET"]}}],"collection":[{"href":"https:\/\/sportacademy.com\/es\/wp-json\/wp\/v2\/product"}],"about":[{"href":"https:\/\/sportacademy.com\/es\/wp-json\/wp\/v2\/types\/product"}],"version-history":[{"count":1,"href":"https:\/\/sportacademy.com\/es\/wp-json\/wp\/v2\/product\/36661\/revisions"}],"predecessor-version":[{"id":38754,"href":"https:\/\/sportacademy.com\/es\/wp-json\/wp\/v2\/product\/36661\/revisions\/38754"}],"wp:featuredmedia":[{"embeddable":true,"href":"https:\/\/sportacademy.com\/es\/wp-json\/wp\/v2\/media\/36936"}],"wp:attachment":[{"href":"https:\/\/sportacademy.com\/es\/wp-json\/wp\/v2\/media?parent=36661"}],"wp:term":[{"taxonomy":"product_brand","embeddable":true,"href":"https:\/\/sportacademy.com\/es\/wp-json\/wp\/v2\/product_brand?post=36661"},{"taxonomy":"product_cat","embeddable":true,"href":"https:\/\/sportacademy.com\/es\/wp-json\/wp\/v2\/product_cat?post=36661"},{"taxonomy":"product_tag","embeddable":true,"href":"https:\/\/sportacademy.com\/es\/wp-json\/wp\/v2\/product_tag?post=36661"},{"taxonomy":"school","embeddable":true,"href":"https:\/\/sportacademy.com\/es\/wp-json\/wp\/v2\/school?post=36661"},{"taxonomy":"language","embeddable":true,"href":"https:\/\/sportacademy.com\/es\/wp-json\/wp\/v2\/language?post=36661"},{"taxonomy":"instructors","embeddable":true,"href":"https:\/\/sportacademy.com\/es\/wp-json\/wp\/v2\/instructors?post=36661"},{"taxonomy":"entidades-certificadoras","embeddable":true,"href":"https:\/\/sportacademy.com\/es\/wp-json\/wp\/v2\/entidades-certificadoras?post=36661"}],"curies":[{"name":"wp","href":"https:\/\/api.w.org\/{rel}","templated":true}]}}