{"id":34656,"date":"2024-09-19T10:20:22","date_gmt":"2024-09-19T08:20:22","guid":{"rendered":"https:\/\/sportacademy.com\/course\/atletas-oradores\/"},"modified":"2025-06-19T09:01:20","modified_gmt":"2025-06-19T07:01:20","slug":"atletas-oradores","status":"publish","type":"product","link":"https:\/\/sportacademy.com\/es\/curso\/atletas-oradores\/","title":{"rendered":"Athletes Speakers"},"content":{"rendered":"<p>El curso Athletes Speakers es un programa educativo a medida dedicado a capacitar a los deportistas mejorando sus habilidades comunicativas. Athletes Speakers ofrece un completo conjunto de lecciones en v\u00eddeo y materiales sobre t\u00e9cnicas de presentaci\u00f3n, oratoria, narraci\u00f3n de historias, comunicaci\u00f3n no verbal y lenguaje eficaz, entre otros. <\/p>\n<p>Este curso forma parte del proyecto &#8220;Athletes Speakers&#8221;, financiado por la Uni\u00f3n Europea. No obstante, los puntos de vista y opiniones expresados son exclusivamente los de los autores y no reflejan necesariamente los de la Uni\u00f3n Europea o la EACEA. Ni la Uni\u00f3n Europea ni la autoridad que los ha concedido pueden considerarse responsables de los mismos.  <\/p>\n","protected":false},"excerpt":{"rendered":"<p>El curso Athletes Speakers es un programa educativo a medida dedicado a capacitar a los deportistas mejorando sus habilidades de comunicaci\u00f3n. Athletes Speakers ofrece un completo conjunto de lecciones en v\u00eddeo y materiales que abarcan t\u00e9cnicas de presentaci\u00f3n, hablar en p\u00fablico, contar historias, comunicaci\u00f3n no verbal, lenguaje eficaz y otros. <\/p>\n","protected":false},"featured_media":37010,"template":"","meta":{"featured":"true","hide":"false"},"product_brand":[],"product_cat":[415],"product_tag":[],"school":[372],"language":[991],"instructors":[414],"entidades-certificadoras":[285,276,279,282],"class_list":{"0":"post-34656","1":"product","2":"type-product","3":"status-publish","4":"has-post-thumbnail","6":"product_cat-marketing-y-comunicacion-deportiva","7":"school-gestion-y-sostenibilidad","8":"language-english-es","9":"instructors-carla-rocha-es","10":"entidades-certificadoras-champions-factory","11":"entidades-certificadoras-z-eunik","12":"entidades-certificadoras-1-olympic-committee-of-north-macedonia","13":"entidades-certificadoras-sport-evolution-alliance","15":"first","16":"instock","17":"virtual","18":"sold-individually","19":"taxable","20":"purchasable","21":"product-type-simple"},"_links":{"self":[{"href":"https:\/\/sportacademy.com\/es\/wp-json\/wp\/v2\/product\/34656","targetHints":{"allow":["GET"]}}],"collection":[{"href":"https:\/\/sportacademy.com\/es\/wp-json\/wp\/v2\/product"}],"about":[{"href":"https:\/\/sportacademy.com\/es\/wp-json\/wp\/v2\/types\/product"}],"version-history":[{"count":2,"href":"https:\/\/sportacademy.com\/es\/wp-json\/wp\/v2\/product\/34656\/revisions"}],"predecessor-version":[{"id":36783,"href":"https:\/\/sportacademy.com\/es\/wp-json\/wp\/v2\/product\/34656\/revisions\/36783"}],"wp:featuredmedia":[{"embeddable":true,"href":"https:\/\/sportacademy.com\/es\/wp-json\/wp\/v2\/media\/37010"}],"wp:attachment":[{"href":"https:\/\/sportacademy.com\/es\/wp-json\/wp\/v2\/media?parent=34656"}],"wp:term":[{"taxonomy":"product_brand","embeddable":true,"href":"https:\/\/sportacademy.com\/es\/wp-json\/wp\/v2\/product_brand?post=34656"},{"taxonomy":"product_cat","embeddable":true,"href":"https:\/\/sportacademy.com\/es\/wp-json\/wp\/v2\/product_cat?post=34656"},{"taxonomy":"product_tag","embeddable":true,"href":"https:\/\/sportacademy.com\/es\/wp-json\/wp\/v2\/product_tag?post=34656"},{"taxonomy":"school","embeddable":true,"href":"https:\/\/sportacademy.com\/es\/wp-json\/wp\/v2\/school?post=34656"},{"taxonomy":"language","embeddable":true,"href":"https:\/\/sportacademy.com\/es\/wp-json\/wp\/v2\/language?post=34656"},{"taxonomy":"instructors","embeddable":true,"href":"https:\/\/sportacademy.com\/es\/wp-json\/wp\/v2\/instructors?post=34656"},{"taxonomy":"entidades-certificadoras","embeddable":true,"href":"https:\/\/sportacademy.com\/es\/wp-json\/wp\/v2\/entidades-certificadoras?post=34656"}],"curies":[{"name":"wp","href":"https:\/\/api.w.org\/{rel}","templated":true}]}}