{"id":41914,"date":"2025-07-10T10:40:48","date_gmt":"2025-07-10T08:40:48","guid":{"rendered":"https:\/\/sportacademy.com\/politica-de-pagos\/"},"modified":"2026-04-17T16:34:55","modified_gmt":"2026-04-17T14:34:55","slug":"politica-de-pagos","status":"publish","type":"page","link":"https:\/\/sportacademy.com\/es\/politica-de-pagos\/","title":{"rendered":"Pol\u00edtica de pagos"},"content":{"rendered":"\t\t<div data-elementor-type=\"wp-page\" data-elementor-id=\"41914\" class=\"elementor elementor-41914 elementor-39105\" data-elementor-post-type=\"page\">\n\t\t\t\t<div class=\"elementor-element elementor-element-f446508 e-flex e-con-boxed e-con e-parent\" data-id=\"f446508\" data-element_type=\"container\" data-e-type=\"container\" data-settings=\"{&quot;jet_parallax_layout_list&quot;:[]}\">\n\t\t\t\t\t<div class=\"e-con-inner\">\n\t\t\t\t<div class=\"elementor-element elementor-element-93946e3 elementor-widget elementor-widget-heading\" data-id=\"93946e3\" data-element_type=\"widget\" data-e-type=\"widget\" data-widget_type=\"heading.default\">\n\t\t\t\t<div class=\"elementor-widget-container\">\n\t\t\t\t\t<h1 class=\"elementor-heading-title elementor-size-default\">Pol\u00edtica de pagos<\/h1>\t\t\t\t<\/div>\n\t\t\t\t<\/div>\n\t\t\t\t<div class=\"elementor-element elementor-element-cf181cf elementor-widget__width-initial elementor-widget elementor-widget-text-editor\" data-id=\"cf181cf\" data-element_type=\"widget\" data-e-type=\"widget\" data-widget_type=\"text-editor.default\">\n\t\t\t\t<div class=\"elementor-widget-container\">\n\t\t\t\t\t\t\t\t\t<p>Sport Academy Education &amp; Training SL (Sport Academy) ofrece formaci\u00f3n de pago (por ejemplo, acceso a determinados cursos) y productos (por ejemplo, certificados) a cambio de una cuota. A menos que se indique lo contrario, todas las tarifas se indican en EUROS (\u20ac) y no son reembolsables, salvo lo dispuesto en nuestra Pol\u00edtica de Reembolso o lo exigido por la ley. Usted es responsable de pagar todas las tarifas cobradas por o para Sport Academy y los impuestos aplicables de manera oportuna con un mecanismo de pago asociado con los Servicios pagados aplicables. Antes de pagar cualquier tarifa, tendr\u00e1 la oportunidad de revisar y aceptar las tarifas que se le cobrar\u00e1n y, seg\u00fan corresponda, cualquier otro t\u00e9rmino y condici\u00f3n asociados con su compra (por ejemplo, fechas de vencimiento de los derechos de los cursos). Si su m\u00e9todo de pago falla o su cuenta est\u00e1 vencida, podemos cobrar las tasas utilizando otros mecanismos de cobro. Las tarifas pueden variar en funci\u00f3n de su ubicaci\u00f3n y otros factores, y Sport Academy se reserva el derecho de cambiar cualquier tarifa en cualquier momento a su entera discreci\u00f3n. Cualquier cambio, actualizaci\u00f3n o modificaci\u00f3n entrar\u00e1 en vigor inmediatamente despu\u00e9s de su publicaci\u00f3n a trav\u00e9s de los Servicios correspondientes.      <\/p><h2><strong>M\u00c9TODOS DE PAGO<\/strong><\/h2><p>El proceso de compra puede realizarse con tarjeta de d\u00e9bito o cr\u00e9dito, Apple Pay, Google Pay o PayPal, a trav\u00e9s de nuestro sistema de TPV virtual gestionado por Redsys. Si paga alguna tarifa con tarjeta de cr\u00e9dito, Sport Academy podr\u00e1 solicitar la preautorizaci\u00f3n de la cuenta de su tarjeta de cr\u00e9dito antes de realizar la compra para verificar que la tarjeta de cr\u00e9dito es v\u00e1lida y dispone de los fondos o el cr\u00e9dito necesarios para cubrir su compra. <\/p><p>The prices applicable to each product are those indicated on the website on the date you place your order, except for typographical errors. The prices listed for each service or product include the applicable VAT. <\/p><p>Sport Academy se reserva el derecho a realizar los cambios que considere oportunos en cualquier momento y sin previo aviso, pudiendo actualizar caracter\u00edsticas, productos y precios.<\/p><p>Al realizar una compra, acepta no utilizar un m\u00e9todo de pago no v\u00e1lido o no autorizado. Si se produce un error con su m\u00e9todo de pago, pero sigue teniendo acceso al contenido al que se ha suscrito, se compromete a pagarnos las tarifas aplicables en un plazo de 30 d\u00edas a partir de la recepci\u00f3n de nuestra notificaci\u00f3n. Nos reservamos el derecho a inhabilitar el acceso a cualquier contenido por el que no hayamos recibido el pago. Si no podemos procesar el pago utilizando el m\u00e9todo de pago que tenemos registrado para usted o si solicita un reembolso impugnado de los cargos efectuados utilizando su m\u00e9todo de pago y se le concede, podemos suspender o cancelar su cuenta.   <\/p><p>Para m\u00e1s detalles sobre nuestras pol\u00edticas de reembolso y cancelaci\u00f3n, consulte la informaci\u00f3n que figura a continuaci\u00f3n. Tenga en cuenta que nuestras pol\u00edticas pueden diferir entre ofertas, y las opciones de pago pueden variar. Tenga en cuenta tambi\u00e9n que nos tomamos muy en serio las infracciones de nuestras Condiciones de uso, y no tenemos ninguna obligaci\u00f3n de ofrecer reembolsos a los usuarios que infrinjan estas u otras pol\u00edticas de Sport Academy, incluso si sus solicitudes se realizan dentro del per\u00edodo de reembolso designado. Del mismo modo, no tenemos ninguna obligaci\u00f3n de ofrecer reembolsos tard\u00edos a los usuarios que no reciban una calificaci\u00f3n de aprobado en una Oferta de Contenidos, o que no est\u00e9n satisfechos de otro modo con su calificaci\u00f3n final.   <\/p><h2><strong>Devoluciones generales<\/strong><\/h2><p>Sport Academy no ofrece reembolsos por pagos realizados por servicios o productos facturados directamente a empresas, gobiernos o grupos de estudiantes. A excepci\u00f3n de lo descrito en esta Pol\u00edtica de Reembolso o de lo indicado expl\u00edcitamente como parte del proceso de contrataci\u00f3n de un Servicio, Sport Academy no tiene ninguna obligaci\u00f3n de proporcionar reembolsos o vales para cualquier otro Servicio. <\/p><p><strong>Reembolso de certificados:<\/strong><\/p><p><strong>Cursos gratuitos<\/strong><\/p><p><strong>Cursos Premium<\/strong><\/p><p><strong>Posgrado<\/strong><\/p><p><strong>Especializaci\u00f3n<\/strong><\/p><p><strong>Educaci\u00f3n Ejecutiva<\/strong><\/p><p><strong>Programas de M\u00e1ster<\/strong><\/p><p><strong>MBA<\/strong><\/p><p><strong>Itinerarios formativos<\/strong><\/p><p><strong>Ofertas promocionales<\/strong><\/p><p><strong>Derecho de desistimiento para usuarios europeos<\/strong><\/p><h3><strong>Reembolso de Certificados<\/strong><\/h3><p>Si no obtienes el certificado de finalizaci\u00f3n en un plazo de 180 d\u00edas tras inscribirte en un MOOC, tu inscripci\u00f3n caducar\u00e1 y tendr\u00e1s que pagar para volver a inscribirte en el MOOC con el fin de completarlo y obtener el certificado de finalizaci\u00f3n.<\/p><p>En la mayor\u00eda de los casos, si pagas por el certificado de un curso, puedes solicitar un reembolso en el plazo de dos semanas (14 d\u00edas) tras el pago. Si pagas por un certificado de curso al preinscribirte en un curso que a\u00fan no est\u00e1 disponible, el plazo de dos semanas para solicitar el reembolso comienza a partir de la fecha de inicio del curso. Una vez que hayas obtenido el certificado de un curso, ya no tendr\u00e1s derecho a un reembolso, incluso si lo obtienes dentro del plazo de reembolso de dos semanas.  <\/p><h3><strong>Cursos gratuitos<\/strong><\/h3><p>Los cursos gratuitos est\u00e1n exentos de tasas de inscripci\u00f3n. Sin embargo, algunos de ellos pueden ofrecer la opci\u00f3n de obtener un certificado de pago una vez finalizado el curso. Una vez que decidas adquirir el certificado de pago, no se realizar\u00e1 ning\u00fan reembolso.  <\/p><h3><strong>Cursos Premium<\/strong><\/h3><p>En la mayor\u00eda de los casos, si pagas la matr\u00edcula de un curso Premium, puedes solicitar el reembolso en un plazo de dos semanas (14 d\u00edas) a partir de la fecha del pago. Si pagas un curso Premium al preinscribirte en un curso que a\u00fan no est\u00e1 disponible, el plazo de dos semanas para solicitar el reembolso comienza a partir de la fecha de inicio del curso. <\/p><p>Cuando pagas un curso, tu pago caducar\u00e1 a los 180 d\u00edas de la fecha de pago o a los 180 d\u00edas de la fecha de inicio del curso, lo que sea posterior. Durante este periodo de 180 d\u00edas, podr\u00e1s realizar el curso una o varias veces, seg\u00fan la descripci\u00f3n del curso establecida por Sport Academy o por la(s) instituci\u00f3n(es) certificadora(s). <\/p><p>Esta pol\u00edtica de caducidad puede variar en algunos cursos. Consulta la p\u00e1gina de informaci\u00f3n del curso y el correo electr\u00f3nico de confirmaci\u00f3n del pago para ver si hay alguna excepci\u00f3n. <\/p><p>Una vez que hayas obtenido el certificado de un curso Premium, ya no tendr\u00e1s derecho a un reembolso, aunque lo hayas obtenido dentro del plazo de reembolso de dos semanas. Si no obtienes el certificado del curso en un plazo de 180 d\u00edas, tu inscripci\u00f3n caducar\u00e1 y tendr\u00e1s que pagar para volver a matricularte en el curso. <\/p><h3><strong>Posgrado<\/strong><\/h3><p>A menos que se indique lo contrario durante el proceso de inscripci\u00f3n, dispones de un a\u00f1o desde la fecha de matriculaci\u00f3n en un programa de posgrado para completarlo, o durante el tiempo que se especifique en el programa del curso.<\/p><h3><strong>Especializaci\u00f3n<\/strong><\/h3><p>A menos que se indique lo contrario durante el proceso de inscripci\u00f3n, dispones de un a\u00f1o desde el momento en que te matriculas en una especializaci\u00f3n para completarla, o durante el tiempo que se especifique en el programa del curso.<\/p><h3><strong>Educaci\u00f3n Ejecutiva<\/strong><\/h3><p>A menos que se indique lo contrario durante el proceso de inscripci\u00f3n, dispones de un a\u00f1o desde la fecha de inscripci\u00f3n en un programa de educaci\u00f3n ejecutiva para completarlo, o durante el tiempo que se especifique en el programa del curso.<\/p><h3><strong>MBA<\/strong><\/h3><p>A menos que se indique lo contrario durante el proceso de inscripci\u00f3n, dispones de un a\u00f1o desde la fecha de matriculaci\u00f3n en el MBA para completarlo, o del plazo que se especifique en el programa del curso.<\/p><h3><strong>Programa de M\u00e1ster<\/strong><\/h3><p>A menos que se indique lo contrario durante el proceso de matriculaci\u00f3n, dispones de un a\u00f1o desde la fecha de matriculaci\u00f3n en un m\u00e1ster para completarlo, o del plazo que se especifique en el programa del curso.<\/p><h3><strong>Itinerarios formativos<\/strong><\/h3><p>Los itinerarios formativos son conjuntos de cursos interrelacionados cuyos objetivos de aprendizaje est\u00e1n vinculados entre s\u00ed, por lo que los cursos deben cursarse en un orden determinado y completarse antes de pasar al siguiente.<\/p><p>A menos que se indique lo contrario durante el proceso de inscripci\u00f3n, dispones de dos a\u00f1os desde la fecha de compra de un itinerario formativo para completarlo en su totalidad, o seg\u00fan se indique en la descripci\u00f3n. No ofrecemos reembolsos parciales por los pagos anticipados de los itinerarios de formaci\u00f3n. Si no est\u00e1s seguro de querer completar todo el itinerario formativo, te recomendamos que pagues por curso.<br>  <\/p><h3>Ofertas Promocionales<\/h3><p>Es posible que, de vez en cuando, ofrezcamos promociones especiales o descuentos (\u00abOfertas\u00bb). Sport Academy determina, a su entera discreci\u00f3n, qui\u00e9n cumple los requisitos para beneficiarse de una Oferta, y nos reservamos el derecho a revocar una Oferta en caso de que consideremos que no cumples dichos requisitos. Los usuarios que ya dispongan de una Oferta pueden no ser elegibles para Ofertas adicionales. Podemos utilizar informaci\u00f3n como el m\u00e9todo de pago o la direcci\u00f3n de correo electr\u00f3nico de la cuenta utilizada en una compra de Sport Academy para determinar la elegibilidad para la Oferta. Los requisitos de elegibilidad y otras limitaciones y condiciones se revelar\u00e1n cuando te inscribas en la Oferta o en otras comunicaciones que se pongan a tu disposici\u00f3n.<br>    <\/p><h2>Derecho de desistimiento para usuarios europeos<\/h2><p>Adem\u00e1s de las pol\u00edticas de reembolso establecidas anteriormente, si tiene derecho de desistimiento en virtud de la legislaci\u00f3n aplicable en tu pa\u00eds, incluida la legislaci\u00f3n de la Uni\u00f3n Europea que sea de aplicaci\u00f3n, entonces:<\/p><ul><li>Tienes derecho de desistimiento durante un plazo de 14 d\u00edas antes del inicio del curso. Puedes rescindir tu contrato con Sport Academy relativo a los Servicios contratados sin necesidad de justificar los motivos. <\/li><li>El plazo de desistimiento expirar\u00e1 a los 14 d\u00edas de la fecha de celebraci\u00f3n del contrato. No obstante, no tendr\u00e1s derecho de desistimiento si los Servicios ya se han prestado \u00edntegramente con tu consentimiento previo o si los Servicios han comenzado con tu consentimiento previo. <\/li><li>Para ejercer el derecho de desistimiento, ponte en contacto con nosotros a trav\u00e9s de <a href=\"mailto:support@sportacademy.com\">support@sportacademy.com<\/a>.<\/li><\/ul><p><strong>Modelo de formulario de desistimiento<\/strong> (rellena y env\u00eda este formulario \u00fanicamente si deseas desistir del contrato)<\/p><ul><li>A Sport Academy Education &amp; Training S.L., C\/Los Prados 166, Edificio Impulsa (33202), Gij\u00f3n, Espa\u00f1a<\/li><li>Por la presente, comunico\/comunicamos que desisto\/desistimos de mi\/nuestro contrato de venta relativo a la prestaci\u00f3n del siguiente servicio<\/li><li>Fecha de pedido \/ Fecha de recepci\u00f3n<\/li><li>Nombre del consumidor(es)<\/li><li>Direcci\u00f3n del consumidor(es)<\/li><li>Firma del consumidor o consumidores (solo si este formulario se presenta en papel)<\/li><li>Fecha<\/li><\/ul><ul><li>Tambi\u00e9n puedes enviarnos por v\u00eda electr\u00f3nica el formulario tipo o cualquier otra declaraci\u00f3n inequ\u00edvoca a <a href=\"mailto:support@sportacademy.com\">support@sportacademy.com<\/a>.<\/li><li>Si rescindes el contrato, reembolsaremos todos los pagos que hayamos recibido referentes a ese servicio en un plazo de 14 d\u00edas.<\/li><li>Si solicitas el servicio durante el plazo de desistimiento, es posible que debas asumir los gastos proporcionales.<\/li><li>La carga de la prueba del ejercicio del derecho de desistimiento recaer\u00e1 sobre el consumidor.<\/li><\/ul>\t\t\t\t\t\t\t\t<\/div>\n\t\t\t\t<\/div>\n\t\t\t\t\t<\/div>\n\t\t\t\t<\/div>\n\t\t\t\t<\/div>\n\t\t","protected":false},"excerpt":{"rendered":"<p>Sport Academy Education &amp; Training SL (Sport Academy) ofrece formaci\u00f3n de pago (por ejemplo, acceso a determinados cursos) y productos (por ejemplo, certificados) a cambio de una cuota. A menos que se indique lo contrario, todas las tarifas se indican en EUROS (\u20ac) y no son reembolsables, salvo lo dispuesto en nuestra Pol\u00edtica de Reembolso&#8230;<\/p>\n","protected":false},"author":11,"featured_media":0,"parent":0,"menu_order":0,"comment_status":"closed","ping_status":"closed","template":"","meta":{"productId":0,"courseId":0,"footnotes":""},"class_list":["post-41914","page","type-page","status-publish","hentry"],"_links":{"self":[{"href":"https:\/\/sportacademy.com\/es\/wp-json\/wp\/v2\/pages\/41914","targetHints":{"allow":["GET"]}}],"collection":[{"href":"https:\/\/sportacademy.com\/es\/wp-json\/wp\/v2\/pages"}],"about":[{"href":"https:\/\/sportacademy.com\/es\/wp-json\/wp\/v2\/types\/page"}],"author":[{"embeddable":true,"href":"https:\/\/sportacademy.com\/es\/wp-json\/wp\/v2\/users\/11"}],"replies":[{"embeddable":true,"href":"https:\/\/sportacademy.com\/es\/wp-json\/wp\/v2\/comments?post=41914"}],"version-history":[{"count":2,"href":"https:\/\/sportacademy.com\/es\/wp-json\/wp\/v2\/pages\/41914\/revisions"}],"predecessor-version":[{"id":42495,"href":"https:\/\/sportacademy.com\/es\/wp-json\/wp\/v2\/pages\/41914\/revisions\/42495"}],"wp:attachment":[{"href":"https:\/\/sportacademy.com\/es\/wp-json\/wp\/v2\/media?parent=41914"}],"curies":[{"name":"wp","href":"https:\/\/api.w.org\/{rel}","templated":true}]}}