{"id":34632,"date":"2024-08-07T09:37:39","date_gmt":"2024-08-07T07:37:39","guid":{"rendered":"https:\/\/sportacademy.com\/politica-de-privacidad\/"},"modified":"2025-05-23T13:44:30","modified_gmt":"2025-05-23T11:44:30","slug":"politica-de-privacidad","status":"publish","type":"page","link":"https:\/\/sportacademy.com\/es\/politica-de-privacidad\/","title":{"rendered":"Pol\u00edtica de privacidad"},"content":{"rendered":"\t\t<div data-elementor-type=\"wp-page\" data-elementor-id=\"34632\" class=\"elementor elementor-34632 elementor-3\" data-elementor-post-type=\"page\">\n\t\t\t\t<div class=\"elementor-element elementor-element-495190b1 e-flex e-con-boxed e-con e-parent\" data-id=\"495190b1\" data-element_type=\"container\" data-e-type=\"container\" data-settings=\"{&quot;jet_parallax_layout_list&quot;:[]}\">\n\t\t\t\t\t<div class=\"e-con-inner\">\n\t\t\t\t<div class=\"elementor-element elementor-element-7afa8cc elementor-widget elementor-widget-heading\" data-id=\"7afa8cc\" data-element_type=\"widget\" data-e-type=\"widget\" data-widget_type=\"heading.default\">\n\t\t\t\t<div class=\"elementor-widget-container\">\n\t\t\t\t\t<h1 class=\"elementor-heading-title elementor-size-default\">Pol\u00edtica de privacidad<\/h1>\t\t\t\t<\/div>\n\t\t\t\t<\/div>\n\t\t\t\t<div class=\"elementor-element elementor-element-1be3d444 elementor-widget__width-initial elementor-widget elementor-widget-text-editor\" data-id=\"1be3d444\" data-element_type=\"widget\" data-e-type=\"widget\" data-widget_type=\"text-editor.default\">\n\t\t\t\t<div class=\"elementor-widget-container\">\n\t\t\t\t\t\t\t\t\t<p>\u00daltima revisi\u00f3n: 08 de mayo de 2025<\/p><p>El objetivo de este Aviso de Privacidad es describir c\u00f3mo Sport Academy Education &amp; Training S.L., nuestras filiales y nuestras sucursales, (\u201cSIH\u201d, \u201cSport Academy\u201d \u201cnos\u201d, \u201cnosotros\u201d o \u201cnuestro\u201d) recopila, utiliza y comparte informaci\u00f3n sobre ti a trav\u00e9s de nuestras interfaces en l\u00ednea de nuestra propiedad y bajo nuestro control, incluyendo, entre otras, sportacademy.com y moodle.sportacademy.com (denominadas colectivamente en este documento el \u201cSitio\u201d).<\/p><p>Sport Academy Education &amp; Training S.L es el responsable del tratamiento de los Datos Personales que recopilamos sobre ti (es decir, la entidad que determina los medios y fines de la recopilaci\u00f3n, uso y divulgaci\u00f3n de los Datos Personales), a menos que formes parte de un programa espec\u00edfico o te encuentres en otras circunstancias determinadas que se te comuniquen, en cuyo caso Sport Academy Education &amp; Training S.L es el encargado del tratamiento.<\/p><p>Al facilitarnos tus datos, nos garantizas que eres mayor de 13 a\u00f1os.<\/p><p>SA actualizar\u00e1 ocasionalmente esta declaraci\u00f3n de privacidad. Cuando lo hagamos, tambi\u00e9n revisaremos la fecha de la \u201c\u00faltima revisi\u00f3n\u201d en la parte superior de la declaraci\u00f3n de privacidad. Si en alg\u00fan momento decidimos utilizar tu informaci\u00f3n de forma distinta a la indicada en el momento en que se recopil\u00f3, te lo haremos saber, colocando un aviso destacado en este sitio web. Utilizaremos la informaci\u00f3n de acuerdo con la pol\u00edtica de privacidad en virtud de la cual se recogi\u00f3 la informaci\u00f3n.   <\/p><h2><strong>QU\u00c9 DATOS RECOGEMOS SOBRE TI Y CON QU\u00c9 FINALIDAD<\/strong><\/h2><p>Por datos personales se entiende cualquier informaci\u00f3n capaz de identificar a una persona. No incluye datos anonimizados. <\/p><p>Podemos tratar las siguientes categor\u00edas de datos personales sobre ti:<\/p><ul><li>Los datos de comunicaci\u00f3n incluyen cualquier comunicaci\u00f3n que nos env\u00edes, ya sea a trav\u00e9s del formulario de contacto de nuestro sitio web, por correo electr\u00f3nico, texto, mensajes en redes sociales, publicaciones en redes sociales o cualquier otra comunicaci\u00f3n que nos env\u00edes. Procesamos estos datos con el fin de comunicarnos contigo, para mantener registros y para el establecimiento, prosecuci\u00f3n o defensa de reclamaciones legales. Nuestro fundamento jur\u00eddico para este tratamiento son nuestros intereses leg\u00edtimos, que en este caso son responder a las comunicaciones que nos env\u00edas, mantener registros y establecer, proseguir o defender reclamaciones legales.  <\/li><\/ul><ul><li>Los Datos del Cliente incluyen datos relativos a cualquier compra de bienes y\/o servicios, como tu nombre, cargo, direcci\u00f3n de facturaci\u00f3n, direcci\u00f3n de entrega, direcci\u00f3n de correo electr\u00f3nico, n\u00famero de tel\u00e9fono, datos de contacto, detalles de la compra y datos de la tarjeta. Procesamos estos datos para suministrar los bienes y\/o servicios que has comprado y para mantener registros de dichas transacciones. Nuestro fundamento jur\u00eddico para este tratamiento es la ejecuci\u00f3n de un contrato entre t\u00fa y nosotros y\/o la adopci\u00f3n de medidas a petici\u00f3n tuya para celebrar dicho contrato.  <ul><li>A los usuarios de la Academia del Deporte (alumnos, expertos, directivos u otros), les pediremos su nombre, cargo y la organizaci\u00f3n para la que trabajan, junto con informaci\u00f3n sobre su &#8220;perfil&#8221;, como sectores de inter\u00e9s y proyectos, que se compartir\u00e1 con otros asistentes y con nuestros patrocinadores. Tambi\u00e9n te pediremos tus datos de contacto, pero no los compartiremos con nuestros patrocinadores (sujeto al punto siguiente) ni con tus compa\u00f1eros delegados. Nuestro prop\u00f3sito al recopilar esta informaci\u00f3n es poder facilitar el evento y su comunicaci\u00f3n, en particular las oportunidades de establecer contactos y los correos electr\u00f3nicos y anuncios espec\u00edficos, para permitir la creaci\u00f3n de una experiencia relevante para los delegados, y para proporcionarte a ti y a los dem\u00e1s asistentes un servicio eficaz.  <\/li><li>La base jur\u00eddica en la que nos basamos para procesar los datos personales de los delegados es el art\u00edculo 6(1)(f) del GDPR, que nos permite procesar datos personales cuando sea necesario para nuestros intereses leg\u00edtimos o los intereses de un tercero. Tienes derecho a oponerte a este tratamiento si lo deseas y, si quieres hacerlo, ponte en contacto con nosotros a trav\u00e9s del correo electr\u00f3nico support@sportacademy.com. <\/li><\/ul><\/li><\/ul><ul><li>Datos de usuario que incluyen datos sobre c\u00f3mo utilizas nuestro sitio web y cualquier servicio en l\u00ednea, junto con cualquier dato que publiques en nuestro sitio web o a trav\u00e9s de otros servicios en l\u00ednea. Procesamos estos datos para operar nuestro sitio web y garantizar que se te proporciona el contenido relevante, para garantizar la seguridad de nuestro sitio web, para mantener copias de seguridad de nuestro sitio web y\/o bases de datos y para permitir la publicaci\u00f3n y administraci\u00f3n de nuestro sitio web, otros servicios en l\u00ednea y negocios. Nuestra base legal para este procesamiento son nuestros intereses leg\u00edtimos, que en este caso son permitirnos administrar adecuadamente nuestro sitio web y nuestro negocio.  <\/li><\/ul><ul><li>Datos t\u00e9cnicos que incluyen datos sobre tu uso de nuestro sitio web y servicios en l\u00ednea, como tu direcci\u00f3n IP, tus datos de inicio de sesi\u00f3n, detalles sobre tu navegador, duraci\u00f3n de la visita a las p\u00e1ginas de nuestro sitio web, p\u00e1ginas vistas y rutas de navegaci\u00f3n, detalles sobre el n\u00famero de veces que utilizas nuestro sitio web, configuraci\u00f3n de la zona horaria y otras tecnolog\u00edas de los dispositivos que utilizas para acceder a nuestro sitio web. La fuente de estos datos es nuestro sistema de seguimiento anal\u00edtico. Procesamos estos datos para analizar tu uso de nuestro sitio web y otros servicios en l\u00ednea, para administrar y proteger nuestro negocio y nuestro sitio web, para ofrecerte contenido y anuncios relevantes del sitio web y para comprender la eficacia de nuestra publicidad.    <\/li><\/ul><ul><li>Datos de marketing que incluyen datos sobre tus preferencias a la hora de recibir marketing nuestro y de terceros, as\u00ed como tus preferencias de comunicaci\u00f3n. Procesamos estos datos para permitirte participar en nuestras promociones, como concursos, sorteos y regalos, para ofrecerte contenido y anuncios relevantes del sitio web y medir o comprender la eficacia de esta publicidad.   <\/li><li>Podemos utilizar los Datos del cliente, los Datos del usuario, los Datos t\u00e9cnicos y los Datos de marketing para ofrecerte contenido y anuncios relevantes del sitio web (incluidos los anuncios de LinkedIn y Google u otros anuncios en pantalla) y para medir o comprender la eficacia de la publicidad que te ofrecemos.  <\/li><li>No recopilamos ning\u00fan Dato Sensible sobre ti. Los datos sensibles se refieren a datos que incluyen detalles sobre tu raza u origen \u00e9tnico, creencias religiosas o filos\u00f3ficas, vida sexual, orientaci\u00f3n sexual, opiniones pol\u00edticas, afiliaci\u00f3n sindical, informaci\u00f3n sobre tu salud y datos gen\u00e9ticos y biom\u00e9tricos. No recopilamos informaci\u00f3n sobre condenas y delitos penales.  <\/li><\/ul><p>Cuando estemos obligados a recoger datos personales por ley, o en virtud de las condiciones del contrato entre nosotros, y no nos los facilites cuando te los pidamos, es posible que no podamos cumplir el contrato (por ejemplo, entregarte productos o prestarte servicios). Si no nos proporcionas los datos solicitados, es posible que tengamos que cancelar un producto o servicio que hayas pedido, pero si lo hacemos, te lo notificaremos en ese momento. <\/p><p>S\u00f3lo utilizaremos tus datos personales para el fin para el que fueron recogidos o para un fin razonablemente compatible si fuera necesario. En caso de que necesitemos utilizar tus datos para un nuevo fin no relacionado, te lo haremos saber y te explicaremos los motivos legales del tratamiento. <\/p><p>Podemos tratar tus datos personales sin tu conocimiento o consentimiento cuando as\u00ed lo exija o permita la ley.<\/p><p>No llevamos a cabo una toma de decisiones automatizada ni ning\u00fan tipo de elaboraci\u00f3n automatizada de perfiles.  <\/p><h2> <\/h2><h2><strong>C\u00d3MO RECOGEMOS TUS DATOS PERSONALES<\/strong><\/h2><p>Podemos recopilar datos sobre ti si nos los proporcionas directamente (por ejemplo, registr\u00e1ndote como usuario, rellenando formularios en nuestro sitio o envi\u00e1ndonos correos electr\u00f3nicos). Podemos recopilar autom\u00e1ticamente ciertos datos tuyos cuando utilizas nuestro sitio web mediante el uso de cookies y tecnolog\u00edas similares. Consulta nuestra pol\u00edtica de cookies para obtener m\u00e1s informaci\u00f3n al respecto.  <\/p><p>Podemos recibir datos de terceros como proveedores de an\u00e1lisis como Google con sede fuera de la UE, redes publicitarias como Facebook con sede fuera de la UE, proveedores de informaci\u00f3n de b\u00fasqueda como Google con sede fuera de la UE, proveedores de servicios t\u00e9cnicos, de pago y de entrega, como intermediarios de datos o agregadores.<\/p><p>Tambi\u00e9n podemos recibir datos de fuentes de acceso p\u00fablico como el Registro Mercantil y el Registro Electoral con sede dentro de la UE.<\/p><h2> <\/h2><h2><strong>COMUNICACIONES DE MARKETING<\/strong><\/h2><p>En virtud de la Normativa sobre Privacidad y Comunicaciones Electr\u00f3nicas, podemos enviarte comunicaciones de marketing nuestras si (i) realizaste una compra o nos pediste informaci\u00f3n sobre nuestros bienes o servicios o (ii) aceptaste recibir comunicaciones de marketing y en cada caso no has optado por no recibir dichas comunicaciones desde entonces. Seg\u00fan esta normativa, si eres una sociedad limitada, podemos enviarte correos electr\u00f3nicos de marketing sin tu consentimiento. Sin embargo, puedes optar por no recibir correos electr\u00f3nicos de marketing nuestros en cualquier momento.    <\/p><p>Antes de compartir tus datos personales con terceros para sus propios fines comerciales, obtendremos tu consentimiento expreso.<\/p><p>Puedes pedirnos a nosotros o a terceros que dejemos de enviarte mensajes de marketing en cualquier momento siguiendo los enlaces de exclusi\u00f3n voluntaria de cualquier mensaje de marketing que te enviemos o envi\u00e1ndonos un correo electr\u00f3nico a support@sportacademy.com en cualquier momento.<\/p><p>Si optas por no recibir comunicaciones de marketing, esta exclusi\u00f3n no se aplica a los datos personales proporcionados como resultado de otras transacciones, como compras, registros de garant\u00eda, etc.  <\/p><p> <\/p><h2><strong>DIVULGACI\u00d3N DE TUS DATOS PERSONALES<\/strong><\/h2><p>Es posible que tengamos que compartir tus datos personales con las partes que se indican a continuaci\u00f3n:<\/p><ul><li>Proveedores de servicios que prestan servicios inform\u00e1ticos y de administraci\u00f3n de sistemas.<\/li><li>Asesores profesionales, incluidos abogados, banqueros, auditores y aseguradoras.<\/li><li>Organismos gubernamentales que nos exigen informar sobre las actividades de procesamiento.<\/li><li>Terceros a los que vendamos, transfiramos o fusionemos partes de nuestro negocio o nuestros activos.<\/li><\/ul><ul><li>Expertos e instituciones certificadoras asociadas a los cursos en los que te inscribes. Cuando participas en nuestros cursos, podemos compartir tus datos personales (como tu nombre, datos de contacto y rendimiento en el curso) con expertos del curso e instituciones certificadoras con el fin de impartir el curso y emitir la certificaci\u00f3n. Estas entidades est\u00e1n obligadas a procesar tus datos de conformidad con las leyes de protecci\u00f3n de datos aplicables y \u00fanicamente para los fines especificados.  <\/li><\/ul><p>Exigimos a todos los terceros a los que transferimos tus datos que respeten la seguridad de tus datos personales y los traten de acuerdo con la ley. S\u00f3lo permitimos que dichos terceros procesen tus datos personales para fines espec\u00edficos y de acuerdo con nuestras instrucciones. <\/p><h2 class=\"wp-block-heading\"> <\/h2><h2><strong>TRANSFERENCIAS INTERNACIONALES<\/strong><\/h2><p>Los pa\u00edses que no pertenecen al Espacio Econ\u00f3mico Europeo (EEE) no siempre ofrecen los mismos niveles de protecci\u00f3n a tus datos personales, por lo que la legislaci\u00f3n europea ha prohibido las transferencias de datos personales fuera del EEE a menos que la transferencia cumpla determinados criterios.<\/p><p>Algunos de nuestros proveedores de servicios externos tienen su sede fuera del Espacio Econ\u00f3mico Europeo (EEE), por lo que su tratamiento de tus datos personales implicar\u00e1 una transferencia de datos fuera del EEE.<\/p><p>Siempre que transferimos tus datos personales fuera del EEE, hacemos todo lo posible para garantizar un grado similar de seguridad de los datos, asegur\u00e1ndonos de que se aplica al menos una de las siguientes salvaguardias:<\/p><ul><li>S\u00f3lo transferiremos tus datos personales a pa\u00edses que la Comisi\u00f3n Europea haya aprobado como proveedores de un nivel adecuado de protecci\u00f3n de los datos personales.<\/li><li>Cuando recurramos a determinados proveedores de servicios, podremos utilizar contratos espec\u00edficos o c\u00f3digos de conducta o mecanismos de certificaci\u00f3n aprobados por la Comisi\u00f3n Europea que otorguen a los datos personales la misma protecci\u00f3n que tienen en Europa.<\/li><li>  Si utilizamos proveedores con sede en EE.UU. que forman parte del Escudo de Privacidad UE-EE.UU., podemos transferirles datos, ya que disponen de garant\u00edas equivalentes.<\/li><\/ul><p>Si no se dispone de ninguna de las garant\u00edas anteriores, podemos solicitar tu consentimiento expl\u00edcito para la transferencia espec\u00edfica. Tendr\u00e1s derecho a retirar este consentimiento en cualquier momento.   <\/p><h2 class=\"wp-block-heading\"> <\/h2><h2><strong>SEGURIDAD DE LOS DATOS<\/strong><\/h2><p>Hemos establecido medidas de seguridad para evitar que tus datos personales se pierdan, utilicen, alteren, divulguen o accedan accidentalmente a ellos sin autorizaci\u00f3n. Tambi\u00e9n permitimos el acceso a tus datos personales s\u00f3lo a aquellos empleados y socios que tienen una necesidad comercial de conocer dichos datos. S\u00f3lo tratar\u00e1n tus datos personales siguiendo nuestras instrucciones y deber\u00e1n mantener su confidencialidad.  <\/p><p>Disponemos de procedimientos para hacer frente a cualquier sospecha de violaci\u00f3n de datos personales y te notificaremos a ti y a cualquier regulador aplicable una violaci\u00f3n si estamos legalmente obligados a ello.<\/p><p>Todos los archivos almacenados en l\u00ednea est\u00e1n encriptados y se guardan en servidores de almacenamiento seguros.<\/p><h2 class=\"wp-block-heading\"> <\/h2><h2><strong>CONSERVACI\u00d3N DE DATOS<\/strong><\/h2><p>S\u00f3lo conservaremos tus datos personales durante el tiempo necesario para cumplir los fines para los que los recopilamos, incluidos los fines de satisfacer cualquier requisito legal, contable o de elaboraci\u00f3n de informes.<\/p><p>A la hora de decidir cu\u00e1l es el plazo correcto para conservar los datos, tenemos en cuenta su cantidad, naturaleza y sensibilidad, el riesgo potencial de da\u00f1o por uso o revelaci\u00f3n no autorizados, los fines del tratamiento, si \u00e9stos pueden conseguirse por otros medios y los requisitos legales.<\/p><p>A efectos fiscales, la ley nos obliga a conservar la informaci\u00f3n b\u00e1sica sobre nuestros clientes (incluidos los Datos de Contacto, Identidad, Financieros y de Transacciones) durante seis a\u00f1os despu\u00e9s de que dejen de ser clientes.<\/p><p>En algunas circunstancias podemos anonimizar tus datos personales con fines de investigaci\u00f3n o estad\u00edsticos, en cuyo caso podemos utilizar esta informaci\u00f3n indefinidamente sin necesidad de avisarte.  <\/p><h2 class=\"wp-block-heading\"> <\/h2><h2><strong>TUS DERECHOS LEGALES<\/strong><\/h2><p>En virtud de las leyes de protecci\u00f3n de datos, tienes derechos en relaci\u00f3n con tus datos personales que incluyen el derecho a solicitar el acceso, la rectificaci\u00f3n, la supresi\u00f3n, la limitaci\u00f3n, la transferencia, a oponerte al tratamiento, a la portabilidad de los datos y (cuando el fundamento jur\u00eddico del tratamiento sea el consentimiento) a retirar el consentimiento.<\/p><p>Si deseas ejercer alguno de los derechos antes mencionados, env\u00edanos un correo electr\u00f3nico a support@sportacademy.com.<\/p><p>No tendr\u00e1s que pagar ninguna tasa para acceder a tus datos personales (ni para ejercer ninguno de los dem\u00e1s derechos). Sin embargo, podemos cobrar una tarifa razonable si tu solicitud es claramente infundada, repetitiva o excesiva, o negarnos a atender tu solicitud en estas circunstancias. <\/p><p>Es posible que necesitemos solicitarte informaci\u00f3n espec\u00edfica para ayudarnos a confirmar tu identidad y garantizar tu derecho a acceder a tus datos personales (o a ejercer cualquiera de tus otros derechos). Se trata de una medida de seguridad para garantizar que los datos personales no se revelen a ninguna persona que no tenga derecho a recibirlos. Tambi\u00e9n podemos ponernos en contacto contigo para pedirte m\u00e1s informaci\u00f3n en relaci\u00f3n con tu solicitud, con el fin de agilizar nuestra respuesta.  <\/p><p>Intentamos responder a todas las solicitudes leg\u00edtimas en el plazo de un mes. Ocasionalmente podemos tardar m\u00e1s de un mes si tu solicitud es especialmente compleja o has hecho varias solicitudes. En este caso, te lo notificaremos.  <\/p><h2 class=\"wp-block-heading\"> <\/h2><h2><strong>ENLACES DE TERCEROS<\/strong><\/h2><p>Este sitio web puede incluir enlaces a sitios web, complementos y aplicaciones de terceros. Hacer clic en esos enlaces o activar esas conexiones puede permitir a terceros recopilar o compartir datos sobre ti. No controlamos estos sitios web de terceros y no somos responsables de sus declaraciones de privacidad. Cuando salgas de nuestro sitio web, te recomendamos que leas el aviso de privacidad de cada sitio web que visites.     <\/p><h2 class=\"wp-block-heading\"> <\/h2><h2><strong>COOKIES<\/strong><\/h2><p>Puedes configurar tu navegador para que rechace todas las cookies o algunas de ellas, o para que te avise cuando los sitios web establezcan cookies o accedan a ellas. Si desactivas o rechazas las cookies, ten en cuenta que algunas partes de este sitio web pueden resultar inaccesibles o no funcionar correctamente. Para m\u00e1s informaci\u00f3n sobre las cookies que utilizamos, consulta nuestra pol\u00edtica de cookies.  <\/p><p><strong>Datos de contacto<\/strong><\/p><p>Nuestros datos completos son:<\/p><p>Nombre completo de la entidad jur\u00eddica: <strong>Sport Academy Education &amp; Training S.L<\/strong> <br>Direcci\u00f3n de correo electr\u00f3nico: <strong>support@sportacademy.com<\/strong><br>Direcci\u00f3n postal:  <strong>Edificio IMPULSA. C, Los Prados, 166, 33203 Gij\u00f3n, Asturias, ESPA\u00d1A <\/strong><\/p>\t\t\t\t\t\t\t\t<\/div>\n\t\t\t\t<\/div>\n\t\t\t\t\t<\/div>\n\t\t\t\t<\/div>\n\t\t\t\t<\/div>\n\t\t","protected":false},"excerpt":{"rendered":"<p>\u00daltima revisi\u00f3n: 08 de mayo de 2025 El objetivo de este Aviso de Privacidad es describir c\u00f3mo Sport Academy Education &amp; Training S.L., nuestras filiales y nuestras sucursales, (\u201cSIH\u201d, \u201cSport Academy\u201d \u201cnos\u201d, \u201cnosotros\u201d o \u201cnuestro\u201d) recopila, utiliza y comparte informaci\u00f3n sobre ti a trav\u00e9s de nuestras interfaces en l\u00ednea de nuestra propiedad y bajo nuestro&#8230;<\/p>\n","protected":false},"author":11,"featured_media":0,"parent":0,"menu_order":0,"comment_status":"closed","ping_status":"open","template":"","meta":{"productId":0,"courseId":0,"footnotes":""},"class_list":["post-34632","page","type-page","status-publish","hentry"],"_links":{"self":[{"href":"https:\/\/sportacademy.com\/es\/wp-json\/wp\/v2\/pages\/34632","targetHints":{"allow":["GET"]}}],"collection":[{"href":"https:\/\/sportacademy.com\/es\/wp-json\/wp\/v2\/pages"}],"about":[{"href":"https:\/\/sportacademy.com\/es\/wp-json\/wp\/v2\/types\/page"}],"author":[{"embeddable":true,"href":"https:\/\/sportacademy.com\/es\/wp-json\/wp\/v2\/users\/11"}],"replies":[{"embeddable":true,"href":"https:\/\/sportacademy.com\/es\/wp-json\/wp\/v2\/comments?post=34632"}],"version-history":[{"count":6,"href":"https:\/\/sportacademy.com\/es\/wp-json\/wp\/v2\/pages\/34632\/revisions"}],"predecessor-version":[{"id":37884,"href":"https:\/\/sportacademy.com\/es\/wp-json\/wp\/v2\/pages\/34632\/revisions\/37884"}],"wp:attachment":[{"href":"https:\/\/sportacademy.com\/es\/wp-json\/wp\/v2\/media?parent=34632"}],"curies":[{"name":"wp","href":"https:\/\/api.w.org\/{rel}","templated":true}]}}