{"id":34631,"date":"2024-09-23T12:57:21","date_gmt":"2024-09-23T10:57:21","guid":{"rendered":"https:\/\/sportacademy.com\/aviso-legal\/"},"modified":"2025-04-07T16:57:26","modified_gmt":"2025-04-07T14:57:26","slug":"aviso-legal","status":"publish","type":"page","link":"https:\/\/sportacademy.com\/es\/aviso-legal\/","title":{"rendered":"Aviso legal"},"content":{"rendered":"\t\t<div data-elementor-type=\"wp-page\" data-elementor-id=\"34631\" class=\"elementor elementor-34631 elementor-29305\" data-elementor-post-type=\"page\">\n\t\t\t\t<div class=\"elementor-element elementor-element-898ee41 e-flex e-con-boxed e-con e-parent\" data-id=\"898ee41\" data-element_type=\"container\" data-e-type=\"container\" data-settings=\"{&quot;jet_parallax_layout_list&quot;:[]}\">\n\t\t\t\t\t<div class=\"e-con-inner\">\n\t\t\t\t<div class=\"elementor-element elementor-element-81e1028 elementor-widget elementor-widget-heading\" data-id=\"81e1028\" data-element_type=\"widget\" data-e-type=\"widget\" data-widget_type=\"heading.default\">\n\t\t\t\t<div class=\"elementor-widget-container\">\n\t\t\t\t\t<h1 class=\"elementor-heading-title elementor-size-default\">Aviso legal<\/h1>\t\t\t\t<\/div>\n\t\t\t\t<\/div>\n\t\t\t\t<div class=\"elementor-element elementor-element-63793e8 elementor-widget__width-initial elementor-widget elementor-widget-text-editor\" data-id=\"63793e8\" data-element_type=\"widget\" data-e-type=\"widget\" data-widget_type=\"text-editor.default\">\n\t\t\t\t<div class=\"elementor-widget-container\">\n\t\t\t\t\t\t\t\t\t<p><span style=\"font-weight: 400;\">\u00daltima modificaci\u00f3n: 7 de abril de 2025<\/span><\/p><h2><strong> INFORMACI\u00d3N GENERAL<\/strong><\/h2><p><span style=\"font-weight: 400;\">En cumplimiento con el deber de informaci\u00f3n recogido en la Ley 34\/2002, de 11 de julio, de Servicios de la Sociedad de la Informaci\u00f3n y del Comercio Electr\u00f3nico (LSSI-CE), a continuaci\u00f3n se indican los datos de informaci\u00f3n general de este sitio web:<\/span><\/p><p><span style=\"font-weight: 400;\">El titular de este sitio web, www.sportacademy.com (en adelante, el Sitio Web), es Sport Academy Education &amp; Training SL., con NIF: B75244699 e inscrita en el Registro Mercantil de Asturias. Los datos de contacto son los siguientes:<\/span><\/p><p><span style=\"font-weight: 400;\">Direcci\u00f3n: <\/span><\/p><p><span style=\"font-weight: 400;\">Nombre completo de la entidad jur\u00eddica: Sport Academy Education &amp; Training SL.<\/span><span style=\"font-weight: 400;\"><br \/><\/span><span style=\"font-weight: 400;\">Direcci\u00f3n de correo electr\u00f3nico: campus@sportacademy.com<\/span><span style=\"font-weight: 400;\"><br \/><\/span><span style=\"font-weight: 400;\">Direcci\u00f3n postal: Edificio IMPULSA.<br \/>C, Los Prados, 166, 33203 Gij\u00f3n, Asturias, ESPA\u00d1A <\/span><\/p><h2>CONDICIONES GENERALES DE USO<\/h2><p><span style=\"font-weight: 400;\">Finalidad de los t\u00e9rminos: El Sitio Web<\/span><\/p><p><span style=\"font-weight: 400;\">Las presentes Condiciones Generales de Uso (en adelante, Condiciones) tienen por objeto regular el acceso y uso del Sitio Web.<br \/>A los efectos de las presentes Condiciones, se entender\u00e1 que el Sitio Web incluye: la apariencia externa de las interfaces de pantalla, tanto de forma est\u00e1tica como din\u00e1mica (es decir, el \u00e1rbol de navegaci\u00f3n), y todos los elementos integrados tanto en las interfaces de pantalla como en el \u00e1rbol de navegaci\u00f3n (en adelante, Contenidos), as\u00ed como todos los servicios o recursos en l\u00ednea que puedan ofrecerse a los usuarios (en adelante, Servicios). <\/span><\/p><p><span style=\"font-weight: 400;\">Sport Academy se reserva la facultad de modificar, en cualquier momento, y sin aviso previo, la presentaci\u00f3n y configuraci\u00f3n del Sitio Web, as\u00ed como los Contenidos y Servicios que en \u00e9l se incorporan.<br \/>El Usuario reconoce y acepta que Sport Academy podr\u00e1 interrumpir, desactivar y\/o cancelar, en cualquier momento, cualquiera de los elementos que integran el Sitio Web o el acceso a los mismos. <\/span><\/p><p><span style=\"font-weight: 400;\">El acceso al Sitio Web es, con car\u00e1cter general, gratuito para el Usuario, sin que sea necesario realizar pago alguno para disfrutar del mismo, salvo el coste de la conexi\u00f3n a Internet proporcionada por el proveedor de acceso contratado por el Usuario.<\/span><\/p><p><span style=\"font-weight: 400;\">La utilizaci\u00f3n de algunos de los Contenidos o Servicios del Sitio Web puede requerir la previa suscripci\u00f3n o registro del Usuario.<\/span><\/p><h3><strong>El Usuario<\/strong><\/h3><p><span style=\"font-weight: 400;\">El acceso, navegaci\u00f3n y uso del Sitio Web, as\u00ed como los espacios de interacci\u00f3n entre Usuarios y entre el Usuario y Sport Academy (tales como comentarios y\/o espacios de blogging), confieren la condici\u00f3n de Usuario.<br \/>Por el mero hecho de navegar por el Sitio Web, el Usuario acepta todas las Condiciones aqu\u00ed establecidas, as\u00ed como sus modificaciones posteriores, sin perjuicio de la normativa legal de obligado cumplimiento que pudiera resultar de aplicaci\u00f3n.<br \/>Dada la importancia de lo anterior, se recomienda que el Usuario lea las Condiciones cada vez que visite el Sitio Web. <\/span><\/p><p><span style=\"font-weight: 400;\">El Sitio Web de Sport Academy proporciona una amplia gama de informaci\u00f3n, servicios y datos.<br \/>El Usuario asume la responsabilidad de hacer un uso adecuado del Sitio Web.<br \/>Esta responsabilidad incluye: <\/span><\/p><p><span style=\"font-weight: 400;\">&#8211; Utilizar la informaci\u00f3n, Contenidos y\/o Servicios y datos ofrecidos por Sport Academy de conformidad con las presentes Condiciones, la ley, la moral y el orden p\u00fablico, y de forma que no perjudique los derechos de terceros ni el buen funcionamiento del Sitio Web.<\/span><\/p><p><span style=\"font-weight: 400;\">&#8211; Velar por la veracidad y licitud de las informaciones aportadas por el Usuario en los formularios extendidos por Sport Academy para el acceso a ciertos Contenidos o Servicios ofrecidos por el Sitio Web.<br \/>En todo caso, el Usuario deber\u00e1 notificar de forma inmediata a Sport Academy acerca de cualquier hecho que permita el uso indebido de la informaci\u00f3n registrada, tales como el robo, extrav\u00edo, o el acceso no autorizado a identificadores y\/o contrase\u00f1as, con el fin de proceder a su inmediata cancelaci\u00f3n. <\/span><\/p><p><span style=\"font-weight: 400;\">Sport Academy se reserva el derecho de retirar todos aquellos comentarios y aportaciones que vulneren la ley, el respeto a la dignidad de la persona, que sean discriminatorios, xen\u00f3fobos, racistas, pornogr\u00e1ficos, spam, que atenten contra la juventud o la infancia, el orden o la seguridad p\u00fablica o que, a su juicio, no resultaran adecuados para su publicaci\u00f3n.<\/span><\/p><p><span style=\"font-weight: 400;\">En cualquier caso, Sport Academy no ser\u00e1 responsable de las opiniones vertidas por los Usuarios a trav\u00e9s de comentarios u otras herramientas de blogging o de participaci\u00f3n que puedan existir.<\/span><\/p><p><span style=\"font-weight: 400;\">El mero acceso a este Sitio Web no supone entablar ning\u00fan tipo de relaci\u00f3n de car\u00e1cter comercial entre Sport Academy y el Usuario.<\/span><\/p><p><span style=\"font-weight: 400;\">En cumplimiento de la legislaci\u00f3n aplicable, este Sitio Web de Sport Academy est\u00e1 dirigido a todas las personas, independientemente de su edad, que puedan acceder y\/o navegar por el Sitio Web.<\/span><\/p><h2><strong>ACCESO Y NAVEGACI\u00d3N EN EL SITIO WEB: EXENCI\u00d3N DE GARANT\u00cdAS Y RESPONSABILIDAD<\/strong><\/h2><p><span style=\"font-weight: 400;\">Sport Academy no garantiza la continuidad, disponibilidad o utilidad del Sitio Web, sus Contenidos o Servicios.<br \/>Aunque Sport Academy se esforzar\u00e1 por asegurar el correcto funcionamiento del Sitio Web, no asume ninguna responsabilidad ni garantiza que el acceso al Sitio Web sea ininterrumpido o que est\u00e9 libre de error. <\/span><\/p><p><span style=\"font-weight: 400;\">Asimismo, no garantiza que el contenido o software accesible a trav\u00e9s del Sitio Web est\u00e9 libre de error o cause un da\u00f1o al sistema inform\u00e1tico del Usuario (tanto software como hardware).<br \/>En ning\u00fan caso Sport Academy ser\u00e1 responsable por las p\u00e9rdidas, da\u00f1os o perjuicios de cualquier tipo que surjan por el acceso, navegaci\u00f3n y el uso del Sitio Web, incluy\u00e9ndose pero no limit\u00e1ndose, a los ocasionados a los sistemas inform\u00e1ticos o los provocados por la introducci\u00f3n de virus. <\/span><\/p><p><span style=\"font-weight: 400;\">Sport Academy tampoco se hace responsable de los da\u00f1os causados a los usuarios por un uso inadecuado del Sitio Web, especialmente en casos de cortes, interrupciones o defectos de las telecomunicaciones.<\/span><\/p><h2><strong> POL\u00cdTICA DE PRIVACIDAD Y PROTECCI\u00d3N DE DATOS<\/strong><\/h2><p><span style=\"font-weight: 400;\">Sport Academy se compromete a aplicar las medidas t\u00e9cnicas y organizativas necesarias para garantizar un nivel de seguridad adecuado en funci\u00f3n del riesgo que entra\u00f1en los datos recogidos.<\/span><\/p><p><span style=\"font-weight: 400;\">Leyes incorporadas a esta Pol\u00edtica de Privacidad<\/span><\/p><p><span style=\"font-weight: 400;\">Esta pol\u00edtica de privacidad cumple con la legislaci\u00f3n vigente espa\u00f1ola y europea en materia de protecci\u00f3n de datos personales en Internet.<br \/>En concreto, sigue la siguiente normativa: <\/span><\/p><p><span style=\"font-weight: 400;\">&#8211; Reglamento (UE) 2016\/679 del Parlamento Europeo y del Consejo, de 27 de abril de 2016, relativo a la protecci\u00f3n de las personas f\u00edsicas en lo que respecta al tratamiento de datos personales y a la libre circulaci\u00f3n de estos datos (RGPD).<\/span><\/p><p><span style=\"font-weight: 400;\">&#8211; Ley Org\u00e1nica 3\/2018, de 5 de diciembre, de Protecci\u00f3n de Datos Personales y Garant\u00eda de los Derechos Digitales (LOPD-GDD).<\/span><\/p><p><span style=\"font-weight: 400;\">&#8211; Real Decreto 1720\/2007, de 21 de diciembre, por el que se aprueba el Reglamento de desarrollo de la Ley Org\u00e1nica 15\/1999, de 13 de diciembre, de Protecci\u00f3n de Datos de Car\u00e1cter Personal (RDLOPD).<\/span><\/p><p><span style=\"font-weight: 400;\">&#8211; Ley 34\/2002, de 11 de julio, de Servicios de la Sociedad de la Informaci\u00f3n y Comercio Electr\u00f3nico (LSSI-CE).<\/span><\/p><p><span style=\"font-weight: 400;\">Identidad del responsable del tratamiento<\/span><\/p><p><span style=\"font-weight: 400;\">El responsable del tratamiento de los datos personales recogidos en Sport Academy es Sport Academy Education &amp; Training SL, con NIF: B75244699, inscrita en el Registro Mercantil de Asturias en C. Los Prados 166 Gij\u00f3n, Espa\u00f1a. <\/span><\/p><p><span style=\"font-weight: 400;\">Registro de datos personales<\/span><\/p><p><span style=\"font-weight: 400;\">En cumplimiento de lo establecido en el GDPR y en la LOPD-GDD, le informamos que los datos personales recabados a trav\u00e9s de los formularios del Sitio Web ser\u00e1n incorporados y tratados en nuestros ficheros con la finalidad de poder facilitar, agilizar y cumplir los compromisos establecidos entre Sport Academy y el Usuario, o el mantenimiento de la relaci\u00f3n que se establezca a trav\u00e9s de los formularios que cumplimente o para dar respuesta a sus peticiones o consultas.<br \/>Se mantendr\u00e1 un registro de las actividades de tratamiento en el que se especificar\u00e1n, en funci\u00f3n de sus finalidades, las actividades de tratamiento llevadas a cabo conforme a los requisitos del GDPR. <\/span><\/p><p><strong>Principios aplicables al tratamiento de datos personales<\/strong><\/p><p><span style=\"font-weight: 400;\">El tratamiento de los datos personales del Usuario se ajustar\u00e1 a los siguientes principios:<\/span><\/p><p><span style=\"font-weight: 400;\">&#8211; Legalidad, imparcialidad y transparencia: Se requerir\u00e1 el consentimiento del usuario con total transparencia respecto a los fines para los que se recogen los datos personales.<\/span><\/p><p><span style=\"font-weight: 400;\">&#8211; Limitaci\u00f3n de la finalidad: Los datos personales se recoger\u00e1n con fines espec\u00edficos, expl\u00edcitos y leg\u00edtimos.<\/span><\/p><p><span style=\"font-weight: 400;\">&#8211; Minimizaci\u00f3n de datos: S\u00f3lo se recoger\u00e1n los datos necesarios para los fines perseguidos.<\/span><\/p><p><span style=\"font-weight: 400;\">&#8211; Exactitud: Los datos personales ser\u00e1n exactos y estar\u00e1n actualizados.<\/span><\/p><p><span style=\"font-weight: 400;\">&#8211; Limitaci\u00f3n de almacenamiento: Los datos s\u00f3lo se almacenar\u00e1n durante el tiempo necesario para su procesamiento.<\/span><\/p><p><span style=\"font-weight: 400;\">&#8211; Integridad y confidencialidad: Los datos se tratar\u00e1n de forma segura y confidencial.<\/span><\/p><p><span style=\"font-weight: 400;\">&#8211; Responsabilidad: El Responsable del Tratamiento es responsable de garantizar el cumplimiento de estos principios.<\/span><\/p><p><strong>Categor\u00edas de datos personales<\/strong><\/p><p><span style=\"font-weight: 400;\">Sport Academy s\u00f3lo procesa datos de identificaci\u00f3n.<br \/>No se procesan categor\u00edas especiales de datos personales. <\/span><\/p><p><strong>Base legal para el tratamiento de datos personales<\/strong><\/p><p><span style=\"font-weight: 400;\">La base legal para el tratamiento de los datos personales es el consentimiento del Usuario.<br \/>Sport Academy se compromete a obtener el consentimiento expreso y verificable del Usuario para el tratamiento de sus datos personales para uno o varios fines espec\u00edficos.<br \/>El Usuario tiene derecho a retirar su consentimiento en cualquier momento, y la retirada del consentimiento no afectar\u00e1 al uso del Sitio Web. <\/span><\/p><p><span style=\"font-weight: 400;\">Cuando facilite datos a trav\u00e9s de formularios de consultas o solicitudes, el Usuario ser\u00e1 informado si facilitar determinados datos es obligatorio, ya que pueden ser necesarios para la correcta tramitaci\u00f3n de su solicitud.<\/span><\/p><p><strong>Fines del tratamiento de datos personales<\/strong><\/p><p><span style=\"font-weight: 400;\">Los datos personales son recogidos y gestionados por Sport Academy para facilitar, agilizar y cumplir los compromisos establecidos entre el Sitio Web y el Usuario, o para el mantenimiento de la relaci\u00f3n que se establezca a trav\u00e9s de los formularios que el Usuario rellene o responda a solicitudes o consultas.<br \/>Los datos tambi\u00e9n podr\u00e1n ser utilizados para fines comerciales personalizados, fines operativos y estad\u00edsticos, y actividades alineadas con los objetivos de Sport Academy, incluyendo la extracci\u00f3n de datos, almacenamiento y estudios de marketing. <\/span><\/p><p><strong>Per\u00edodo de conservaci\u00f3n de los datos personales<\/strong><\/p><p><span style=\"font-weight: 400;\">Los datos personales s\u00f3lo se conservar\u00e1n durante el tiempo necesario para los fines del tratamiento y, en todo caso, durante un m\u00e1ximo de 5 a\u00f1os o hasta que el Usuario solicite su supresi\u00f3n.<\/span><\/p><p><strong>Datos personales de menores<\/strong><\/p><p><span style=\"font-weight: 400;\">S\u00f3lo las personas mayores de 14 a\u00f1os pueden consentir legalmente el tratamiento de sus datos por parte de Sport Academy.<br \/>Para los menores de 14 a\u00f1os, se requiere el consentimiento de los padres o tutores para el tratamiento l\u00edcito. <\/span><\/p><p><strong>Seguridad y confidencialidad de los datos<\/strong><\/p><p><span style=\"font-weight: 400;\">Sport Academy se compromete a adoptar las medidas t\u00e9cnicas y organizativas adecuadas para garantizar la seguridad de los datos recogidos.<br \/>El Sitio Web utiliza certificados SSL (Secure Socket Layer), que garantizan que los datos personales se transmiten de forma segura y confidencial.<br \/>No obstante, dado que en Internet no puede garantizarse una seguridad absoluta, Sport Academy notificar\u00e1 al Usuario cualquier violaci\u00f3n de los datos, tal y como exige el GDPR. <\/span><\/p><p><strong>Derechos de los usuarios**<\/strong><\/p><p><span style=\"font-weight: 400;\">&#8211; Derecho de Acceso: El Usuario tiene derecho a obtener confirmaci\u00f3n sobre si Sport Academy est\u00e1 tratando sus datos personales.<br \/>En caso afirmativo, puede solicitar informaci\u00f3n sobre los datos personales concretos que se est\u00e1n tratando, el tratamiento realizado, el origen de los datos y los destinatarios de los mismos. <\/span><\/p><p><span style=\"font-weight: 400;\">&#8211; Derecho de Rectificaci\u00f3n: El Usuario tiene derecho a modificar cualquier dato personal que sea inexacto o incompleto.<\/span><\/p><p><span style=\"font-weight: 400;\">&#8211; Derecho de supresi\u00f3n (&#8220;Derecho al olvido&#8221;): El Usuario tiene derecho a solicitar la supresi\u00f3n de sus datos personales cuando ya no sean necesarios para los fines para los que fueron recogidos, cuando se retire el consentimiento, cuando no exista motivo leg\u00edtimo para continuar con el tratamiento, cuando los datos hayan sido tratados il\u00edcitamente o cuando deban suprimirse para cumplir una obligaci\u00f3n legal.<br \/>El responsable del tratamiento debe tomar medidas razonables para informar a otras personas que traten los datos sobre la solicitud de supresi\u00f3n del Usuario. <\/span><\/p><p><span style=\"font-weight: 400;\">&#8211; Derecho a la limitaci\u00f3n del tratamiento: El Usuario tiene derecho a limitar el tratamiento de sus datos personales en determinadas condiciones, como impugnar la exactitud de los datos o cuando el tratamiento sea il\u00edcito.<\/span><\/p><p><span style=\"font-weight: 400;\">&#8211; Derecho a la portabilidad de los datos: Si el tratamiento es automatizado, el Usuario tiene derecho a recibir sus datos personales en un formato estructurado, de uso com\u00fan y lectura mec\u00e1nica, y a transmitirlos a otro responsable del tratamiento, siempre que sea t\u00e9cnicamente posible.<\/span><\/p><p><span style=\"font-weight: 400;\">&#8211; Derecho de oposici\u00f3n: El Usuario tiene derecho a oponerse al tratamiento de sus datos personales por parte de Sport Academy.<\/span><\/p><p><span style=\"font-weight: 400;\">&#8211; Derecho a no ser objeto de decisiones automatizadas: El Usuario tiene derecho a no ser objeto de decisiones basadas \u00fanicamente en el tratamiento automatizado de sus datos personales, incluida la elaboraci\u00f3n de perfiles, a menos que as\u00ed lo exija la ley.<\/span><\/p><p><span style=\"font-weight: 400;\">Los usuarios pueden ejercer sus derechos enviando una solicitud por escrito al responsable del tratamiento con la referencia &#8220;GDPR-www.sportacademy.com&#8221;, especificando:<\/span><\/p><p><span style=\"font-weight: 400;\">&#8211; Nombre, apellidos y copia de su DNI.<br \/>Si est\u00e1 representado, tambi\u00e9n se requiere la identificaci\u00f3n del representante y la prueba de su representaci\u00f3n.<br \/>La copia del DNI puede sustituirse por cualquier medio v\u00e1lido de verificaci\u00f3n de la identidad. <\/span><\/p><p><span style=\"font-weight: 400;\">&#8211; Una solicitud en la que se detalle la naturaleza espec\u00edfica de la petici\u00f3n o de la informaci\u00f3n solicitada.<\/span><\/p><p><span style=\"font-weight: 400;\">&#8211; Una direcci\u00f3n a efectos de notificaci\u00f3n.<\/span><\/p><p><span style=\"font-weight: 400;\">&#8211; Fecha y firma del solicitante.<\/span><\/p><p><span style=\"font-weight: 400;\">&#8211; Cualquier documento que apoye la solicitud.<\/span><\/p><p><span style=\"font-weight: 400;\">Esta solicitud y cualquier documento adjunto pueden enviarse a la siguiente direcci\u00f3n y\/o correo electr\u00f3nico:<\/span><\/p><p>Direcci\u00f3n postal:<\/p><p><span style=\"font-weight: 400;\">Edificio Impulsa.<br \/>C\/ Los Prados 166 <\/span><\/p><p><span style=\"font-weight: 400;\">33203 Gij\u00f3n, Espa\u00f1a <\/span><\/p><p><span style=\"font-weight: 400;\">Correo electr\u00f3nico: campus@sportacademy.com<\/span><\/p><p><strong>Enlaces a sitios web de terceros<\/strong><\/p><p><span style=\"font-weight: 400;\">El Sitio Web puede incluir hiperv\u00ednculos a sitios web de terceros no gestionados por Sport Academy.<br \/>Esos sitios web tienen sus propias pol\u00edticas de protecci\u00f3n de datos, y sus propietarios son responsables de sus propios archivos y pr\u00e1cticas de privacidad. <\/span><\/p><p><strong>Reclamaciones a la Autoridad de Supervisi\u00f3n<\/strong><\/p><p><span style=\"font-weight: 400;\">Si el Usuario considera que existe un problema o violaci\u00f3n en relaci\u00f3n con el tratamiento de sus datos personales, tiene derecho a la tutela judicial y a presentar una reclamaci\u00f3n ante una autoridad de control, especialmente en su lugar de residencia habitual o de trabajo.<br \/>En Espa\u00f1a, la autoridad de control es la Agencia Espa\u00f1ola de Protecci\u00f3n de Datos (http:\/\/www.agpd.es). <\/span><\/p><p><strong>Aceptaci\u00f3n y cambios de este Aviso Legal<\/strong><\/p><p><span style=\"font-weight: 400;\">Los usuarios deben leer y aceptar las condiciones relativas a la protecci\u00f3n de datos personales contenidas en esta Pol\u00edtica de Privacidad, as\u00ed como consentir el tratamiento de sus datos personales.<br \/>El uso del Sitio Web implica la aceptaci\u00f3n de la Pol\u00edtica de Privacidad. <\/span><\/p><p><span style=\"font-weight: 400;\">Sport Academy se reserva el derecho a modificar su Pol\u00edtica de Privacidad cuando lo considere necesario o debido a cambios en la legislaci\u00f3n.<br \/>Los cambios se notificar\u00e1n expl\u00edcitamente a los Usuarios. <\/span><\/p><p><span style=\"font-weight: 400;\">Esta Pol\u00edtica de Privacidad fue actualizada el 23 de septiembre de 2024, para cumplir con el Reglamento (UE) 2016\/679 del Parlamento Europeo y del Consejo, de 27 de abril de 2016, relativo a la protecci\u00f3n de las personas f\u00edsicas en lo que respecta al tratamiento de datos personales y a la libre circulaci\u00f3n de estos datos (GDPR), y la Ley Org\u00e1nica 3\/2018, de 5 de diciembre, de Protecci\u00f3n de Datos Personales y garant\u00eda de los derechos digitales (LOPD).<\/span><\/p>\t\t\t\t\t\t\t\t<\/div>\n\t\t\t\t<\/div>\n\t\t\t\t\t<\/div>\n\t\t\t\t<\/div>\n\t\t\t\t<\/div>\n\t\t","protected":false},"excerpt":{"rendered":"<p>\u00daltima modificaci\u00f3n: 7 de abril de 2025 INFORMACI\u00d3N GENERAL En cumplimiento con el deber de informaci\u00f3n recogido en la Ley 34\/2002, de 11 de julio, de Servicios de la Sociedad de la Informaci\u00f3n y del Comercio Electr\u00f3nico (LSSI-CE), a continuaci\u00f3n se indican los datos de informaci\u00f3n general de este sitio web: El titular de este&#8230;<\/p>\n","protected":false},"author":11,"featured_media":0,"parent":0,"menu_order":0,"comment_status":"closed","ping_status":"closed","template":"","meta":{"productId":0,"courseId":0,"footnotes":""},"class_list":["post-34631","page","type-page","status-publish","hentry"],"_links":{"self":[{"href":"https:\/\/sportacademy.com\/es\/wp-json\/wp\/v2\/pages\/34631","targetHints":{"allow":["GET"]}}],"collection":[{"href":"https:\/\/sportacademy.com\/es\/wp-json\/wp\/v2\/pages"}],"about":[{"href":"https:\/\/sportacademy.com\/es\/wp-json\/wp\/v2\/types\/page"}],"author":[{"embeddable":true,"href":"https:\/\/sportacademy.com\/es\/wp-json\/wp\/v2\/users\/11"}],"replies":[{"embeddable":true,"href":"https:\/\/sportacademy.com\/es\/wp-json\/wp\/v2\/comments?post=34631"}],"version-history":[{"count":7,"href":"https:\/\/sportacademy.com\/es\/wp-json\/wp\/v2\/pages\/34631\/revisions"}],"predecessor-version":[{"id":36991,"href":"https:\/\/sportacademy.com\/es\/wp-json\/wp\/v2\/pages\/34631\/revisions\/36991"}],"wp:attachment":[{"href":"https:\/\/sportacademy.com\/es\/wp-json\/wp\/v2\/media?parent=34631"}],"curies":[{"name":"wp","href":"https:\/\/api.w.org\/{rel}","templated":true}]}}