{"id":34524,"date":"2024-09-23T12:58:12","date_gmt":"2024-09-23T10:58:12","guid":{"rendered":"https:\/\/sportacademy.com\/politica-de-cookies\/"},"modified":"2024-11-07T09:47:25","modified_gmt":"2024-11-07T08:47:25","slug":"politica-de-cookies","status":"publish","type":"page","link":"https:\/\/sportacademy.com\/es\/politica-de-cookies\/","title":{"rendered":"Pol\u00edtica de cookies"},"content":{"rendered":"\t\t<div data-elementor-type=\"wp-page\" data-elementor-id=\"34524\" class=\"elementor elementor-34524 elementor-29319\" data-elementor-post-type=\"page\">\n\t\t\t\t<div class=\"elementor-element elementor-element-c9706d5 e-flex e-con-boxed e-con e-parent\" data-id=\"c9706d5\" data-element_type=\"container\" data-e-type=\"container\" data-settings=\"{&quot;jet_parallax_layout_list&quot;:[]}\">\n\t\t\t\t\t<div class=\"e-con-inner\">\n\t\t\t\t<div class=\"elementor-element elementor-element-0d840a2 elementor-widget elementor-widget-heading\" data-id=\"0d840a2\" data-element_type=\"widget\" data-e-type=\"widget\" data-widget_type=\"heading.default\">\n\t\t\t\t<div class=\"elementor-widget-container\">\n\t\t\t\t\t<h1 class=\"elementor-heading-title elementor-size-default\">Pol\u00edtica de cookies<\/h1>\t\t\t\t<\/div>\n\t\t\t\t<\/div>\n\t\t\t\t<div class=\"elementor-element elementor-element-fa5ce87 elementor-widget__width-initial elementor-widget elementor-widget-text-editor\" data-id=\"fa5ce87\" data-element_type=\"widget\" data-e-type=\"widget\" data-widget_type=\"text-editor.default\">\n\t\t\t\t<div class=\"elementor-widget-container\">\n\t\t\t\t\t\t\t\t\t<\/p>\n<p><span style=\"font-weight: 400;\">El acceso a este Sitio Web puede implicar el uso de cookies.<br \/>\nLas cookies son peque\u00f1as cantidades de informaci\u00f3n almacenadas en el navegador del Usuario para recordar informaci\u00f3n espec\u00edfica que s\u00f3lo el servidor que la implement\u00f3 puede leer posteriormente.<br \/>\nLas cookies facilitan la navegaci\u00f3n y mejoran la experiencia del Usuario.  <\/span><\/p>\n<p><span style=\"font-weight: 400;\">La informaci\u00f3n recogida a trav\u00e9s de las cookies puede incluir la fecha y hora de las visitas, las p\u00e1ginas visitadas, el tiempo pasado en el Sitio Web y los sitios web visitados antes y despu\u00e9s.<br \/>\nSin embargo, ninguna cookie permite al servidor ponerse en contacto con el n\u00famero de tel\u00e9fono del Usuario o cualquier otro m\u00e9todo de contacto personal.<br \/>\nNinguna cookie puede extraer informaci\u00f3n del disco duro del Usuario ni robar informaci\u00f3n personal.  <\/span><\/p>\n<p><span style=\"font-weight: 400;\">Las cookies que identifican a una persona se consideran datos personales, y se les aplica la misma Pol\u00edtica de Privacidad.<br \/>\nEl uso de cookies requiere el consentimiento del Usuario, comunicado mediante una elecci\u00f3n afirmativa antes del tratamiento inicial, que puede ser revocada. <\/span><\/p>\n<h2><strong>Cookies de origen<\/strong><\/h2>\n<p><span style=\"font-weight: 400;\">Son cookies enviadas al ordenador del Usuario y gestionadas exclusivamente por Sport Academy para el correcto funcionamiento del Sitio Web.<br \/>\nLa informaci\u00f3n recogida se utiliza para mejorar la calidad del Sitio Web y su contenido, adapt\u00e1ndolo a las preferencias del Usuario. <\/span><\/p>\n<\/p>\n<h2><strong>Cookies de terceros<\/strong><\/h2>\n<p><span style=\"font-weight: 400;\">Son cookies utilizadas y gestionadas por entidades externas que prestan servicios a Sport Academy para mejorar el Sitio Web y la experiencia del Usuario.<br \/>\nLas cookies de terceros se utilizan principalmente para el acceso estad\u00edstico y el an\u00e1lisis de la navegaci\u00f3n. <\/span><\/p>\n<p><span style=\"font-weight: 400;\">La informaci\u00f3n obtenida incluye el n\u00famero de p\u00e1ginas visitadas, idioma, direcci\u00f3n IP, n\u00famero de Usuarios, frecuencia de visitas, duraci\u00f3n de la visita, tipo de navegador y dispositivo utilizado.<br \/>\nEsta informaci\u00f3n se recoge de forma an\u00f3nima y se utiliza para mejorar el Sitio Web sin identificar a Usuarios individuales. <\/span><\/p>\n<p><span style=\"font-weight: 400;\">M\u00e1s informaci\u00f3n sobre cookies, privacidad y descripciones de los tipos de cookies::<\/span><\/p>\n<h3><strong>Cookies de redes sociales<\/strong><\/h3>\n<p><span style=\"font-weight: 400;\">Sport Academy incorpora plugins de medios sociales que permiten el acceso desde el Sitio Web.<br \/>\nPor lo tanto, pueden almacenarse cookies de medios sociales en el navegador del Usuario.<br \/>\nEstas plataformas de medios sociales tienen sus propias pol\u00edticas de protecci\u00f3n de datos y de cookies, y los Usuarios deben consultarlas para obtener m\u00e1s informaci\u00f3n.  <\/span><\/p>\n<h3><strong>Deshabilitar, rechazar y eliminar cookies<\/strong><\/h3>\n<p><span style=\"font-weight: 400;\">Los Usuarios pueden desactivar, rechazar o eliminar las cookies -total o parcialmente- configurando su navegador.<br \/>\nLos procedimientos pueden diferir entre navegadores, por lo que los Usuarios deben seguir las instrucciones del navegador espec\u00edfico que utilicen.<br \/>\nSi rechazan las cookies, pueden seguir utilizando el Sitio Web, pero algunas funciones pueden estar limitadas.  <\/span><\/p>\n<h3><strong>Cambios en la Pol\u00edtica de Cookies<\/strong><\/h3>\n<p><span style=\"font-weight: 400;\">La Pol\u00edtica de Cookies puede cambiar o actualizarse, por lo que se aconseja a los Usuarios que la revisen cada vez que accedan al Sitio Web para mantenerse informados sobre c\u00f3mo y para qu\u00e9 se utilizan las cookies.<\/span><\/p>\n<h3><strong>Pol\u00edtica de enlaces<\/strong><\/h3>\n<p><span style=\"font-weight: 400;\">El Sitio Web de Sport Academy puede proporcionar enlaces (como v\u00ednculos, banners, botones), directorios y motores de b\u00fasqueda que permiten a los Usuarios acceder a sitios web de terceros.<br \/>\nEstos enlaces tienen por objeto facilitar el acceso de los Usuarios a la informaci\u00f3n disponible en Internet y no implican aprobaci\u00f3n ni invitaci\u00f3n a visitar dichos sitios. <\/span><\/p>\n<p><span style=\"font-weight: 400;\">Sport Academy no ofrece ni vende productos o servicios de los sitios enlazados y no garantiza la disponibilidad t\u00e9cnica, exactitud, veracidad, validez o legalidad de sitios externos accesibles mediante enlaces.<br \/>\nSport Academy no revisa ni controla el contenido de otros sitios web y no respalda ni se responsabiliza del contenido, comunicaciones, opiniones, productos o servicios de dichos sitios web enlazados. <\/span><\/p>\n<p><span style=\"font-weight: 400;\">Un Usuario o un tercero que cree un hiperenlace desde otro sitio web al Sitio Web de Sport Academy debe saber que:<\/span><\/p>\n<p><span style=\"font-weight: 400;\">&#8211; Queda prohibida la reproducci\u00f3n de cualquier contenido o servicio de este Sitio Web sin la autorizaci\u00f3n expl\u00edcita de Sport Academy.<\/span><\/p>\n<p><span style=\"font-weight: 400;\">&#8211; No se permiten representaciones falsas, inexactas o incorrectas sobre Sport Academy o sus contenidos\/servicios.<\/span><\/p>\n<p><span style=\"font-weight: 400;\">&#8211; El sitio que contenga el hiperenlace no podr\u00e1 contener ning\u00fan elemento protegido como propiedad intelectual por la legislaci\u00f3n espa\u00f1ola sin la autorizaci\u00f3n expresa de Sport Academy.<\/span><\/p>\n<p><span style=\"font-weight: 400;\">El establecimiento de un hiperv\u00ednculo no implica relaci\u00f3n alguna entre Sport Academy y el propietario del sitio desde el que se origina el enlace.<\/span><\/p>\n<\/p>\n<h2><strong>Propiedad Intelectual e Industrial<\/strong><\/h2>\n<p><span style=\"font-weight: 400;\">Sport Academy, como leg\u00edtimo titular, ostenta todos los derechos de propiedad intelectual e industrial del Sitio Web y de sus elementos (incluyendo im\u00e1genes, audio, v\u00eddeo, software, textos, marcas, logotipos, etc.).<br \/>\nEstas obras est\u00e1n protegidas como propiedad intelectual por la legislaci\u00f3n espa\u00f1ola y est\u00e1n sujetas a la normativa espa\u00f1ola y europea, as\u00ed como a los tratados internacionales. <\/span><\/p>\n<p><span style=\"font-weight: 400;\">Todos los derechos reservados.<br \/>\nEn virtud de lo dispuesto en la Ley de Propiedad Intelectual, queda prohibida la reproducci\u00f3n, distribuci\u00f3n o comunicaci\u00f3n p\u00fablica de cualquier contenido de esta p\u00e1gina web, con fines comerciales, sin la autorizaci\u00f3n de Sport Academy. <\/span><\/p>\n<p><span style=\"font-weight: 400;\">Si un Usuario o un tercero considera que alg\u00fan contenido del Sitio Web vulnera derechos de propiedad intelectual, deber\u00e1 notificarlo inmediatamente a Sport Academy a trav\u00e9s de los datos de contacto facilitados en el apartado INFORMACI\u00d3N GENERAL del presente Aviso Legal.<\/span><\/p>\n<\/p>\n<h2><strong>Acciones legales, legislaci\u00f3n aplicable y jurisdicci\u00f3n<\/strong><\/h2>\n<p><span style=\"font-weight: 400;\">Sport Academy se reserva el derecho a emprender acciones civiles o penales por la utilizaci\u00f3n indebida del Sitio Web y sus contenidos o por el incumplimiento de las presentes Condiciones.<\/span><\/p>\n<p><span style=\"font-weight: 400;\">La relaci\u00f3n entre el Usuario y Sport Academy se regir\u00e1 por la normativa vigente y de aplicaci\u00f3n en el territorio espa\u00f1ol.<br \/>\nEn caso de controversia sobre la interpretaci\u00f3n o aplicaci\u00f3n de las presentes Condiciones, ambas partes someter\u00e1n sus conflictos a los Juzgados y Tribunales ordinarios competentes. <\/span><\/p>\n\t\t\t\t\t\t\t\t<\/div>\n\t\t\t\t<\/div>\n\t\t\t\t\t<\/div>\n\t\t\t\t<\/div>\n\t\t\t\t<\/div>\n\t\t","protected":false},"excerpt":{"rendered":"<p>El acceso a este Sitio Web puede implicar el uso de cookies. Las cookies son peque\u00f1as cantidades de informaci\u00f3n almacenadas en el navegador del Usuario para recordar informaci\u00f3n espec\u00edfica que s\u00f3lo el servidor que la implement\u00f3 puede leer posteriormente. Las cookies facilitan la navegaci\u00f3n y mejoran la experiencia del Usuario. La informaci\u00f3n recogida a trav\u00e9s&#8230;<\/p>\n","protected":false},"author":11,"featured_media":0,"parent":0,"menu_order":0,"comment_status":"closed","ping_status":"closed","template":"","meta":{"productId":0,"courseId":0,"footnotes":""},"class_list":["post-34524","page","type-page","status-publish","hentry"],"_links":{"self":[{"href":"https:\/\/sportacademy.com\/es\/wp-json\/wp\/v2\/pages\/34524","targetHints":{"allow":["GET"]}}],"collection":[{"href":"https:\/\/sportacademy.com\/es\/wp-json\/wp\/v2\/pages"}],"about":[{"href":"https:\/\/sportacademy.com\/es\/wp-json\/wp\/v2\/types\/page"}],"author":[{"embeddable":true,"href":"https:\/\/sportacademy.com\/es\/wp-json\/wp\/v2\/users\/11"}],"replies":[{"embeddable":true,"href":"https:\/\/sportacademy.com\/es\/wp-json\/wp\/v2\/comments?post=34524"}],"version-history":[{"count":1,"href":"https:\/\/sportacademy.com\/es\/wp-json\/wp\/v2\/pages\/34524\/revisions"}],"predecessor-version":[{"id":34526,"href":"https:\/\/sportacademy.com\/es\/wp-json\/wp\/v2\/pages\/34524\/revisions\/34526"}],"wp:attachment":[{"href":"https:\/\/sportacademy.com\/es\/wp-json\/wp\/v2\/media?parent=34524"}],"curies":[{"name":"wp","href":"https:\/\/api.w.org\/{rel}","templated":true}]}}